{"id":1025,"date":"2024-09-06T13:16:36","date_gmt":"2024-09-06T13:16:36","guid":{"rendered":"https:\/\/www.wisbyhotelgroup.se\/?page_id=1025"},"modified":"2025-05-07T18:35:00","modified_gmt":"2025-05-07T18:35:00","slug":"longstay","status":"publish","type":"page","link":"https:\/\/www.wisbyhotelgroup.se\/en\/longstay\/","title":{"rendered":"Longstay"},"content":{"rendered":"<p class=\"wp-block-paragraph\">Are you in need of accommodation for a longer period? We offer attractive and furnished apartments within the walls for long-term stays during autumn, winter and spring. Perfect for students, companies, when you are between two properties, or during an ongoing renovation. <\/p>\n\n\n\n<p class=\"wp-block-paragraph\">Whatever your needs, we can help you find a simple and convenient solution. We offer accommodation in the form of studios for one person up to four-room apartments. All located in the heart of the inner city, close to everything the city has to offer. <\/p>\n\n\n\n<p class=\"wp-block-paragraph\">Choose between renting monthly or weekly. For weekly rentals, the minimum is 2 weeks. <br><strong>Heating, electricity and wifi are included in all rentals. <\/strong><\/p>\n\n\n\n<h4 class=\"wp-block-heading\">For more information and booking a viewing, email longstay@wisbyhotelgroup.se<\/h4>\n\n\n\n<h2 class=\"wp-block-heading\">Adelsgatan 11<\/h2>\n\n\n\n<h4 class=\"wp-block-heading\">Apartment 20<\/h4>\n\n\n\n<div class=\"wp-block-media-text is-stacked-on-mobile\"><figure class=\"wp-block-media-text__media\"><img loading=\"lazy\" decoding=\"async\" width=\"1030\" height=\"737\" src=\"https:\/\/www.wisbyhotelgroup.se\/wp-content\/uploads\/2025\/05\/Lagenhet-20-1030x737.png\" alt=\"\" class=\"wp-image-1942 size-full\" srcset=\"https:\/\/www.wisbyhotelgroup.se\/wp-content\/uploads\/2025\/05\/Lagenhet-20-1030x737.png 1030w, https:\/\/www.wisbyhotelgroup.se\/wp-content\/uploads\/2025\/05\/Lagenhet-20-300x215.png 300w, https:\/\/www.wisbyhotelgroup.se\/wp-content\/uploads\/2025\/05\/Lagenhet-20-768x550.png 768w, https:\/\/www.wisbyhotelgroup.se\/wp-content\/uploads\/2025\/05\/Lagenhet-20-1536x1099.png 1536w, https:\/\/www.wisbyhotelgroup.se\/wp-content\/uploads\/2025\/05\/Lagenhet-20-2048x1466.png 2048w, https:\/\/www.wisbyhotelgroup.se\/wp-content\/uploads\/2025\/05\/Lagenhet-20-18x12.png 18w\" sizes=\"auto, (max-width: 1030px) 100vw, 1030px\" \/><\/figure><div class=\"wp-block-media-text__content\">\n<ul class=\"wp-block-list\">\n<li>100 square meters divided into 4 rooms and kitchen and two balconies. <\/li>\n\n\n\n<li>Rent: 20,000 SEK\/month or 6,000 SEK\/week. <\/li>\n<\/ul>\n<\/div><\/div>\n\n\n\n<h2 class=\"wp-block-heading\">Adelsgatan 41<\/h2>\n\n\n\n<h4 class=\"wp-block-heading\">Apartment 101<\/h4>\n\n\n\n<div class=\"wp-block-media-text is-stacked-on-mobile\"><figure class=\"wp-block-media-text__media\"><img loading=\"lazy\" decoding=\"async\" width=\"1006\" height=\"1030\" src=\"https:\/\/www.wisbyhotelgroup.se\/wp-content\/uploads\/2025\/05\/Lagenhet-101-1006x1030.png\" alt=\"\" class=\"wp-image-1943 size-full\" srcset=\"https:\/\/www.wisbyhotelgroup.se\/wp-content\/uploads\/2025\/05\/Lagenhet-101-1006x1030.png 1006w, https:\/\/www.wisbyhotelgroup.se\/wp-content\/uploads\/2025\/05\/Lagenhet-101-293x300.png 293w, https:\/\/www.wisbyhotelgroup.se\/wp-content\/uploads\/2025\/05\/Lagenhet-101-768x787.png 768w, https:\/\/www.wisbyhotelgroup.se\/wp-content\/uploads\/2025\/05\/Lagenhet-101-1500x1536.png 1500w, https:\/\/www.wisbyhotelgroup.se\/wp-content\/uploads\/2025\/05\/Lagenhet-101-2000x2048.png 2000w, https:\/\/www.wisbyhotelgroup.se\/wp-content\/uploads\/2025\/05\/Lagenhet-101-12x12.png 12w\" sizes=\"auto, (max-width: 1006px) 100vw, 1006px\" \/><\/figure><div class=\"wp-block-media-text__content\">\n<ul class=\"wp-block-list\">\n<li>50 sqm divided into 2 rooms and kitchen. <\/li>\n\n\n\n<li>One double bed and one single bed. <\/li>\n\n\n\n<li>Rent: 12,500 SEK\/month or 3,500 SEK\/week.<\/li>\n<\/ul>\n<\/div><\/div>\n\n\n\n<h4 class=\"wp-block-heading\">Apartment 201<\/h4>\n\n\n\n<div class=\"wp-block-media-text is-stacked-on-mobile\"><figure class=\"wp-block-media-text__media\"><img loading=\"lazy\" decoding=\"async\" width=\"1023\" height=\"1030\" src=\"https:\/\/www.wisbyhotelgroup.se\/wp-content\/uploads\/2025\/05\/Lagenhet-201-1-1023x1030.png\" alt=\"\" class=\"wp-image-1946 size-full\" srcset=\"https:\/\/www.wisbyhotelgroup.se\/wp-content\/uploads\/2025\/05\/Lagenhet-201-1-1023x1030.png 1023w, https:\/\/www.wisbyhotelgroup.se\/wp-content\/uploads\/2025\/05\/Lagenhet-201-1-298x300.png 298w, https:\/\/www.wisbyhotelgroup.se\/wp-content\/uploads\/2025\/05\/Lagenhet-201-1-80x80.png 80w, https:\/\/www.wisbyhotelgroup.se\/wp-content\/uploads\/2025\/05\/Lagenhet-201-1-768x774.png 768w, https:\/\/www.wisbyhotelgroup.se\/wp-content\/uploads\/2025\/05\/Lagenhet-201-1-1525x1536.png 1525w, https:\/\/www.wisbyhotelgroup.se\/wp-content\/uploads\/2025\/05\/Lagenhet-201-1-2033x2048.png 2033w, https:\/\/www.wisbyhotelgroup.se\/wp-content\/uploads\/2025\/05\/Lagenhet-201-1-12x12.png 12w\" sizes=\"auto, (max-width: 1023px) 100vw, 1023px\" \/><\/figure><div class=\"wp-block-media-text__content\">\n<ul class=\"wp-block-list\">\n<li>120 sqm divided into 3 rooms and kitchen. <\/li>\n\n\n\n<li>One double bed and two single beds.<\/li>\n\n\n\n<li>Rent: 17,500 SEK\/month or<br>5,000 SEK\/week. <\/li>\n<\/ul>\n<\/div><\/div>\n\n\n\n<h4 class=\"wp-block-heading\">Apartment 301<\/h4>\n\n\n\n<div class=\"wp-block-media-text is-stacked-on-mobile\"><figure class=\"wp-block-media-text__media\"><img loading=\"lazy\" decoding=\"async\" width=\"1023\" height=\"1030\" src=\"https:\/\/www.wisbyhotelgroup.se\/wp-content\/uploads\/2025\/05\/Lagenhet-301-1023x1030.png\" alt=\"\" class=\"wp-image-1947 size-full\" srcset=\"https:\/\/www.wisbyhotelgroup.se\/wp-content\/uploads\/2025\/05\/Lagenhet-301-1023x1030.png 1023w, https:\/\/www.wisbyhotelgroup.se\/wp-content\/uploads\/2025\/05\/Lagenhet-301-298x300.png 298w, https:\/\/www.wisbyhotelgroup.se\/wp-content\/uploads\/2025\/05\/Lagenhet-301-80x80.png 80w, https:\/\/www.wisbyhotelgroup.se\/wp-content\/uploads\/2025\/05\/Lagenhet-301-768x774.png 768w, https:\/\/www.wisbyhotelgroup.se\/wp-content\/uploads\/2025\/05\/Lagenhet-301-1525x1536.png 1525w, https:\/\/www.wisbyhotelgroup.se\/wp-content\/uploads\/2025\/05\/Lagenhet-301-2033x2048.png 2033w, https:\/\/www.wisbyhotelgroup.se\/wp-content\/uploads\/2025\/05\/Lagenhet-301-12x12.png 12w\" sizes=\"auto, (max-width: 1023px) 100vw, 1023px\" \/><\/figure><div class=\"wp-block-media-text__content\">\n<ul class=\"wp-block-list\">\n<li>80 sqm Penthouse with 2 rooms and kitchen, 4 single beds.<\/li>\n\n\n\n<li>Rent: 14,000 SEK\/month or <br>4,000 SEK\/week. <\/li>\n<\/ul>\n<\/div><\/div>\n\n\n\n<h4 class=\"wp-block-heading\">Apartment 302<\/h4>\n\n\n\n<div class=\"wp-block-media-text is-stacked-on-mobile\"><figure class=\"wp-block-media-text__media\"><img loading=\"lazy\" decoding=\"async\" width=\"1019\" height=\"1030\" src=\"https:\/\/www.wisbyhotelgroup.se\/wp-content\/uploads\/2025\/05\/Lagenhet-302-1019x1030.png\" alt=\"\" class=\"wp-image-1948 size-full\" srcset=\"https:\/\/www.wisbyhotelgroup.se\/wp-content\/uploads\/2025\/05\/Lagenhet-302-1019x1030.png 1019w, https:\/\/www.wisbyhotelgroup.se\/wp-content\/uploads\/2025\/05\/Lagenhet-302-297x300.png 297w, https:\/\/www.wisbyhotelgroup.se\/wp-content\/uploads\/2025\/05\/Lagenhet-302-80x80.png 80w, https:\/\/www.wisbyhotelgroup.se\/wp-content\/uploads\/2025\/05\/Lagenhet-302-768x776.png 768w, https:\/\/www.wisbyhotelgroup.se\/wp-content\/uploads\/2025\/05\/Lagenhet-302-1520x1536.png 1520w, https:\/\/www.wisbyhotelgroup.se\/wp-content\/uploads\/2025\/05\/Lagenhet-302-2027x2048.png 2027w, https:\/\/www.wisbyhotelgroup.se\/wp-content\/uploads\/2025\/05\/Lagenhet-302-12x12.png 12w\" sizes=\"auto, (max-width: 1019px) 100vw, 1019px\" \/><\/figure><div class=\"wp-block-media-text__content\">\n<ul class=\"wp-block-list\">\n<li>40 sqm Penthouse studio with 1 double bed. <\/li>\n\n\n\n<li>Rent: 9,000 SEK\/month or <br>2,500 SEK\/week. <\/li>\n<\/ul>\n<\/div><\/div>\n\n\n\n<h4 class=\"wp-block-heading\">Apartment 401<\/h4>\n\n\n\n<div class=\"wp-block-media-text is-stacked-on-mobile\"><figure class=\"wp-block-media-text__media\"><img loading=\"lazy\" decoding=\"async\" width=\"1023\" height=\"1030\" src=\"https:\/\/www.wisbyhotelgroup.se\/wp-content\/uploads\/2025\/05\/Lagenhet-401-1023x1030.png\" alt=\"\" class=\"wp-image-1949 size-full\" srcset=\"https:\/\/www.wisbyhotelgroup.se\/wp-content\/uploads\/2025\/05\/Lagenhet-401-1023x1030.png 1023w, https:\/\/www.wisbyhotelgroup.se\/wp-content\/uploads\/2025\/05\/Lagenhet-401-298x300.png 298w, https:\/\/www.wisbyhotelgroup.se\/wp-content\/uploads\/2025\/05\/Lagenhet-401-80x80.png 80w, https:\/\/www.wisbyhotelgroup.se\/wp-content\/uploads\/2025\/05\/Lagenhet-401-768x773.png 768w, https:\/\/www.wisbyhotelgroup.se\/wp-content\/uploads\/2025\/05\/Lagenhet-401-1526x1536.png 1526w, https:\/\/www.wisbyhotelgroup.se\/wp-content\/uploads\/2025\/05\/Lagenhet-401-2034x2048.png 2034w, https:\/\/www.wisbyhotelgroup.se\/wp-content\/uploads\/2025\/05\/Lagenhet-401-12x12.png 12w\" sizes=\"auto, (max-width: 1023px) 100vw, 1023px\" \/><\/figure><div class=\"wp-block-media-text__content\">\n<ul class=\"wp-block-list\">\n<li>40 sqm studio.<\/li>\n\n\n\n<li>One double bed. <\/li>\n\n\n\n<li>Rent: 9,000 SEK\/month or <br>2,500 SEK\/week.<\/li>\n<\/ul>\n<\/div><\/div>\n\n\n\n<h4 class=\"wp-block-heading\">Apartment 402<\/h4>\n\n\n\n<div class=\"wp-block-media-text is-stacked-on-mobile\"><figure class=\"wp-block-media-text__media\"><img loading=\"lazy\" decoding=\"async\" width=\"1025\" height=\"1030\" src=\"https:\/\/www.wisbyhotelgroup.se\/wp-content\/uploads\/2025\/05\/Lagenhet-402-1025x1030.png\" alt=\"\" class=\"wp-image-1950 size-full\" srcset=\"https:\/\/www.wisbyhotelgroup.se\/wp-content\/uploads\/2025\/05\/Lagenhet-402-1025x1030.png 1025w, https:\/\/www.wisbyhotelgroup.se\/wp-content\/uploads\/2025\/05\/Lagenhet-402-300x300.png 300w, https:\/\/www.wisbyhotelgroup.se\/wp-content\/uploads\/2025\/05\/Lagenhet-402-80x80.png 80w, https:\/\/www.wisbyhotelgroup.se\/wp-content\/uploads\/2025\/05\/Lagenhet-402-768x771.png 768w, https:\/\/www.wisbyhotelgroup.se\/wp-content\/uploads\/2025\/05\/Lagenhet-402-1529x1536.png 1529w, https:\/\/www.wisbyhotelgroup.se\/wp-content\/uploads\/2025\/05\/Lagenhet-402-2039x2048.png 2039w, https:\/\/www.wisbyhotelgroup.se\/wp-content\/uploads\/2025\/05\/Lagenhet-402-12x12.png 12w\" sizes=\"auto, (max-width: 1025px) 100vw, 1025px\" \/><\/figure><div class=\"wp-block-media-text__content\">\n<ul class=\"wp-block-list\">\n<li>80 sqm divided into 3 rooms and kitchen.<\/li>\n\n\n\n<li>One double bed and one single bed.<\/li>\n\n\n\n<li>Rent: 15,000 SEK\/month or 4,500 SEK\/week. <\/li>\n<\/ul>\n<\/div><\/div>\n\n\n\n<h2 class=\"wp-block-heading\">H\u00e4stgatan 20-22<\/h2>\n\n\n\n<h4 class=\"wp-block-heading\">Apartment 8<\/h4>\n\n\n\n<div class=\"wp-block-media-text is-stacked-on-mobile\"><figure class=\"wp-block-media-text__media\"><img loading=\"lazy\" decoding=\"async\" width=\"1030\" height=\"331\" src=\"https:\/\/www.wisbyhotelgroup.se\/wp-content\/uploads\/2025\/05\/Lagenhet-8-1030x331.png\" alt=\"\" class=\"wp-image-1939 size-full\" srcset=\"https:\/\/www.wisbyhotelgroup.se\/wp-content\/uploads\/2025\/05\/Lagenhet-8-1030x331.png 1030w, https:\/\/www.wisbyhotelgroup.se\/wp-content\/uploads\/2025\/05\/Lagenhet-8-300x97.png 300w, https:\/\/www.wisbyhotelgroup.se\/wp-content\/uploads\/2025\/05\/Lagenhet-8-768x247.png 768w, https:\/\/www.wisbyhotelgroup.se\/wp-content\/uploads\/2025\/05\/Lagenhet-8-1536x494.png 1536w, https:\/\/www.wisbyhotelgroup.se\/wp-content\/uploads\/2025\/05\/Lagenhet-8-18x6.png 18w, https:\/\/www.wisbyhotelgroup.se\/wp-content\/uploads\/2025\/05\/Lagenhet-8.png 2039w\" sizes=\"auto, (max-width: 1030px) 100vw, 1030px\" \/><\/figure><div class=\"wp-block-media-text__content\">\n<ul class=\"wp-block-list\">\n<li>1 room and kitchen<\/li>\n\n\n\n<li>A 160 bed and a sofa bed.<\/li>\n\n\n\n<li>Rent: 8,500 SEK\/month or <br>2,500 SEK\/week.<\/li>\n<\/ul>\n<\/div><\/div>\n\n\n\n<h4 class=\"wp-block-heading\">Apartment 9<\/h4>\n\n\n\n<div class=\"wp-block-media-text is-stacked-on-mobile\"><figure class=\"wp-block-media-text__media\"><img loading=\"lazy\" decoding=\"async\" width=\"1030\" height=\"377\" src=\"https:\/\/www.wisbyhotelgroup.se\/wp-content\/uploads\/2025\/05\/Lagenhet-9-1030x377.png\" alt=\"\" class=\"wp-image-1940 size-full\" srcset=\"https:\/\/www.wisbyhotelgroup.se\/wp-content\/uploads\/2025\/05\/Lagenhet-9-1030x377.png 1030w, https:\/\/www.wisbyhotelgroup.se\/wp-content\/uploads\/2025\/05\/Lagenhet-9-300x110.png 300w, https:\/\/www.wisbyhotelgroup.se\/wp-content\/uploads\/2025\/05\/Lagenhet-9-768x281.png 768w, https:\/\/www.wisbyhotelgroup.se\/wp-content\/uploads\/2025\/05\/Lagenhet-9-1536x562.png 1536w, https:\/\/www.wisbyhotelgroup.se\/wp-content\/uploads\/2025\/05\/Lagenhet-9-2048x750.png 2048w, https:\/\/www.wisbyhotelgroup.se\/wp-content\/uploads\/2025\/05\/Lagenhet-9-18x7.png 18w\" sizes=\"auto, (max-width: 1030px) 100vw, 1030px\" \/><\/figure><div class=\"wp-block-media-text__content\">\n<ul class=\"wp-block-list\">\n<li>1 room and kitchen<\/li>\n\n\n\n<li> One 140 cm bed <\/li>\n\n\n\n<li>Rent: 6,000 SEK\/month or <br>2,000 SEK\/week.<\/li>\n<\/ul>\n<\/div><\/div>\n\n\n\n<h4 class=\"wp-block-heading\">Apartment 10<\/h4>\n\n\n\n<div class=\"wp-block-media-text is-stacked-on-mobile\"><figure class=\"wp-block-media-text__media\"><img loading=\"lazy\" decoding=\"async\" width=\"1030\" height=\"444\" src=\"https:\/\/www.wisbyhotelgroup.se\/wp-content\/uploads\/2025\/05\/Lagenhet-10-1030x444.png\" alt=\"\" class=\"wp-image-1941 size-full\" srcset=\"https:\/\/www.wisbyhotelgroup.se\/wp-content\/uploads\/2025\/05\/Lagenhet-10-1030x444.png 1030w, https:\/\/www.wisbyhotelgroup.se\/wp-content\/uploads\/2025\/05\/Lagenhet-10-300x129.png 300w, https:\/\/www.wisbyhotelgroup.se\/wp-content\/uploads\/2025\/05\/Lagenhet-10-768x331.png 768w, https:\/\/www.wisbyhotelgroup.se\/wp-content\/uploads\/2025\/05\/Lagenhet-10-1536x663.png 1536w, https:\/\/www.wisbyhotelgroup.se\/wp-content\/uploads\/2025\/05\/Lagenhet-10-18x8.png 18w, https:\/\/www.wisbyhotelgroup.se\/wp-content\/uploads\/2025\/05\/Lagenhet-10.png 1928w\" sizes=\"auto, (max-width: 1030px) 100vw, 1030px\" \/><\/figure><div class=\"wp-block-media-text__content\">\n<ul class=\"wp-block-list\">\n<li>2 room and one kitchen<\/li>\n\n\n\n<li>One double bed and a sofa bed. <\/li>\n\n\n\n<li>Rent: 10,000 SEK\/month or <br>3,000 SEK\/week.<\/li>\n<\/ul>\n<\/div><\/div>\n\n\n\n<h2 class=\"wp-block-heading\">Mellangatan 29<\/h2>\n\n\n\n<h4 class=\"wp-block-heading\">Apartment 165<\/h4>\n\n\n\n<div class=\"wp-block-media-text is-stacked-on-mobile\"><figure class=\"wp-block-media-text__media\"><img loading=\"lazy\" decoding=\"async\" width=\"1030\" height=\"896\" src=\"https:\/\/www.wisbyhotelgroup.se\/wp-content\/uploads\/2025\/05\/Lagenhet-165-1030x896.png\" alt=\"\" class=\"wp-image-1944 size-full\" srcset=\"https:\/\/www.wisbyhotelgroup.se\/wp-content\/uploads\/2025\/05\/Lagenhet-165-1030x896.png 1030w, https:\/\/www.wisbyhotelgroup.se\/wp-content\/uploads\/2025\/05\/Lagenhet-165-300x261.png 300w, https:\/\/www.wisbyhotelgroup.se\/wp-content\/uploads\/2025\/05\/Lagenhet-165-768x668.png 768w, https:\/\/www.wisbyhotelgroup.se\/wp-content\/uploads\/2025\/05\/Lagenhet-165-1536x1336.png 1536w, https:\/\/www.wisbyhotelgroup.se\/wp-content\/uploads\/2025\/05\/Lagenhet-165-2048x1781.png 2048w, https:\/\/www.wisbyhotelgroup.se\/wp-content\/uploads\/2025\/05\/Lagenhet-165-14x12.png 14w\" sizes=\"auto, (max-width: 1030px) 100vw, 1030px\" \/><\/figure><div class=\"wp-block-media-text__content\">\n<ul class=\"wp-block-list\">\n<li>75 sqm divided into 3 rooms and kitchen.<\/li>\n\n\n\n<li>One divisible double bed and one single bed. <\/li>\n\n\n\n<li>Rent: SEK 15,000\/month or SEK 3,750\/week. <\/li>\n<\/ul>\n<\/div><\/div>","protected":false},"excerpt":{"rendered":"<p>\u00c4r du i behov av boende under en l\u00e4ngre period? Vi erbjuder attraktiva och m\u00f6blerade l\u00e4genheter innanf\u00f6r murarna f\u00f6r l\u00e5ngtidsvistelser under h\u00f6st, vinter och v\u00e5r. Passar ypperligt f\u00f6r studenter, f\u00f6retag, n\u00e4r man \u00e4r mellan tv\u00e5 boenden, eller under en p\u00e5g\u00e5ende renovering. Oavsett vad ditt behov \u00e4r hj\u00e4lper vi dig att hitta en enkel och smidig [&hellip;]<\/p>\n","protected":false},"author":5,"featured_media":0,"parent":0,"menu_order":0,"comment_status":"closed","ping_status":"closed","template":"","meta":{"_crdt_document":"","footnotes":""},"class_list":["post-1025","page","type-page","status-publish","hentry"],"yoast_head":"<!-- This site is optimized with the Yoast SEO plugin v27.3 - https:\/\/yoast.com\/product\/yoast-seo-wordpress\/ -->\n<title>Longstay -<\/title>\n<meta name=\"description\" content=\"Vi erbjuder attraktiva och m\u00f6blerade l\u00e4genheter innanf\u00f6r Visby ringmurar f\u00f6r l\u00e5ngtidsuthyrning under h\u00f6st, vinter och v\u00e5r.\" \/>\n<meta name=\"robots\" content=\"index, follow, max-snippet:-1, max-image-preview:large, max-video-preview:-1\" \/>\n<link rel=\"canonical\" href=\"https:\/\/www.wisbyhotelgroup.se\/en\/longstay\/\" \/>\n<meta property=\"og:locale\" content=\"en_US\" \/>\n<meta property=\"og:type\" content=\"article\" \/>\n<meta property=\"og:title\" content=\"Longstay -\" \/>\n<meta property=\"og:description\" content=\"Vi erbjuder attraktiva och m\u00f6blerade l\u00e4genheter innanf\u00f6r Visby ringmurar f\u00f6r l\u00e5ngtidsuthyrning under h\u00f6st, vinter och v\u00e5r.\" \/>\n<meta property=\"og:url\" content=\"https:\/\/www.wisbyhotelgroup.se\/en\/longstay\/\" \/>\n<meta property=\"article:modified_time\" content=\"2025-05-07T18:35:00+00:00\" \/>\n<meta property=\"og:image\" content=\"https:\/\/www.wisbyhotelgroup.se\/wp-content\/uploads\/2025\/05\/Lagenhet-20-1030x737.png\" \/>\n\t<meta property=\"og:image:width\" content=\"1030\" \/>\n\t<meta property=\"og:image:height\" content=\"737\" \/>\n\t<meta property=\"og:image:type\" content=\"image\/png\" \/>\n<meta name=\"twitter:card\" content=\"summary_large_image\" \/>\n<meta name=\"twitter:label1\" content=\"Est. reading time\" \/>\n\t<meta name=\"twitter:data1\" content=\"4 minutes\" \/>\n<script type=\"application\/ld+json\" class=\"yoast-schema-graph\">{\"@context\":\"https:\\\/\\\/schema.org\",\"@graph\":[{\"@type\":\"WebPage\",\"@id\":\"https:\\\/\\\/www.wisbyhotelgroup.se\\\/longstay\\\/\",\"url\":\"https:\\\/\\\/www.wisbyhotelgroup.se\\\/longstay\\\/\",\"name\":\"Longstay -\",\"isPartOf\":{\"@id\":\"https:\\\/\\\/www.wisbyhotelgroup.se\\\/#website\"},\"primaryImageOfPage\":{\"@id\":\"https:\\\/\\\/www.wisbyhotelgroup.se\\\/longstay\\\/#primaryimage\"},\"image\":{\"@id\":\"https:\\\/\\\/www.wisbyhotelgroup.se\\\/longstay\\\/#primaryimage\"},\"thumbnailUrl\":\"https:\\\/\\\/www.wisbyhotelgroup.se\\\/wp-content\\\/uploads\\\/2025\\\/05\\\/Lagenhet-20-1030x737.png\",\"datePublished\":\"2024-09-06T13:16:36+00:00\",\"dateModified\":\"2025-05-07T18:35:00+00:00\",\"description\":\"Vi erbjuder attraktiva och m\u00f6blerade l\u00e4genheter innanf\u00f6r Visby ringmurar f\u00f6r l\u00e5ngtidsuthyrning under h\u00f6st, vinter och v\u00e5r.\",\"breadcrumb\":{\"@id\":\"https:\\\/\\\/www.wisbyhotelgroup.se\\\/longstay\\\/#breadcrumb\"},\"inLanguage\":\"en-US\",\"potentialAction\":[{\"@type\":\"ReadAction\",\"target\":[\"https:\\\/\\\/www.wisbyhotelgroup.se\\\/longstay\\\/\"]}]},{\"@type\":\"ImageObject\",\"inLanguage\":\"en-US\",\"@id\":\"https:\\\/\\\/www.wisbyhotelgroup.se\\\/longstay\\\/#primaryimage\",\"url\":\"https:\\\/\\\/www.wisbyhotelgroup.se\\\/wp-content\\\/uploads\\\/2025\\\/05\\\/Lagenhet-20-1030x737.png\",\"contentUrl\":\"https:\\\/\\\/www.wisbyhotelgroup.se\\\/wp-content\\\/uploads\\\/2025\\\/05\\\/Lagenhet-20-1030x737.png\"},{\"@type\":\"BreadcrumbList\",\"@id\":\"https:\\\/\\\/www.wisbyhotelgroup.se\\\/longstay\\\/#breadcrumb\",\"itemListElement\":[{\"@type\":\"ListItem\",\"position\":1,\"name\":\"Hem\",\"item\":\"https:\\\/\\\/www.wisbyhotelgroup.se\\\/\"},{\"@type\":\"ListItem\",\"position\":2,\"name\":\"Longstay\"}]},{\"@type\":\"WebSite\",\"@id\":\"https:\\\/\\\/www.wisbyhotelgroup.se\\\/#website\",\"url\":\"https:\\\/\\\/www.wisbyhotelgroup.se\\\/\",\"name\":\"Wisby Hotel Group\",\"description\":\"Aff\u00e4rsresor och privata upplevelser i v\u00e4rldsklass\",\"publisher\":{\"@id\":\"https:\\\/\\\/www.wisbyhotelgroup.se\\\/#organization\"},\"potentialAction\":[{\"@type\":\"SearchAction\",\"target\":{\"@type\":\"EntryPoint\",\"urlTemplate\":\"https:\\\/\\\/www.wisbyhotelgroup.se\\\/?s={search_term_string}\"},\"query-input\":{\"@type\":\"PropertyValueSpecification\",\"valueRequired\":true,\"valueName\":\"search_term_string\"}}],\"inLanguage\":\"en-US\"},{\"@type\":\"Organization\",\"@id\":\"https:\\\/\\\/www.wisbyhotelgroup.se\\\/#organization\",\"name\":\"Wisby Hotel Group\",\"url\":\"https:\\\/\\\/www.wisbyhotelgroup.se\\\/\",\"logo\":{\"@type\":\"ImageObject\",\"inLanguage\":\"en-US\",\"@id\":\"https:\\\/\\\/www.wisbyhotelgroup.se\\\/#\\\/schema\\\/logo\\\/image\\\/\",\"url\":\"https:\\\/\\\/www.wisbyhotelgroup.se\\\/wp-content\\\/uploads\\\/2025\\\/03\\\/Logotyp-Wisby-Hotel-Group.png\",\"contentUrl\":\"https:\\\/\\\/www.wisbyhotelgroup.se\\\/wp-content\\\/uploads\\\/2025\\\/03\\\/Logotyp-Wisby-Hotel-Group.png\",\"width\":276,\"height\":182,\"caption\":\"Wisby Hotel Group\"},\"image\":{\"@id\":\"https:\\\/\\\/www.wisbyhotelgroup.se\\\/#\\\/schema\\\/logo\\\/image\\\/\"},\"sameAs\":[\"https:\\\/\\\/www.tiktok.com\\\/discover\\\/wisby-hotel-group\"]}]}<\/script>\n<!-- \/ Yoast SEO plugin. -->","yoast_head_json":{"title":"Longstay -","description":"Vi erbjuder attraktiva och m\u00f6blerade l\u00e4genheter innanf\u00f6r Visby ringmurar f\u00f6r l\u00e5ngtidsuthyrning under h\u00f6st, vinter och v\u00e5r.","robots":{"index":"index","follow":"follow","max-snippet":"max-snippet:-1","max-image-preview":"max-image-preview:large","max-video-preview":"max-video-preview:-1"},"canonical":"https:\/\/www.wisbyhotelgroup.se\/en\/longstay\/","og_locale":"en_US","og_type":"article","og_title":"Longstay -","og_description":"Vi erbjuder attraktiva och m\u00f6blerade l\u00e4genheter innanf\u00f6r Visby ringmurar f\u00f6r l\u00e5ngtidsuthyrning under h\u00f6st, vinter och v\u00e5r.","og_url":"https:\/\/www.wisbyhotelgroup.se\/en\/longstay\/","article_modified_time":"2025-05-07T18:35:00+00:00","og_image":[{"width":1030,"height":737,"url":"https:\/\/www.wisbyhotelgroup.se\/wp-content\/uploads\/2025\/05\/Lagenhet-20-1030x737.png","type":"image\/png"}],"twitter_card":"summary_large_image","twitter_misc":{"Est. reading time":"4 minutes"},"schema":{"@context":"https:\/\/schema.org","@graph":[{"@type":"WebPage","@id":"https:\/\/www.wisbyhotelgroup.se\/longstay\/","url":"https:\/\/www.wisbyhotelgroup.se\/longstay\/","name":"Longstay -","isPartOf":{"@id":"https:\/\/www.wisbyhotelgroup.se\/#website"},"primaryImageOfPage":{"@id":"https:\/\/www.wisbyhotelgroup.se\/longstay\/#primaryimage"},"image":{"@id":"https:\/\/www.wisbyhotelgroup.se\/longstay\/#primaryimage"},"thumbnailUrl":"https:\/\/www.wisbyhotelgroup.se\/wp-content\/uploads\/2025\/05\/Lagenhet-20-1030x737.png","datePublished":"2024-09-06T13:16:36+00:00","dateModified":"2025-05-07T18:35:00+00:00","description":"Vi erbjuder attraktiva och m\u00f6blerade l\u00e4genheter innanf\u00f6r Visby ringmurar f\u00f6r l\u00e5ngtidsuthyrning under h\u00f6st, vinter och v\u00e5r.","breadcrumb":{"@id":"https:\/\/www.wisbyhotelgroup.se\/longstay\/#breadcrumb"},"inLanguage":"en-US","potentialAction":[{"@type":"ReadAction","target":["https:\/\/www.wisbyhotelgroup.se\/longstay\/"]}]},{"@type":"ImageObject","inLanguage":"en-US","@id":"https:\/\/www.wisbyhotelgroup.se\/longstay\/#primaryimage","url":"https:\/\/www.wisbyhotelgroup.se\/wp-content\/uploads\/2025\/05\/Lagenhet-20-1030x737.png","contentUrl":"https:\/\/www.wisbyhotelgroup.se\/wp-content\/uploads\/2025\/05\/Lagenhet-20-1030x737.png"},{"@type":"BreadcrumbList","@id":"https:\/\/www.wisbyhotelgroup.se\/longstay\/#breadcrumb","itemListElement":[{"@type":"ListItem","position":1,"name":"Hem","item":"https:\/\/www.wisbyhotelgroup.se\/"},{"@type":"ListItem","position":2,"name":"Longstay"}]},{"@type":"WebSite","@id":"https:\/\/www.wisbyhotelgroup.se\/#website","url":"https:\/\/www.wisbyhotelgroup.se\/","name":"Wisby Hotel Group","description":"Aff\u00e4rsresor och privata upplevelser i v\u00e4rldsklass","publisher":{"@id":"https:\/\/www.wisbyhotelgroup.se\/#organization"},"potentialAction":[{"@type":"SearchAction","target":{"@type":"EntryPoint","urlTemplate":"https:\/\/www.wisbyhotelgroup.se\/?s={search_term_string}"},"query-input":{"@type":"PropertyValueSpecification","valueRequired":true,"valueName":"search_term_string"}}],"inLanguage":"en-US"},{"@type":"Organization","@id":"https:\/\/www.wisbyhotelgroup.se\/#organization","name":"Wisby Hotel Group","url":"https:\/\/www.wisbyhotelgroup.se\/","logo":{"@type":"ImageObject","inLanguage":"en-US","@id":"https:\/\/www.wisbyhotelgroup.se\/#\/schema\/logo\/image\/","url":"https:\/\/www.wisbyhotelgroup.se\/wp-content\/uploads\/2025\/03\/Logotyp-Wisby-Hotel-Group.png","contentUrl":"https:\/\/www.wisbyhotelgroup.se\/wp-content\/uploads\/2025\/03\/Logotyp-Wisby-Hotel-Group.png","width":276,"height":182,"caption":"Wisby Hotel Group"},"image":{"@id":"https:\/\/www.wisbyhotelgroup.se\/#\/schema\/logo\/image\/"},"sameAs":["https:\/\/www.tiktok.com\/discover\/wisby-hotel-group"]}]}},"jetpack_sharing_enabled":true,"_links":{"self":[{"href":"https:\/\/www.wisbyhotelgroup.se\/en\/wp-json\/wp\/v2\/pages\/1025","targetHints":{"allow":["GET"]}}],"collection":[{"href":"https:\/\/www.wisbyhotelgroup.se\/en\/wp-json\/wp\/v2\/pages"}],"about":[{"href":"https:\/\/www.wisbyhotelgroup.se\/en\/wp-json\/wp\/v2\/types\/page"}],"author":[{"embeddable":true,"href":"https:\/\/www.wisbyhotelgroup.se\/en\/wp-json\/wp\/v2\/users\/5"}],"replies":[{"embeddable":true,"href":"https:\/\/www.wisbyhotelgroup.se\/en\/wp-json\/wp\/v2\/comments?post=1025"}],"version-history":[{"count":14,"href":"https:\/\/www.wisbyhotelgroup.se\/en\/wp-json\/wp\/v2\/pages\/1025\/revisions"}],"predecessor-version":[{"id":2080,"href":"https:\/\/www.wisbyhotelgroup.se\/en\/wp-json\/wp\/v2\/pages\/1025\/revisions\/2080"}],"wp:attachment":[{"href":"https:\/\/www.wisbyhotelgroup.se\/en\/wp-json\/wp\/v2\/media?parent=1025"}],"curies":[{"name":"wp","href":"https:\/\/api.w.org\/{rel}","templated":true}]}}