{"id":14,"date":"2017-10-11T07:26:54","date_gmt":"2017-10-11T07:26:54","guid":{"rendered":"https:\/\/www.wisbyhotelgroup.se\/?page_id=14"},"modified":"2025-10-13T06:31:16","modified_gmt":"2025-10-13T06:31:16","slug":"kontakt","status":"publish","type":"page","link":"https:\/\/www.wisbyhotelgroup.se\/en\/kontakt\/","title":{"rendered":"Contact us"},"content":{"rendered":"<h4 class=\"wp-block-heading\"><strong>Booking request conference, event and meetings<\/strong><\/h4>\n\n\n\n<p class=\"wp-block-paragraph\"><a href=\"mailto:bokning@wisbyhotelgroup.se\">bokning@wisbyhotelgroup.se<\/a><br><\/p>\n\n\n\n<h4 class=\"wp-block-heading\"><strong>Conference &amp; Meeting Managers<\/strong><\/h4>\n\n\n\n<p class=\"wp-block-paragraph\"><em>Linnea Stxberg (Conferences, meetings, weddings)<\/em> (Konferenser, m\u00f6ten, br\u00f6llop)<br><a href=\"mailto:linnea@wisbyhotelgroup.se\">linnea@wisbyhotelgroup.se<\/a><br>070-729 55 57<\/p>\n\n\n\n<p class=\"wp-block-paragraph\">Amelia Kedja (Group Requests)<br>amelia@wisbyhotelgroup.se<br>073-733 21 25<\/p>\n\n\n\n<h4 class=\"wp-block-heading\"><strong>Business manager<\/strong><\/h4>\n\n\n\n<p class=\"wp-block-paragraph\">Magnus Olsson&nbsp;<br><a href=\"mailto:magnus@wisbyhotelgroup.se\">magnus@wisbyhotelgroup.se<\/a><br>070-281 15 60<\/p>\n\n\n\n<h4 class=\"wp-block-heading\"><strong>Hotel manager<\/strong><\/h4>\n\n\n\n<p class=\"wp-block-paragraph\">Mikaela Nilsson<br>mikaela@wisbyhotelgroup.se<br>073-733 90 45<\/p>\n\n\n\n<h4 class=\"wp-block-heading\"><strong>Chef<\/strong><\/h4>\n\n\n\n<p class=\"wp-block-paragraph\">Johan Berglund<em><br><\/em><a href=\"mailto:anders@wisbyhotelgroup.se\">johan@wisbyhotelgroup.se<\/a><\/p>\n\n\n\n<h4 class=\"wp-block-heading\"><strong>CEO<\/strong><\/h4>\n\n\n\n<p class=\"wp-block-paragraph\">Eric Bj\u00f6rkman<em style=\"color: var(--wp--preset--color--mono-2); font-family: var(--wp--preset--font-family--fontsecondary); font-size: var(--wp--preset--font-size--superbfont-xsmall); background-color: var(--wp--preset--color--base);\"><br><\/em><a href=\"mailto:eric@wisbyhotelgroup.se\">eric@wisbyhotelgroup.se<\/a><\/p>","protected":false},"excerpt":{"rendered":"<p>Bokningsf\u00f6rfr\u00e5gan konferens, event och m\u00f6ten bokning@wisbyhotelgroup.se Konferens &amp; M\u00f6tesansvariga Linnea Stuxberg (Konferenser, m\u00f6ten, br\u00f6llop)linnea@wisbyhotelgroup.se070-729 55 57 Amelia Kedja (Gruppf\u00f6rfr\u00e5gningar)amelia@wisbyhotelgroup.se073-733 21 25 Aff\u00e4rschef Magnus Olsson&nbsp;magnus@wisbyhotelgroup.se070-281 15 60 Hotellchef Mikaela Nilssonmikaela@wisbyhotelgroup.se073-733 90 45 K\u00f6ksm\u00e4stare Johan Berglundjohan@wisbyhotelgroup.se VD Eric Bj\u00f6rkmaneric@wisbyhotelgroup.se<\/p>","protected":false},"author":2,"featured_media":0,"parent":0,"menu_order":0,"comment_status":"closed","ping_status":"closed","template":"","meta":{"_crdt_document":"","footnotes":""},"class_list":["post-14","page","type-page","status-publish","hentry"],"yoast_head":"<!-- This site is optimized with the Yoast SEO plugin v27.3 - https:\/\/yoast.com\/product\/yoast-seo-wordpress\/ -->\n<title>Kontakta oss -<\/title>\n<meta name=\"robots\" content=\"index, follow, max-snippet:-1, max-image-preview:large, max-video-preview:-1\" \/>\n<link rel=\"canonical\" href=\"https:\/\/www.wisbyhotelgroup.se\/en\/kontakt\/\" \/>\n<meta property=\"og:locale\" content=\"en_US\" \/>\n<meta property=\"og:type\" content=\"article\" \/>\n<meta property=\"og:title\" content=\"Kontakta oss -\" \/>\n<meta property=\"og:description\" content=\"Bokningsf\u00f6rfr\u00e5gan konferens, event och m\u00f6ten bokning@wisbyhotelgroup.se Konferens &amp; M\u00f6tesansvariga Linnea Stuxberg (Konferenser, m\u00f6ten, br\u00f6llop)linnea@wisbyhotelgroup.se070-729 55 57 Amelia Kedja (Gruppf\u00f6rfr\u00e5gningar)amelia@wisbyhotelgroup.se073-733 21 25 Aff\u00e4rschef Magnus Olsson&nbsp;magnus@wisbyhotelgroup.se070-281 15 60 Hotellchef Mikaela Nilssonmikaela@wisbyhotelgroup.se073-733 90 45 K\u00f6ksm\u00e4stare Johan Berglundjohan@wisbyhotelgroup.se VD Eric Bj\u00f6rkmaneric@wisbyhotelgroup.se\" \/>\n<meta property=\"og:url\" content=\"https:\/\/www.wisbyhotelgroup.se\/en\/kontakt\/\" \/>\n<meta property=\"article:modified_time\" content=\"2025-10-13T06:31:16+00:00\" \/>\n<meta name=\"twitter:card\" content=\"summary_large_image\" \/>\n<meta name=\"twitter:label1\" content=\"Est. reading time\" \/>\n\t<meta name=\"twitter:data1\" content=\"1 minute\" \/>\n<script type=\"application\/ld+json\" class=\"yoast-schema-graph\">{\"@context\":\"https:\\\/\\\/schema.org\",\"@graph\":[{\"@type\":\"WebPage\",\"@id\":\"https:\\\/\\\/www.wisbyhotelgroup.se\\\/kontakt\\\/\",\"url\":\"https:\\\/\\\/www.wisbyhotelgroup.se\\\/kontakt\\\/\",\"name\":\"Kontakta oss -\",\"isPartOf\":{\"@id\":\"https:\\\/\\\/www.wisbyhotelgroup.se\\\/#website\"},\"datePublished\":\"2017-10-11T07:26:54+00:00\",\"dateModified\":\"2025-10-13T06:31:16+00:00\",\"breadcrumb\":{\"@id\":\"https:\\\/\\\/www.wisbyhotelgroup.se\\\/kontakt\\\/#breadcrumb\"},\"inLanguage\":\"en-US\",\"potentialAction\":[{\"@type\":\"ReadAction\",\"target\":[\"https:\\\/\\\/www.wisbyhotelgroup.se\\\/kontakt\\\/\"]}]},{\"@type\":\"BreadcrumbList\",\"@id\":\"https:\\\/\\\/www.wisbyhotelgroup.se\\\/kontakt\\\/#breadcrumb\",\"itemListElement\":[{\"@type\":\"ListItem\",\"position\":1,\"name\":\"Hem\",\"item\":\"https:\\\/\\\/www.wisbyhotelgroup.se\\\/\"},{\"@type\":\"ListItem\",\"position\":2,\"name\":\"Kontakta oss\"}]},{\"@type\":\"WebSite\",\"@id\":\"https:\\\/\\\/www.wisbyhotelgroup.se\\\/#website\",\"url\":\"https:\\\/\\\/www.wisbyhotelgroup.se\\\/\",\"name\":\"Wisby Hotel Group\",\"description\":\"Aff\u00e4rsresor och privata upplevelser i v\u00e4rldsklass\",\"publisher\":{\"@id\":\"https:\\\/\\\/www.wisbyhotelgroup.se\\\/#organization\"},\"potentialAction\":[{\"@type\":\"SearchAction\",\"target\":{\"@type\":\"EntryPoint\",\"urlTemplate\":\"https:\\\/\\\/www.wisbyhotelgroup.se\\\/?s={search_term_string}\"},\"query-input\":{\"@type\":\"PropertyValueSpecification\",\"valueRequired\":true,\"valueName\":\"search_term_string\"}}],\"inLanguage\":\"en-US\"},{\"@type\":\"Organization\",\"@id\":\"https:\\\/\\\/www.wisbyhotelgroup.se\\\/#organization\",\"name\":\"Wisby Hotel Group\",\"url\":\"https:\\\/\\\/www.wisbyhotelgroup.se\\\/\",\"logo\":{\"@type\":\"ImageObject\",\"inLanguage\":\"en-US\",\"@id\":\"https:\\\/\\\/www.wisbyhotelgroup.se\\\/#\\\/schema\\\/logo\\\/image\\\/\",\"url\":\"https:\\\/\\\/www.wisbyhotelgroup.se\\\/wp-content\\\/uploads\\\/2025\\\/03\\\/Logotyp-Wisby-Hotel-Group.png\",\"contentUrl\":\"https:\\\/\\\/www.wisbyhotelgroup.se\\\/wp-content\\\/uploads\\\/2025\\\/03\\\/Logotyp-Wisby-Hotel-Group.png\",\"width\":276,\"height\":182,\"caption\":\"Wisby Hotel Group\"},\"image\":{\"@id\":\"https:\\\/\\\/www.wisbyhotelgroup.se\\\/#\\\/schema\\\/logo\\\/image\\\/\"},\"sameAs\":[\"https:\\\/\\\/www.tiktok.com\\\/discover\\\/wisby-hotel-group\"]}]}<\/script>\n<!-- \/ Yoast SEO plugin. -->","yoast_head_json":{"title":"Kontakta oss -","robots":{"index":"index","follow":"follow","max-snippet":"max-snippet:-1","max-image-preview":"max-image-preview:large","max-video-preview":"max-video-preview:-1"},"canonical":"https:\/\/www.wisbyhotelgroup.se\/en\/kontakt\/","og_locale":"en_US","og_type":"article","og_title":"Kontakta oss -","og_description":"Bokningsf\u00f6rfr\u00e5gan konferens, event och m\u00f6ten bokning@wisbyhotelgroup.se Konferens &amp; M\u00f6tesansvariga Linnea Stuxberg (Konferenser, m\u00f6ten, br\u00f6llop)linnea@wisbyhotelgroup.se070-729 55 57 Amelia Kedja (Gruppf\u00f6rfr\u00e5gningar)amelia@wisbyhotelgroup.se073-733 21 25 Aff\u00e4rschef Magnus Olsson&nbsp;magnus@wisbyhotelgroup.se070-281 15 60 Hotellchef Mikaela Nilssonmikaela@wisbyhotelgroup.se073-733 90 45 K\u00f6ksm\u00e4stare Johan Berglundjohan@wisbyhotelgroup.se VD Eric Bj\u00f6rkmaneric@wisbyhotelgroup.se","og_url":"https:\/\/www.wisbyhotelgroup.se\/en\/kontakt\/","article_modified_time":"2025-10-13T06:31:16+00:00","twitter_card":"summary_large_image","twitter_misc":{"Est. reading time":"1 minute"},"schema":{"@context":"https:\/\/schema.org","@graph":[{"@type":"WebPage","@id":"https:\/\/www.wisbyhotelgroup.se\/kontakt\/","url":"https:\/\/www.wisbyhotelgroup.se\/kontakt\/","name":"Kontakta oss -","isPartOf":{"@id":"https:\/\/www.wisbyhotelgroup.se\/#website"},"datePublished":"2017-10-11T07:26:54+00:00","dateModified":"2025-10-13T06:31:16+00:00","breadcrumb":{"@id":"https:\/\/www.wisbyhotelgroup.se\/kontakt\/#breadcrumb"},"inLanguage":"en-US","potentialAction":[{"@type":"ReadAction","target":["https:\/\/www.wisbyhotelgroup.se\/kontakt\/"]}]},{"@type":"BreadcrumbList","@id":"https:\/\/www.wisbyhotelgroup.se\/kontakt\/#breadcrumb","itemListElement":[{"@type":"ListItem","position":1,"name":"Hem","item":"https:\/\/www.wisbyhotelgroup.se\/"},{"@type":"ListItem","position":2,"name":"Kontakta oss"}]},{"@type":"WebSite","@id":"https:\/\/www.wisbyhotelgroup.se\/#website","url":"https:\/\/www.wisbyhotelgroup.se\/","name":"Wisby Hotel Group","description":"Aff\u00e4rsresor och privata upplevelser i v\u00e4rldsklass","publisher":{"@id":"https:\/\/www.wisbyhotelgroup.se\/#organization"},"potentialAction":[{"@type":"SearchAction","target":{"@type":"EntryPoint","urlTemplate":"https:\/\/www.wisbyhotelgroup.se\/?s={search_term_string}"},"query-input":{"@type":"PropertyValueSpecification","valueRequired":true,"valueName":"search_term_string"}}],"inLanguage":"en-US"},{"@type":"Organization","@id":"https:\/\/www.wisbyhotelgroup.se\/#organization","name":"Wisby Hotel Group","url":"https:\/\/www.wisbyhotelgroup.se\/","logo":{"@type":"ImageObject","inLanguage":"en-US","@id":"https:\/\/www.wisbyhotelgroup.se\/#\/schema\/logo\/image\/","url":"https:\/\/www.wisbyhotelgroup.se\/wp-content\/uploads\/2025\/03\/Logotyp-Wisby-Hotel-Group.png","contentUrl":"https:\/\/www.wisbyhotelgroup.se\/wp-content\/uploads\/2025\/03\/Logotyp-Wisby-Hotel-Group.png","width":276,"height":182,"caption":"Wisby Hotel Group"},"image":{"@id":"https:\/\/www.wisbyhotelgroup.se\/#\/schema\/logo\/image\/"},"sameAs":["https:\/\/www.tiktok.com\/discover\/wisby-hotel-group"]}]}},"jetpack_sharing_enabled":true,"_links":{"self":[{"href":"https:\/\/www.wisbyhotelgroup.se\/en\/wp-json\/wp\/v2\/pages\/14","targetHints":{"allow":["GET"]}}],"collection":[{"href":"https:\/\/www.wisbyhotelgroup.se\/en\/wp-json\/wp\/v2\/pages"}],"about":[{"href":"https:\/\/www.wisbyhotelgroup.se\/en\/wp-json\/wp\/v2\/types\/page"}],"author":[{"embeddable":true,"href":"https:\/\/www.wisbyhotelgroup.se\/en\/wp-json\/wp\/v2\/users\/2"}],"replies":[{"embeddable":true,"href":"https:\/\/www.wisbyhotelgroup.se\/en\/wp-json\/wp\/v2\/comments?post=14"}],"version-history":[{"count":97,"href":"https:\/\/www.wisbyhotelgroup.se\/en\/wp-json\/wp\/v2\/pages\/14\/revisions"}],"predecessor-version":[{"id":3205,"href":"https:\/\/www.wisbyhotelgroup.se\/en\/wp-json\/wp\/v2\/pages\/14\/revisions\/3205"}],"wp:attachment":[{"href":"https:\/\/www.wisbyhotelgroup.se\/en\/wp-json\/wp\/v2\/media?parent=14"}],"curies":[{"name":"wp","href":"https:\/\/api.w.org\/{rel}","templated":true}]}}