{"id":1471,"date":"2025-03-25T18:21:41","date_gmt":"2025-03-25T18:21:41","guid":{"rendered":"https:\/\/www.wisbyhotelgroup.se\/?page_id=1471"},"modified":"2025-05-08T19:07:37","modified_gmt":"2025-05-08T19:07:37","slug":"0004-2","status":"publish","type":"page","link":"https:\/\/www.wisbyhotelgroup.se\/en\/0004-2\/","title":{"rendered":"Guest information Donners hotel rooms 106-115"},"content":{"rendered":"<div class=\"wp-block-group alignfull is-layout-flow wp-block-group-is-layout-flow\">\n<div class=\"wp-block-group alignfull has-global-padding is-layout-constrained wp-block-group-is-layout-constrained\">\n<div class=\"wp-block-cover alignfull is-light\" style=\"margin-top:0;margin-bottom:0;padding-top:var(--wp--preset--spacing--superbspacing-xxlarge);padding-right:var(--wp--preset--spacing--superbspacing-medium);padding-bottom:var(--wp--preset--spacing--superbspacing-xxlarge);padding-left:var(--wp--preset--spacing--superbspacing-medium);min-height:600px;aspect-ratio:unset;\"><span aria-hidden=\"true\" class=\"wp-block-cover__background has-background-dim-30 has-background-dim\" style=\"background-color:#9f8585\"><\/span><img loading=\"lazy\" decoding=\"async\" width=\"1706\" height=\"1723\" class=\"wp-block-cover__image-background wp-image-1299\" alt=\"\" src=\"https:\/\/www.wisbyhotelgroup.se\/wp-content\/uploads\/2024\/11\/6110-scaled-e1732179823994.jpg\" data-object-fit=\"cover\" srcset=\"https:\/\/www.wisbyhotelgroup.se\/wp-content\/uploads\/2024\/11\/6110-scaled-e1732179823994.jpg 1706w, https:\/\/www.wisbyhotelgroup.se\/wp-content\/uploads\/2024\/11\/6110-scaled-e1732179823994-297x300.jpg 297w, https:\/\/www.wisbyhotelgroup.se\/wp-content\/uploads\/2024\/11\/6110-scaled-e1732179823994-1020x1030.jpg 1020w, https:\/\/www.wisbyhotelgroup.se\/wp-content\/uploads\/2024\/11\/6110-scaled-e1732179823994-80x80.jpg 80w, https:\/\/www.wisbyhotelgroup.se\/wp-content\/uploads\/2024\/11\/6110-scaled-e1732179823994-768x776.jpg 768w, https:\/\/www.wisbyhotelgroup.se\/wp-content\/uploads\/2024\/11\/6110-scaled-e1732179823994-1521x1536.jpg 1521w\" sizes=\"auto, (max-width: 1706px) 100vw, 1706px\" \/><div class=\"wp-block-cover__inner-container is-layout-flow wp-block-cover-is-layout-flow\">\n<div class=\"wp-block-group has-global-padding is-layout-constrained wp-container-core-group-is-layout-323c2a09 wp-block-group-is-layout-constrained\">\n<div class=\"wp-block-group is-vertical is-content-justification-center is-layout-flex wp-container-core-group-is-layout-35d362e6 wp-block-group-is-layout-flex\">\n<h2 class=\"wp-block-heading has-text-align-center has-contrast-light-color has-text-color has-superbfont-xlarge-font-size\">A warm welcome to us at Donners Hotell!<\/h2>\n\n\n\n<h5 class=\"wp-block-heading has-text-align-center\"> <br><mark style=\"background-color:rgba(0, 0, 0, 0)\" class=\"has-inline-color has-contrast-light-color\">Here you will find everything you need to know during your stay!<\/mark><\/h5>\n<\/div>\n<\/div>\n<\/div><\/div>\n<\/div>\n<\/div>\n\n\n\n<div class=\"wp-block-columns is-layout-flex wp-container-core-columns-is-layout-461897f4 wp-block-columns-is-layout-flex\">\n<div class=\"wp-block-column is-layout-flow wp-block-column-is-layout-flow\">\n<h2 class=\"wp-block-heading\">Entrance code<\/h2>\n\n\n\n<p class=\"wp-block-paragraph\"><strong>1645<\/strong> \u2013 valid on the front door 24 hours a day and the main building's front door from 10:00 p.m.<br><em>Please keep in mind that your keycard only works on your hotel room, it is not possible to unlock the entrance door with your room key.<\/em><\/p>\n<\/div>\n\n\n\n<div class=\"wp-block-column is-layout-flow wp-block-column-is-layout-flow\">\n<h2 class=\"wp-block-heading\">Wi-Fi <\/h2>\n\n\n\n<p class=\"wp-block-paragraph\"><strong>Wi-Fi:<\/strong> &nbsp;Donners<br><strong>Password<\/strong>: Donner2018<\/p>\n<\/div>\n\n\n\n<div class=\"wp-block-column is-layout-flow wp-block-column-is-layout-flow\">\n<div class=\"wp-block-group has-global-padding is-layout-constrained wp-block-group-is-layout-constrained\">\n<h2 class=\"wp-block-heading\">Breakfast<\/h2>\n<\/div>\n\n\n\n<p class=\"wp-block-paragraph\"><strong>Weekdays:<\/strong> 06.30 \u2013 10.00  <br><strong>Weekends:<\/strong> 06.30 \u2013 10.30 <\/p>\n<\/div>\n<\/div>\n\n\n\n<h2 class=\"wp-block-heading\">Housekeeping<\/h2>\n\n\n\n<p class=\"wp-block-paragraph\">The rooms are tidied up every day as long as you have not hung the <strong>\u201dDo not disturb\u201d<\/strong> sign on the door or are in the room when the staff has your room next on their schedule. Please put the towels on the floor if you want new ones, and do not leave any personal items on the bed if you want it made. Thank you!<\/p>\n\n\n\n<h2 class=\"wp-block-heading\">TV<\/h2>\n\n\n\n<p class=\"wp-block-paragraph\">To watch TV, go to \"Direkt-TV\" where you will find a simpler selection of channels. You can also use the apps to stream if you have your own accounts for these. The sound is controlled with a small lever on the remote control, not a button.<\/p>\n\n\n\n<div class=\"wp-block-group alignfull is-layout-flow wp-block-group-is-layout-flow\">\n<div class=\"wp-block-group alignfull has-background-secondary-background-color has-background has-global-padding is-layout-constrained wp-container-core-group-is-layout-9ef42c86 wp-block-group-is-layout-constrained\" style=\"padding-top:var(--wp--preset--spacing--superbspacing-xxlarge);padding-right:var(--wp--preset--spacing--superbspacing-small);padding-bottom:var(--wp--preset--spacing--superbspacing-xxlarge);padding-left:var(--wp--preset--spacing--superbspacing-small)\">\n<div class=\"wp-block-group alignwide has-global-padding is-layout-constrained wp-container-core-group-is-layout-07f2f32c wp-block-group-is-layout-constrained\">\n<h2 class=\"wp-block-heading has-text-align-center has-primary-color has-text-color has-superbfont-xxsmall-font-size\" style=\"font-style:normal;font-weight:700;letter-spacing:5px;text-transform:uppercase\">Contact<\/h2>\n\n\n\n<p class=\"has-text-align-center has-secondary-color has-text-color has-superbfont-small-font-size wp-block-paragraph\">The reception is staffed from 07:00 to 01:00 every day and after that we are available on call for urgent matters for those of you who are at the hotel. Do not hesitate to contact us if you have any other questions or concerns!<\/p>\n<\/div>\n\n\n\n<div class=\"wp-block-columns alignwide is-layout-flex wp-container-core-columns-is-layout-eecd9a8f wp-block-columns-is-layout-flex\" style=\"border-radius:0px;padding-top:0;padding-right:0;padding-bottom:0;padding-left:0\">\n<div class=\"wp-block-column is-vertically-aligned-center is-layout-flow wp-container-core-column-is-layout-d51cdc38 wp-block-column-is-layout-flow\" style=\"padding-top:0;padding-right:0;padding-bottom:0;padding-left:0\">\n<div class=\"wp-block-group has-border-color has-mono-3-border-color has-base-background-color has-background has-global-padding is-content-justification-left is-layout-constrained wp-container-core-group-is-layout-50ba5a9f wp-block-group-is-layout-constrained\" style=\"border-width:1px;border-radius:16px;padding-top:var(--wp--preset--spacing--superbspacing-xsmall);padding-right:var(--wp--preset--spacing--superbspacing-xsmall);padding-bottom:var(--wp--preset--spacing--superbspacing-xsmall);padding-left:var(--wp--preset--spacing--superbspacing-xsmall)\">\n<div class=\"wp-block-group has-global-padding is-content-justification-left is-layout-constrained wp-container-core-group-is-layout-76976ce4 wp-block-group-is-layout-constrained\">\n<figure class=\"wp-block-image size-large is-resized\"><img loading=\"lazy\" decoding=\"async\" width=\"112\" height=\"112\" src=\"https:\/\/www.wisbyhotelgroup.se\/wp-content\/uploads\/2025\/03\/icon-email.png\" alt=\"\" class=\"wp-image-1472\" style=\"width:32px;height:32px\" srcset=\"https:\/\/www.wisbyhotelgroup.se\/wp-content\/uploads\/2025\/03\/icon-email.png 112w, https:\/\/www.wisbyhotelgroup.se\/wp-content\/uploads\/2025\/03\/icon-email-80x80.png 80w\" sizes=\"auto, (max-width: 112px) 100vw, 112px\" \/><\/figure>\n<\/div>\n\n\n\n<h3 class=\"wp-block-heading has-text-align-left has-contrast-color has-text-color has-superbfont-xsmall-font-size\">E-mail:<br>info@donnershotell.se<\/h3>\n<\/div>\n<\/div>\n\n\n\n<div class=\"wp-block-column is-vertically-aligned-center is-layout-flow wp-container-core-column-is-layout-2aca0da8 wp-block-column-is-layout-flow\" style=\"padding-top:0px;padding-right:0px;padding-bottom:0px;padding-left:0px\">\n<div class=\"wp-block-group has-border-color has-mono-3-border-color has-base-background-color has-background has-global-padding is-content-justification-left is-layout-constrained wp-container-core-group-is-layout-42365f81 wp-block-group-is-layout-constrained\" style=\"border-width:1px;border-radius:16px;margin-top:0;margin-bottom:0;padding-top:var(--wp--preset--spacing--superbspacing-xsmall);padding-right:var(--wp--preset--spacing--superbspacing-xsmall);padding-bottom:var(--wp--preset--spacing--superbspacing-xsmall);padding-left:var(--wp--preset--spacing--superbspacing-xsmall)\">\n<div class=\"wp-block-group has-global-padding is-content-justification-left is-layout-constrained wp-container-core-group-is-layout-76976ce4 wp-block-group-is-layout-constrained\">\n<figure class=\"wp-block-image size-large is-resized\"><img loading=\"lazy\" decoding=\"async\" width=\"112\" height=\"112\" src=\"https:\/\/www.wisbyhotelgroup.se\/wp-content\/uploads\/2025\/03\/icon-phone-call.png\" alt=\"\" class=\"wp-image-1473\" style=\"width:32px;height:32px\" srcset=\"https:\/\/www.wisbyhotelgroup.se\/wp-content\/uploads\/2025\/03\/icon-phone-call.png 112w, https:\/\/www.wisbyhotelgroup.se\/wp-content\/uploads\/2025\/03\/icon-phone-call-80x80.png 80w\" sizes=\"auto, (max-width: 112px) 100vw, 112px\" \/><\/figure>\n<\/div>\n\n\n\n<h3 class=\"wp-block-heading has-text-align-left has-contrast-color has-text-color has-superbfont-xsmall-font-size\">Phonenumber: <br> +46 (0) 498-20 33 00<\/h3>\n<\/div>\n<\/div>\n\n\n\n<div class=\"wp-block-column is-vertically-aligned-center is-layout-flow wp-container-core-column-is-layout-2aca0da8 wp-block-column-is-layout-flow\" style=\"padding-top:0px;padding-right:0px;padding-bottom:0px;padding-left:0px\">\n<div class=\"wp-block-group has-border-color has-mono-3-border-color has-base-background-color has-background has-global-padding is-content-justification-left is-layout-constrained wp-container-core-group-is-layout-50ba5a9f wp-block-group-is-layout-constrained\" style=\"border-width:1px;border-radius:16px;padding-top:var(--wp--preset--spacing--superbspacing-xsmall);padding-right:var(--wp--preset--spacing--superbspacing-xsmall);padding-bottom:var(--wp--preset--spacing--superbspacing-xsmall);padding-left:var(--wp--preset--spacing--superbspacing-xsmall)\">\n<div class=\"wp-block-group has-global-padding is-content-justification-left is-layout-constrained wp-container-core-group-is-layout-76976ce4 wp-block-group-is-layout-constrained\">\n<figure class=\"wp-block-image size-large is-resized\"><img loading=\"lazy\" decoding=\"async\" width=\"112\" height=\"112\" src=\"https:\/\/www.wisbyhotelgroup.se\/wp-content\/uploads\/2025\/03\/icon-push-pin-simple.png\" alt=\"\" class=\"wp-image-1474\" style=\"width:32px;height:32px\" srcset=\"https:\/\/www.wisbyhotelgroup.se\/wp-content\/uploads\/2025\/03\/icon-push-pin-simple.png 112w, https:\/\/www.wisbyhotelgroup.se\/wp-content\/uploads\/2025\/03\/icon-push-pin-simple-80x80.png 80w\" sizes=\"auto, (max-width: 112px) 100vw, 112px\" \/><\/figure>\n<\/div>\n\n\n\n<h3 class=\"wp-block-heading has-text-align-left has-contrast-color has-text-color has-superbfont-xsmall-font-size\">Address: Donners plats 6, 621 57 Visby<\/h3>\n<\/div>\n<\/div>\n<\/div>\n<\/div>\n<\/div>\n\n\n\n<h6 class=\"wp-block-heading has-text-align-center\">Donners Hotel is part of Wisby Hotel Group. <br>Feel free to visit some of our partners during your stay and to contact us<br> if you would like help booking a table somewhere!<\/h6>","protected":false},"excerpt":{"rendered":"<p>Portkod 1645 \u2013 g\u00e4ller p\u00e5 ytterd\u00f6rren dygnet runt samt huvudbyggnadens ytterd\u00f6rr fr\u00e5n klockan 22.00.Observera att er rumsnyckel endast fungerar p\u00e5 hotellrummet, det g\u00e5r inte att l\u00e5sa upp ytterd\u00f6rren med nyckelkortet. Wi-Fi Wi-Fi: &nbsp;DonnersL\u00f6senord: Donner2018 Frukost Vardagar: 06.30 \u2013 10.00 Helger: 06.30 \u2013 10.30 St\u00e4dning Rummen st\u00e4das varje dag s\u00e5 l\u00e4nge ni inte har h\u00e4ngt upp [&hellip;]<\/p>\n","protected":false},"author":5,"featured_media":0,"parent":0,"menu_order":0,"comment_status":"closed","ping_status":"closed","template":"","meta":{"_crdt_document":"","footnotes":""},"class_list":["post-1471","page","type-page","status-publish","hentry"],"yoast_head":"<!-- This site is optimized with the Yoast SEO plugin v27.3 - https:\/\/yoast.com\/product\/yoast-seo-wordpress\/ -->\n<title>G\u00e4stinformation Donners hotell            rum 106-115 -<\/title>\n<meta name=\"robots\" content=\"index, follow, max-snippet:-1, max-image-preview:large, max-video-preview:-1\" \/>\n<link rel=\"canonical\" href=\"https:\/\/www.wisbyhotelgroup.se\/en\/0004-2\/\" \/>\n<meta property=\"og:locale\" content=\"en_US\" \/>\n<meta property=\"og:type\" content=\"article\" \/>\n<meta property=\"og:title\" content=\"G\u00e4stinformation Donners hotell            rum 106-115 -\" \/>\n<meta property=\"og:description\" content=\"Portkod 1645 \u2013 g\u00e4ller p\u00e5 ytterd\u00f6rren dygnet runt samt huvudbyggnadens ytterd\u00f6rr fr\u00e5n klockan 22.00.Observera att er rumsnyckel endast fungerar p\u00e5 hotellrummet, det g\u00e5r inte att l\u00e5sa upp ytterd\u00f6rren med nyckelkortet. Wi-Fi Wi-Fi: &nbsp;DonnersL\u00f6senord: Donner2018 Frukost Vardagar: 06.30 \u2013 10.00 Helger: 06.30 \u2013 10.30 St\u00e4dning Rummen st\u00e4das varje dag s\u00e5 l\u00e4nge ni inte har h\u00e4ngt upp [&hellip;]\" \/>\n<meta property=\"og:url\" content=\"https:\/\/www.wisbyhotelgroup.se\/en\/0004-2\/\" \/>\n<meta property=\"article:modified_time\" content=\"2025-05-08T19:07:37+00:00\" \/>\n<meta property=\"og:image\" content=\"https:\/\/www.wisbyhotelgroup.se\/wp-content\/uploads\/2024\/11\/6110-scaled-e1732179823994.jpg\" \/>\n\t<meta property=\"og:image:width\" content=\"1706\" \/>\n\t<meta property=\"og:image:height\" content=\"1723\" \/>\n\t<meta property=\"og:image:type\" content=\"image\/jpeg\" \/>\n<meta name=\"twitter:card\" content=\"summary_large_image\" \/>\n<meta name=\"twitter:label1\" content=\"Est. reading time\" \/>\n\t<meta name=\"twitter:data1\" content=\"3 minutes\" \/>\n<script type=\"application\/ld+json\" class=\"yoast-schema-graph\">{\"@context\":\"https:\\\/\\\/schema.org\",\"@graph\":[{\"@type\":\"WebPage\",\"@id\":\"https:\\\/\\\/www.wisbyhotelgroup.se\\\/0004-2\\\/\",\"url\":\"https:\\\/\\\/www.wisbyhotelgroup.se\\\/0004-2\\\/\",\"name\":\"G\u00e4stinformation Donners hotell rum 106-115 -\",\"isPartOf\":{\"@id\":\"https:\\\/\\\/www.wisbyhotelgroup.se\\\/#website\"},\"primaryImageOfPage\":{\"@id\":\"https:\\\/\\\/www.wisbyhotelgroup.se\\\/0004-2\\\/#primaryimage\"},\"image\":{\"@id\":\"https:\\\/\\\/www.wisbyhotelgroup.se\\\/0004-2\\\/#primaryimage\"},\"thumbnailUrl\":\"https:\\\/\\\/www.wisbyhotelgroup.se\\\/wp-content\\\/uploads\\\/2024\\\/11\\\/6110-scaled-e1732179823994.jpg\",\"datePublished\":\"2025-03-25T18:21:41+00:00\",\"dateModified\":\"2025-05-08T19:07:37+00:00\",\"breadcrumb\":{\"@id\":\"https:\\\/\\\/www.wisbyhotelgroup.se\\\/0004-2\\\/#breadcrumb\"},\"inLanguage\":\"en-US\",\"potentialAction\":[{\"@type\":\"ReadAction\",\"target\":[\"https:\\\/\\\/www.wisbyhotelgroup.se\\\/0004-2\\\/\"]}]},{\"@type\":\"ImageObject\",\"inLanguage\":\"en-US\",\"@id\":\"https:\\\/\\\/www.wisbyhotelgroup.se\\\/0004-2\\\/#primaryimage\",\"url\":\"https:\\\/\\\/www.wisbyhotelgroup.se\\\/wp-content\\\/uploads\\\/2024\\\/11\\\/6110-scaled-e1732179823994.jpg\",\"contentUrl\":\"https:\\\/\\\/www.wisbyhotelgroup.se\\\/wp-content\\\/uploads\\\/2024\\\/11\\\/6110-scaled-e1732179823994.jpg\"},{\"@type\":\"BreadcrumbList\",\"@id\":\"https:\\\/\\\/www.wisbyhotelgroup.se\\\/0004-2\\\/#breadcrumb\",\"itemListElement\":[{\"@type\":\"ListItem\",\"position\":1,\"name\":\"Hem\",\"item\":\"https:\\\/\\\/www.wisbyhotelgroup.se\\\/\"},{\"@type\":\"ListItem\",\"position\":2,\"name\":\"G\u00e4stinformation Donners hotell rum 106-115\"}]},{\"@type\":\"WebSite\",\"@id\":\"https:\\\/\\\/www.wisbyhotelgroup.se\\\/#website\",\"url\":\"https:\\\/\\\/www.wisbyhotelgroup.se\\\/\",\"name\":\"Wisby Hotel Group\",\"description\":\"Aff\u00e4rsresor och privata upplevelser i v\u00e4rldsklass\",\"publisher\":{\"@id\":\"https:\\\/\\\/www.wisbyhotelgroup.se\\\/#organization\"},\"potentialAction\":[{\"@type\":\"SearchAction\",\"target\":{\"@type\":\"EntryPoint\",\"urlTemplate\":\"https:\\\/\\\/www.wisbyhotelgroup.se\\\/?s={search_term_string}\"},\"query-input\":{\"@type\":\"PropertyValueSpecification\",\"valueRequired\":true,\"valueName\":\"search_term_string\"}}],\"inLanguage\":\"en-US\"},{\"@type\":\"Organization\",\"@id\":\"https:\\\/\\\/www.wisbyhotelgroup.se\\\/#organization\",\"name\":\"Wisby Hotel Group\",\"url\":\"https:\\\/\\\/www.wisbyhotelgroup.se\\\/\",\"logo\":{\"@type\":\"ImageObject\",\"inLanguage\":\"en-US\",\"@id\":\"https:\\\/\\\/www.wisbyhotelgroup.se\\\/#\\\/schema\\\/logo\\\/image\\\/\",\"url\":\"https:\\\/\\\/www.wisbyhotelgroup.se\\\/wp-content\\\/uploads\\\/2025\\\/03\\\/Logotyp-Wisby-Hotel-Group.png\",\"contentUrl\":\"https:\\\/\\\/www.wisbyhotelgroup.se\\\/wp-content\\\/uploads\\\/2025\\\/03\\\/Logotyp-Wisby-Hotel-Group.png\",\"width\":276,\"height\":182,\"caption\":\"Wisby Hotel Group\"},\"image\":{\"@id\":\"https:\\\/\\\/www.wisbyhotelgroup.se\\\/#\\\/schema\\\/logo\\\/image\\\/\"},\"sameAs\":[\"https:\\\/\\\/www.tiktok.com\\\/discover\\\/wisby-hotel-group\"]}]}<\/script>\n<!-- \/ Yoast SEO plugin. -->","yoast_head_json":{"title":"G\u00e4stinformation Donners hotell            rum 106-115 -","robots":{"index":"index","follow":"follow","max-snippet":"max-snippet:-1","max-image-preview":"max-image-preview:large","max-video-preview":"max-video-preview:-1"},"canonical":"https:\/\/www.wisbyhotelgroup.se\/en\/0004-2\/","og_locale":"en_US","og_type":"article","og_title":"G\u00e4stinformation Donners hotell            rum 106-115 -","og_description":"Portkod 1645 \u2013 g\u00e4ller p\u00e5 ytterd\u00f6rren dygnet runt samt huvudbyggnadens ytterd\u00f6rr fr\u00e5n klockan 22.00.Observera att er rumsnyckel endast fungerar p\u00e5 hotellrummet, det g\u00e5r inte att l\u00e5sa upp ytterd\u00f6rren med nyckelkortet. Wi-Fi Wi-Fi: &nbsp;DonnersL\u00f6senord: Donner2018 Frukost Vardagar: 06.30 \u2013 10.00 Helger: 06.30 \u2013 10.30 St\u00e4dning Rummen st\u00e4das varje dag s\u00e5 l\u00e4nge ni inte har h\u00e4ngt upp [&hellip;]","og_url":"https:\/\/www.wisbyhotelgroup.se\/en\/0004-2\/","article_modified_time":"2025-05-08T19:07:37+00:00","og_image":[{"width":1706,"height":1723,"url":"https:\/\/www.wisbyhotelgroup.se\/wp-content\/uploads\/2024\/11\/6110-scaled-e1732179823994.jpg","type":"image\/jpeg"}],"twitter_card":"summary_large_image","twitter_misc":{"Est. reading time":"3 minutes"},"schema":{"@context":"https:\/\/schema.org","@graph":[{"@type":"WebPage","@id":"https:\/\/www.wisbyhotelgroup.se\/0004-2\/","url":"https:\/\/www.wisbyhotelgroup.se\/0004-2\/","name":"G\u00e4stinformation Donners hotell rum 106-115 -","isPartOf":{"@id":"https:\/\/www.wisbyhotelgroup.se\/#website"},"primaryImageOfPage":{"@id":"https:\/\/www.wisbyhotelgroup.se\/0004-2\/#primaryimage"},"image":{"@id":"https:\/\/www.wisbyhotelgroup.se\/0004-2\/#primaryimage"},"thumbnailUrl":"https:\/\/www.wisbyhotelgroup.se\/wp-content\/uploads\/2024\/11\/6110-scaled-e1732179823994.jpg","datePublished":"2025-03-25T18:21:41+00:00","dateModified":"2025-05-08T19:07:37+00:00","breadcrumb":{"@id":"https:\/\/www.wisbyhotelgroup.se\/0004-2\/#breadcrumb"},"inLanguage":"en-US","potentialAction":[{"@type":"ReadAction","target":["https:\/\/www.wisbyhotelgroup.se\/0004-2\/"]}]},{"@type":"ImageObject","inLanguage":"en-US","@id":"https:\/\/www.wisbyhotelgroup.se\/0004-2\/#primaryimage","url":"https:\/\/www.wisbyhotelgroup.se\/wp-content\/uploads\/2024\/11\/6110-scaled-e1732179823994.jpg","contentUrl":"https:\/\/www.wisbyhotelgroup.se\/wp-content\/uploads\/2024\/11\/6110-scaled-e1732179823994.jpg"},{"@type":"BreadcrumbList","@id":"https:\/\/www.wisbyhotelgroup.se\/0004-2\/#breadcrumb","itemListElement":[{"@type":"ListItem","position":1,"name":"Hem","item":"https:\/\/www.wisbyhotelgroup.se\/"},{"@type":"ListItem","position":2,"name":"G\u00e4stinformation Donners hotell rum 106-115"}]},{"@type":"WebSite","@id":"https:\/\/www.wisbyhotelgroup.se\/#website","url":"https:\/\/www.wisbyhotelgroup.se\/","name":"Wisby Hotel Group","description":"Aff\u00e4rsresor och privata upplevelser i v\u00e4rldsklass","publisher":{"@id":"https:\/\/www.wisbyhotelgroup.se\/#organization"},"potentialAction":[{"@type":"SearchAction","target":{"@type":"EntryPoint","urlTemplate":"https:\/\/www.wisbyhotelgroup.se\/?s={search_term_string}"},"query-input":{"@type":"PropertyValueSpecification","valueRequired":true,"valueName":"search_term_string"}}],"inLanguage":"en-US"},{"@type":"Organization","@id":"https:\/\/www.wisbyhotelgroup.se\/#organization","name":"Wisby Hotel Group","url":"https:\/\/www.wisbyhotelgroup.se\/","logo":{"@type":"ImageObject","inLanguage":"en-US","@id":"https:\/\/www.wisbyhotelgroup.se\/#\/schema\/logo\/image\/","url":"https:\/\/www.wisbyhotelgroup.se\/wp-content\/uploads\/2025\/03\/Logotyp-Wisby-Hotel-Group.png","contentUrl":"https:\/\/www.wisbyhotelgroup.se\/wp-content\/uploads\/2025\/03\/Logotyp-Wisby-Hotel-Group.png","width":276,"height":182,"caption":"Wisby Hotel Group"},"image":{"@id":"https:\/\/www.wisbyhotelgroup.se\/#\/schema\/logo\/image\/"},"sameAs":["https:\/\/www.tiktok.com\/discover\/wisby-hotel-group"]}]}},"jetpack_sharing_enabled":true,"_links":{"self":[{"href":"https:\/\/www.wisbyhotelgroup.se\/en\/wp-json\/wp\/v2\/pages\/1471","targetHints":{"allow":["GET"]}}],"collection":[{"href":"https:\/\/www.wisbyhotelgroup.se\/en\/wp-json\/wp\/v2\/pages"}],"about":[{"href":"https:\/\/www.wisbyhotelgroup.se\/en\/wp-json\/wp\/v2\/types\/page"}],"author":[{"embeddable":true,"href":"https:\/\/www.wisbyhotelgroup.se\/en\/wp-json\/wp\/v2\/users\/5"}],"replies":[{"embeddable":true,"href":"https:\/\/www.wisbyhotelgroup.se\/en\/wp-json\/wp\/v2\/comments?post=1471"}],"version-history":[{"count":7,"href":"https:\/\/www.wisbyhotelgroup.se\/en\/wp-json\/wp\/v2\/pages\/1471\/revisions"}],"predecessor-version":[{"id":2138,"href":"https:\/\/www.wisbyhotelgroup.se\/en\/wp-json\/wp\/v2\/pages\/1471\/revisions\/2138"}],"wp:attachment":[{"href":"https:\/\/www.wisbyhotelgroup.se\/en\/wp-json\/wp\/v2\/media?parent=1471"}],"curies":[{"name":"wp","href":"https:\/\/api.w.org\/{rel}","templated":true}]}}