{"id":1494,"date":"2025-03-29T17:43:06","date_gmt":"2025-03-29T17:43:06","guid":{"rendered":"https:\/\/www.wisbyhotelgroup.se\/?page_id=1494"},"modified":"2026-04-01T06:28:17","modified_gmt":"2026-04-01T06:28:17","slug":"0011-2","status":"publish","type":"page","link":"https:\/\/www.wisbyhotelgroup.se\/en\/0011-2\/","title":{"rendered":"Guestinformation Hotel Visby B\u00f6rs Novgorodgr\u00e4nd"},"content":{"rendered":"<div class=\"wp-block-group alignfull is-layout-flow wp-block-group-is-layout-flow\">\n<div class=\"wp-block-group alignfull has-global-padding is-layout-constrained wp-block-group-is-layout-constrained\">\n<div class=\"wp-block-cover alignfull\" style=\"margin-top:0;margin-bottom:0;padding-top:var(--wp--preset--spacing--superbspacing-xxlarge);padding-right:var(--wp--preset--spacing--superbspacing-medium);padding-bottom:var(--wp--preset--spacing--superbspacing-xxlarge);padding-left:var(--wp--preset--spacing--superbspacing-medium);min-height:600px;aspect-ratio:unset;\"><img loading=\"lazy\" decoding=\"async\" width=\"1125\" height=\"1681\" class=\"wp-block-cover__image-background wp-image-895\" alt=\"\" src=\"https:\/\/www.wisbyhotelgroup.se\/wp-content\/uploads\/2024\/08\/IMG_3241.jpeg\" data-object-fit=\"cover\" srcset=\"https:\/\/www.wisbyhotelgroup.se\/wp-content\/uploads\/2024\/08\/IMG_3241.jpeg 1125w, https:\/\/www.wisbyhotelgroup.se\/wp-content\/uploads\/2024\/08\/IMG_3241-201x300.jpeg 201w, https:\/\/www.wisbyhotelgroup.se\/wp-content\/uploads\/2024\/08\/IMG_3241-689x1030.jpeg 689w, https:\/\/www.wisbyhotelgroup.se\/wp-content\/uploads\/2024\/08\/IMG_3241-768x1148.jpeg 768w, https:\/\/www.wisbyhotelgroup.se\/wp-content\/uploads\/2024\/08\/IMG_3241-1028x1536.jpeg 1028w\" sizes=\"auto, (max-width: 1125px) 100vw, 1125px\" \/><span aria-hidden=\"true\" class=\"wp-block-cover__background has-background-dim-30 has-background-dim\" style=\"background-color:#865e50\"><\/span><div class=\"wp-block-cover__inner-container is-layout-flow wp-block-cover-is-layout-flow\">\n<div class=\"wp-block-group has-global-padding is-layout-constrained wp-container-core-group-is-layout-323c2a09 wp-block-group-is-layout-constrained\">\n<div class=\"wp-block-group is-vertical is-content-justification-center is-layout-flex wp-container-core-group-is-layout-35d362e6 wp-block-group-is-layout-flex\">\n<h2 class=\"wp-block-heading has-text-align-center has-contrast-light-color has-text-color has-superbfont-xlarge-font-size\">A warm welcome to us at Hotel Visby B\u00f6rs!<\/h2>\n\n\n\n<h5 class=\"wp-block-heading has-text-align-center\"><br><mark style=\"background-color:rgba(0, 0, 0, 0)\" class=\"has-inline-color has-contrast-light-color\">Here you will find everything you need to know during your stay!<\/mark><\/h5>\n<\/div>\n<\/div>\n<\/div><\/div>\n<\/div>\n<\/div>\n\n\n\n<div class=\"wp-block-columns is-layout-flex wp-container-core-columns-is-layout-461897f4 wp-block-columns-is-layout-flex\">\n<div class=\"wp-block-column is-layout-flow wp-block-column-is-layout-flow\">\n<h2 class=\"wp-block-heading\">Entrance code<\/h2>\n\n\n\n<p class=\"wp-block-paragraph\"><strong>Entrance code<\/strong> <br>3557 \u2013 gate closed 24\/7\nPlease keep in mind that your keycard only works on your hotel room, it is not possible to unlock the entrance door with your room key.<\/p>\n<\/div>\n\n\n\n<div class=\"wp-block-column is-layout-flow wp-block-column-is-layout-flow\">\n<h2 class=\"wp-block-heading\">Wi-Fi <\/h2>\n\n\n\n<p class=\"wp-block-paragraph\"><strong>Wi-Fi:<\/strong> VISBYBORS<br><strong>Password <\/strong>strandgatan10<\/p>\n<\/div>\n\n\n\n<div class=\"wp-block-column is-layout-flow wp-block-column-is-layout-flow\">\n<div class=\"wp-block-group has-global-padding is-layout-constrained wp-block-group-is-layout-constrained\">\n<h2 class=\"wp-block-heading\">Breakfast<\/h2>\n\n\n\n<p class=\"wp-block-paragraph\"><strong>Weekdays:<\/strong> 06.30 \u2013 10.00<br><strong>Weekends: <\/strong>06.30 \u2013 10.30 <br>The breakfast is served in the middle of the hotel building at Strandgatan 10 and is accessed via the reception.<br><\/p>\n<\/div>\n<\/div>\n<\/div>\n\n\n\n<div class=\"wp-block-columns is-layout-flex wp-container-core-columns-is-layout-461897f4 wp-block-columns-is-layout-flex\">\n<div class=\"wp-block-column is-layout-flow wp-block-column-is-layout-flow\">\n<h2 class=\"wp-block-heading\">Housekeeping<\/h2>\n\n\n\n<p class=\"wp-block-paragraph\">The rooms are tidied up every day as long as you have not hung the \"Do not disturb\" sign on the door or are in the room when the staff has your room next on their schedule <br>Please put the towels on the floor if you want new ones, and do not leave any personal items on the bed if you want it made. Thank you!<\/p>\n<\/div>\n<\/div>\n\n\n\n<div class=\"wp-block-group alignfull is-layout-flow wp-block-group-is-layout-flow\">\n<div class=\"wp-block-group alignfull has-background-secondary-background-color has-background has-global-padding is-layout-constrained wp-container-core-group-is-layout-9ef42c86 wp-block-group-is-layout-constrained\" style=\"padding-top:var(--wp--preset--spacing--superbspacing-xxlarge);padding-right:var(--wp--preset--spacing--superbspacing-small);padding-bottom:var(--wp--preset--spacing--superbspacing-xxlarge);padding-left:var(--wp--preset--spacing--superbspacing-small)\">\n<div class=\"wp-block-group alignwide has-global-padding is-layout-constrained wp-container-core-group-is-layout-07f2f32c wp-block-group-is-layout-constrained\">\n<h2 class=\"wp-block-heading has-text-align-center has-primary-color has-text-color has-superbfont-xxsmall-font-size\" style=\"font-style:normal;font-weight:700;letter-spacing:5px;text-transform:uppercase\">Contact<\/h2>\n\n\n\n<p class=\"has-text-align-center has-secondary-color has-text-color has-superbfont-small-font-size wp-block-paragraph\">The reception is staffed from 07:00 AM to 8:00 PM every day and after that we are available on call for urgent matters for those of you who are at the hotel. Do not hesitate to contact us if you have any other questions or concerns!<\/p>\n<\/div>\n\n\n\n<div class=\"wp-block-columns alignwide is-layout-flex wp-container-core-columns-is-layout-eecd9a8f wp-block-columns-is-layout-flex\" style=\"border-radius:0px;padding-top:0;padding-right:0;padding-bottom:0;padding-left:0\">\n<div class=\"wp-block-column is-vertically-aligned-center is-layout-flow wp-container-core-column-is-layout-d51cdc38 wp-block-column-is-layout-flow\" style=\"padding-top:0;padding-right:0;padding-bottom:0;padding-left:0\">\n<div class=\"wp-block-group has-border-color has-mono-3-border-color has-base-background-color has-background has-global-padding is-content-justification-left is-layout-constrained wp-container-core-group-is-layout-50ba5a9f wp-block-group-is-layout-constrained\" style=\"border-width:1px;border-radius:16px;padding-top:var(--wp--preset--spacing--superbspacing-xsmall);padding-right:var(--wp--preset--spacing--superbspacing-xsmall);padding-bottom:var(--wp--preset--spacing--superbspacing-xsmall);padding-left:var(--wp--preset--spacing--superbspacing-xsmall)\">\n<div class=\"wp-block-group has-global-padding is-content-justification-left is-layout-constrained wp-container-core-group-is-layout-76976ce4 wp-block-group-is-layout-constrained\">\n<figure class=\"wp-block-image size-large is-resized\"><img loading=\"lazy\" decoding=\"async\" width=\"112\" height=\"112\" src=\"https:\/\/www.wisbyhotelgroup.se\/wp-content\/uploads\/2025\/03\/icon-email.png\" alt=\"\" class=\"wp-image-1472\" style=\"width:32px;height:32px\" srcset=\"https:\/\/www.wisbyhotelgroup.se\/wp-content\/uploads\/2025\/03\/icon-email.png 112w, https:\/\/www.wisbyhotelgroup.se\/wp-content\/uploads\/2025\/03\/icon-email-80x80.png 80w\" sizes=\"auto, (max-width: 112px) 100vw, 112px\" \/><\/figure>\n<\/div>\n\n\n\n<h3 class=\"wp-block-heading has-text-align-left has-contrast-color has-text-color has-superbfont-xsmall-font-size\">E-mail:<br>info@visbybors.se<\/h3>\n<\/div>\n<\/div>\n\n\n\n<div class=\"wp-block-column is-vertically-aligned-center is-layout-flow wp-container-core-column-is-layout-2aca0da8 wp-block-column-is-layout-flow\" style=\"padding-top:0px;padding-right:0px;padding-bottom:0px;padding-left:0px\">\n<div class=\"wp-block-group has-border-color has-mono-3-border-color has-base-background-color has-background has-global-padding is-content-justification-left is-layout-constrained wp-container-core-group-is-layout-42365f81 wp-block-group-is-layout-constrained\" style=\"border-width:1px;border-radius:16px;margin-top:0;margin-bottom:0;padding-top:var(--wp--preset--spacing--superbspacing-xsmall);padding-right:var(--wp--preset--spacing--superbspacing-xsmall);padding-bottom:var(--wp--preset--spacing--superbspacing-xsmall);padding-left:var(--wp--preset--spacing--superbspacing-xsmall)\">\n<div class=\"wp-block-group has-global-padding is-content-justification-left is-layout-constrained wp-container-core-group-is-layout-76976ce4 wp-block-group-is-layout-constrained\">\n<figure class=\"wp-block-image size-large is-resized\"><img loading=\"lazy\" decoding=\"async\" width=\"112\" height=\"112\" src=\"https:\/\/www.wisbyhotelgroup.se\/wp-content\/uploads\/2025\/03\/icon-phone-call.png\" alt=\"\" class=\"wp-image-1473\" style=\"width:32px;height:32px\" srcset=\"https:\/\/www.wisbyhotelgroup.se\/wp-content\/uploads\/2025\/03\/icon-phone-call.png 112w, https:\/\/www.wisbyhotelgroup.se\/wp-content\/uploads\/2025\/03\/icon-phone-call-80x80.png 80w\" sizes=\"auto, (max-width: 112px) 100vw, 112px\" \/><\/figure>\n<\/div>\n\n\n\n<h3 class=\"wp-block-heading has-text-align-left has-contrast-color has-text-color has-superbfont-xsmall-font-size\">Phonenumber: <br> +46 (0) 498-20 33 00<\/h3>\n<\/div>\n<\/div>\n\n\n\n<div class=\"wp-block-column is-vertically-aligned-center is-layout-flow wp-container-core-column-is-layout-2aca0da8 wp-block-column-is-layout-flow\" style=\"padding-top:0px;padding-right:0px;padding-bottom:0px;padding-left:0px\">\n<div class=\"wp-block-group has-border-color has-mono-3-border-color has-base-background-color has-background has-global-padding is-content-justification-left is-layout-constrained wp-container-core-group-is-layout-50ba5a9f wp-block-group-is-layout-constrained\" style=\"border-width:1px;border-radius:16px;padding-top:var(--wp--preset--spacing--superbspacing-xsmall);padding-right:var(--wp--preset--spacing--superbspacing-xsmall);padding-bottom:var(--wp--preset--spacing--superbspacing-xsmall);padding-left:var(--wp--preset--spacing--superbspacing-xsmall)\">\n<div class=\"wp-block-group has-global-padding is-content-justification-left is-layout-constrained wp-container-core-group-is-layout-76976ce4 wp-block-group-is-layout-constrained\">\n<figure class=\"wp-block-image size-large is-resized\"><img loading=\"lazy\" decoding=\"async\" width=\"112\" height=\"112\" src=\"https:\/\/www.wisbyhotelgroup.se\/wp-content\/uploads\/2025\/03\/icon-push-pin-simple.png\" alt=\"\" class=\"wp-image-1474\" style=\"width:32px;height:32px\" srcset=\"https:\/\/www.wisbyhotelgroup.se\/wp-content\/uploads\/2025\/03\/icon-push-pin-simple.png 112w, https:\/\/www.wisbyhotelgroup.se\/wp-content\/uploads\/2025\/03\/icon-push-pin-simple-80x80.png 80w\" sizes=\"auto, (max-width: 112px) 100vw, 112px\" \/><\/figure>\n<\/div>\n\n\n\n<h3 class=\"wp-block-heading has-text-align-left has-contrast-color has-text-color has-superbfont-xsmall-font-size\">Address: Strandgatan 10,<br>621 56 Visby<\/h3>\n<\/div>\n<\/div>\n<\/div>\n<\/div>\n<\/div>\n\n\n\n<h6 class=\"wp-block-heading has-text-align-center\">Hotel Visby B\u00f6rs is part of Wisby Hotel Group. <br>Feel free to visit some of our partners during your stay and to contact us<br> if you would like help booking a table somewhere!<\/h6>","protected":false},"excerpt":{"rendered":"<p>Portkod Portkod: 3557 \u2013 port l\u00e5st dygnet runt Wi-Fi Wi-Fi: VISBYBORSL\u00f6senord: strandgatan10 Frukost Vardagar: 06.30 \u2013 10.00Helger: 06.30 \u2013 10.30 Frukosten serveras i matsalen som ligger i mitten av hotellbyggnaden och n\u00e5s via receptionens entr\u00e9 p\u00e5 Strandgatan 10. St\u00e4dning Rummen st\u00e4das varje dag s\u00e5 l\u00e4nge ni inte har h\u00e4ngt upp skylten \u201dDo not disturb\u201d p\u00e5 [&hellip;]<\/p>\n","protected":false},"author":5,"featured_media":0,"parent":0,"menu_order":0,"comment_status":"closed","ping_status":"closed","template":"","meta":{"_crdt_document":"","footnotes":""},"class_list":["post-1494","page","type-page","status-publish","hentry"],"yoast_head":"<!-- This site is optimized with the Yoast SEO plugin v27.3 - https:\/\/yoast.com\/product\/yoast-seo-wordpress\/ -->\n<title>G\u00e4stinformation Hotell Visby B\u00f6rs       Novgorodgr\u00e4nd -<\/title>\n<meta name=\"robots\" content=\"index, follow, max-snippet:-1, max-image-preview:large, max-video-preview:-1\" \/>\n<link rel=\"canonical\" href=\"https:\/\/www.wisbyhotelgroup.se\/en\/0011-2\/\" \/>\n<meta property=\"og:locale\" content=\"en_US\" \/>\n<meta property=\"og:type\" content=\"article\" \/>\n<meta property=\"og:title\" content=\"G\u00e4stinformation Hotell Visby B\u00f6rs       Novgorodgr\u00e4nd -\" \/>\n<meta property=\"og:description\" content=\"Portkod Portkod: 3557 \u2013 port l\u00e5st dygnet runt Wi-Fi Wi-Fi: VISBYBORSL\u00f6senord: strandgatan10 Frukost Vardagar: 06.30 \u2013 10.00Helger: 06.30 \u2013 10.30 Frukosten serveras i matsalen som ligger i mitten av hotellbyggnaden och n\u00e5s via receptionens entr\u00e9 p\u00e5 Strandgatan 10. St\u00e4dning Rummen st\u00e4das varje dag s\u00e5 l\u00e4nge ni inte har h\u00e4ngt upp skylten \u201dDo not disturb\u201d p\u00e5 [&hellip;]\" \/>\n<meta property=\"og:url\" content=\"https:\/\/www.wisbyhotelgroup.se\/en\/0011-2\/\" \/>\n<meta property=\"article:modified_time\" content=\"2026-04-01T06:28:17+00:00\" \/>\n<meta property=\"og:image\" content=\"https:\/\/www.wisbyhotelgroup.se\/wp-content\/uploads\/2024\/08\/IMG_3241.jpeg\" \/>\n\t<meta property=\"og:image:width\" content=\"1125\" \/>\n\t<meta property=\"og:image:height\" content=\"1681\" \/>\n\t<meta property=\"og:image:type\" content=\"image\/jpeg\" \/>\n<meta name=\"twitter:card\" content=\"summary_large_image\" \/>\n<meta name=\"twitter:label1\" content=\"Est. reading time\" \/>\n\t<meta name=\"twitter:data1\" content=\"2 minutes\" \/>\n<script type=\"application\/ld+json\" class=\"yoast-schema-graph\">{\"@context\":\"https:\\\/\\\/schema.org\",\"@graph\":[{\"@type\":\"WebPage\",\"@id\":\"https:\\\/\\\/www.wisbyhotelgroup.se\\\/0011-2\\\/\",\"url\":\"https:\\\/\\\/www.wisbyhotelgroup.se\\\/0011-2\\\/\",\"name\":\"G\u00e4stinformation Hotell Visby B\u00f6rs Novgorodgr\u00e4nd -\",\"isPartOf\":{\"@id\":\"https:\\\/\\\/www.wisbyhotelgroup.se\\\/#website\"},\"primaryImageOfPage\":{\"@id\":\"https:\\\/\\\/www.wisbyhotelgroup.se\\\/0011-2\\\/#primaryimage\"},\"image\":{\"@id\":\"https:\\\/\\\/www.wisbyhotelgroup.se\\\/0011-2\\\/#primaryimage\"},\"thumbnailUrl\":\"https:\\\/\\\/www.wisbyhotelgroup.se\\\/wp-content\\\/uploads\\\/2024\\\/08\\\/IMG_3241.jpeg\",\"datePublished\":\"2025-03-29T17:43:06+00:00\",\"dateModified\":\"2026-04-01T06:28:17+00:00\",\"breadcrumb\":{\"@id\":\"https:\\\/\\\/www.wisbyhotelgroup.se\\\/0011-2\\\/#breadcrumb\"},\"inLanguage\":\"en-US\",\"potentialAction\":[{\"@type\":\"ReadAction\",\"target\":[\"https:\\\/\\\/www.wisbyhotelgroup.se\\\/0011-2\\\/\"]}]},{\"@type\":\"ImageObject\",\"inLanguage\":\"en-US\",\"@id\":\"https:\\\/\\\/www.wisbyhotelgroup.se\\\/0011-2\\\/#primaryimage\",\"url\":\"https:\\\/\\\/www.wisbyhotelgroup.se\\\/wp-content\\\/uploads\\\/2024\\\/08\\\/IMG_3241.jpeg\",\"contentUrl\":\"https:\\\/\\\/www.wisbyhotelgroup.se\\\/wp-content\\\/uploads\\\/2024\\\/08\\\/IMG_3241.jpeg\"},{\"@type\":\"BreadcrumbList\",\"@id\":\"https:\\\/\\\/www.wisbyhotelgroup.se\\\/0011-2\\\/#breadcrumb\",\"itemListElement\":[{\"@type\":\"ListItem\",\"position\":1,\"name\":\"Hem\",\"item\":\"https:\\\/\\\/www.wisbyhotelgroup.se\\\/\"},{\"@type\":\"ListItem\",\"position\":2,\"name\":\"G\u00e4stinformation Hotell Visby B\u00f6rs Novgorodgr\u00e4nd\"}]},{\"@type\":\"WebSite\",\"@id\":\"https:\\\/\\\/www.wisbyhotelgroup.se\\\/#website\",\"url\":\"https:\\\/\\\/www.wisbyhotelgroup.se\\\/\",\"name\":\"Wisby Hotel Group\",\"description\":\"Aff\u00e4rsresor och privata upplevelser i v\u00e4rldsklass\",\"publisher\":{\"@id\":\"https:\\\/\\\/www.wisbyhotelgroup.se\\\/#organization\"},\"potentialAction\":[{\"@type\":\"SearchAction\",\"target\":{\"@type\":\"EntryPoint\",\"urlTemplate\":\"https:\\\/\\\/www.wisbyhotelgroup.se\\\/?s={search_term_string}\"},\"query-input\":{\"@type\":\"PropertyValueSpecification\",\"valueRequired\":true,\"valueName\":\"search_term_string\"}}],\"inLanguage\":\"en-US\"},{\"@type\":\"Organization\",\"@id\":\"https:\\\/\\\/www.wisbyhotelgroup.se\\\/#organization\",\"name\":\"Wisby Hotel Group\",\"url\":\"https:\\\/\\\/www.wisbyhotelgroup.se\\\/\",\"logo\":{\"@type\":\"ImageObject\",\"inLanguage\":\"en-US\",\"@id\":\"https:\\\/\\\/www.wisbyhotelgroup.se\\\/#\\\/schema\\\/logo\\\/image\\\/\",\"url\":\"https:\\\/\\\/www.wisbyhotelgroup.se\\\/wp-content\\\/uploads\\\/2025\\\/03\\\/Logotyp-Wisby-Hotel-Group.png\",\"contentUrl\":\"https:\\\/\\\/www.wisbyhotelgroup.se\\\/wp-content\\\/uploads\\\/2025\\\/03\\\/Logotyp-Wisby-Hotel-Group.png\",\"width\":276,\"height\":182,\"caption\":\"Wisby Hotel Group\"},\"image\":{\"@id\":\"https:\\\/\\\/www.wisbyhotelgroup.se\\\/#\\\/schema\\\/logo\\\/image\\\/\"},\"sameAs\":[\"https:\\\/\\\/www.tiktok.com\\\/discover\\\/wisby-hotel-group\"]}]}<\/script>\n<!-- \/ Yoast SEO plugin. -->","yoast_head_json":{"title":"G\u00e4stinformation Hotell Visby B\u00f6rs       Novgorodgr\u00e4nd -","robots":{"index":"index","follow":"follow","max-snippet":"max-snippet:-1","max-image-preview":"max-image-preview:large","max-video-preview":"max-video-preview:-1"},"canonical":"https:\/\/www.wisbyhotelgroup.se\/en\/0011-2\/","og_locale":"en_US","og_type":"article","og_title":"G\u00e4stinformation Hotell Visby B\u00f6rs       Novgorodgr\u00e4nd -","og_description":"Portkod Portkod: 3557 \u2013 port l\u00e5st dygnet runt Wi-Fi Wi-Fi: VISBYBORSL\u00f6senord: strandgatan10 Frukost Vardagar: 06.30 \u2013 10.00Helger: 06.30 \u2013 10.30 Frukosten serveras i matsalen som ligger i mitten av hotellbyggnaden och n\u00e5s via receptionens entr\u00e9 p\u00e5 Strandgatan 10. St\u00e4dning Rummen st\u00e4das varje dag s\u00e5 l\u00e4nge ni inte har h\u00e4ngt upp skylten \u201dDo not disturb\u201d p\u00e5 [&hellip;]","og_url":"https:\/\/www.wisbyhotelgroup.se\/en\/0011-2\/","article_modified_time":"2026-04-01T06:28:17+00:00","og_image":[{"width":1125,"height":1681,"url":"https:\/\/www.wisbyhotelgroup.se\/wp-content\/uploads\/2024\/08\/IMG_3241.jpeg","type":"image\/jpeg"}],"twitter_card":"summary_large_image","twitter_misc":{"Est. reading time":"2 minutes"},"schema":{"@context":"https:\/\/schema.org","@graph":[{"@type":"WebPage","@id":"https:\/\/www.wisbyhotelgroup.se\/0011-2\/","url":"https:\/\/www.wisbyhotelgroup.se\/0011-2\/","name":"G\u00e4stinformation Hotell Visby B\u00f6rs Novgorodgr\u00e4nd -","isPartOf":{"@id":"https:\/\/www.wisbyhotelgroup.se\/#website"},"primaryImageOfPage":{"@id":"https:\/\/www.wisbyhotelgroup.se\/0011-2\/#primaryimage"},"image":{"@id":"https:\/\/www.wisbyhotelgroup.se\/0011-2\/#primaryimage"},"thumbnailUrl":"https:\/\/www.wisbyhotelgroup.se\/wp-content\/uploads\/2024\/08\/IMG_3241.jpeg","datePublished":"2025-03-29T17:43:06+00:00","dateModified":"2026-04-01T06:28:17+00:00","breadcrumb":{"@id":"https:\/\/www.wisbyhotelgroup.se\/0011-2\/#breadcrumb"},"inLanguage":"en-US","potentialAction":[{"@type":"ReadAction","target":["https:\/\/www.wisbyhotelgroup.se\/0011-2\/"]}]},{"@type":"ImageObject","inLanguage":"en-US","@id":"https:\/\/www.wisbyhotelgroup.se\/0011-2\/#primaryimage","url":"https:\/\/www.wisbyhotelgroup.se\/wp-content\/uploads\/2024\/08\/IMG_3241.jpeg","contentUrl":"https:\/\/www.wisbyhotelgroup.se\/wp-content\/uploads\/2024\/08\/IMG_3241.jpeg"},{"@type":"BreadcrumbList","@id":"https:\/\/www.wisbyhotelgroup.se\/0011-2\/#breadcrumb","itemListElement":[{"@type":"ListItem","position":1,"name":"Hem","item":"https:\/\/www.wisbyhotelgroup.se\/"},{"@type":"ListItem","position":2,"name":"G\u00e4stinformation Hotell Visby B\u00f6rs Novgorodgr\u00e4nd"}]},{"@type":"WebSite","@id":"https:\/\/www.wisbyhotelgroup.se\/#website","url":"https:\/\/www.wisbyhotelgroup.se\/","name":"Wisby Hotel Group","description":"Aff\u00e4rsresor och privata upplevelser i v\u00e4rldsklass","publisher":{"@id":"https:\/\/www.wisbyhotelgroup.se\/#organization"},"potentialAction":[{"@type":"SearchAction","target":{"@type":"EntryPoint","urlTemplate":"https:\/\/www.wisbyhotelgroup.se\/?s={search_term_string}"},"query-input":{"@type":"PropertyValueSpecification","valueRequired":true,"valueName":"search_term_string"}}],"inLanguage":"en-US"},{"@type":"Organization","@id":"https:\/\/www.wisbyhotelgroup.se\/#organization","name":"Wisby Hotel Group","url":"https:\/\/www.wisbyhotelgroup.se\/","logo":{"@type":"ImageObject","inLanguage":"en-US","@id":"https:\/\/www.wisbyhotelgroup.se\/#\/schema\/logo\/image\/","url":"https:\/\/www.wisbyhotelgroup.se\/wp-content\/uploads\/2025\/03\/Logotyp-Wisby-Hotel-Group.png","contentUrl":"https:\/\/www.wisbyhotelgroup.se\/wp-content\/uploads\/2025\/03\/Logotyp-Wisby-Hotel-Group.png","width":276,"height":182,"caption":"Wisby Hotel Group"},"image":{"@id":"https:\/\/www.wisbyhotelgroup.se\/#\/schema\/logo\/image\/"},"sameAs":["https:\/\/www.tiktok.com\/discover\/wisby-hotel-group"]}]}},"jetpack_sharing_enabled":true,"_links":{"self":[{"href":"https:\/\/www.wisbyhotelgroup.se\/en\/wp-json\/wp\/v2\/pages\/1494","targetHints":{"allow":["GET"]}}],"collection":[{"href":"https:\/\/www.wisbyhotelgroup.se\/en\/wp-json\/wp\/v2\/pages"}],"about":[{"href":"https:\/\/www.wisbyhotelgroup.se\/en\/wp-json\/wp\/v2\/types\/page"}],"author":[{"embeddable":true,"href":"https:\/\/www.wisbyhotelgroup.se\/en\/wp-json\/wp\/v2\/users\/5"}],"replies":[{"embeddable":true,"href":"https:\/\/www.wisbyhotelgroup.se\/en\/wp-json\/wp\/v2\/comments?post=1494"}],"version-history":[{"count":13,"href":"https:\/\/www.wisbyhotelgroup.se\/en\/wp-json\/wp\/v2\/pages\/1494\/revisions"}],"predecessor-version":[{"id":4047,"href":"https:\/\/www.wisbyhotelgroup.se\/en\/wp-json\/wp\/v2\/pages\/1494\/revisions\/4047"}],"wp:attachment":[{"href":"https:\/\/www.wisbyhotelgroup.se\/en\/wp-json\/wp\/v2\/media?parent=1494"}],"curies":[{"name":"wp","href":"https:\/\/api.w.org\/{rel}","templated":true}]}}