{"id":1498,"date":"2025-03-29T17:57:06","date_gmt":"2025-03-29T17:57:06","guid":{"rendered":"https:\/\/www.wisbyhotelgroup.se\/?page_id=1498"},"modified":"2026-04-01T07:48:41","modified_gmt":"2026-04-01T07:48:41","slug":"0007-2","status":"publish","type":"page","link":"https:\/\/www.wisbyhotelgroup.se\/en\/0007-2\/","title":{"rendered":"Guestinformation Hotel Slottsbacken"},"content":{"rendered":"<div class=\"wp-block-group alignfull is-layout-flow wp-block-group-is-layout-flow\">\n<div class=\"wp-block-group alignfull has-global-padding is-layout-constrained wp-block-group-is-layout-constrained\">\n<div class=\"wp-block-cover alignfull is-light\" style=\"margin-top:0;margin-bottom:0;padding-top:var(--wp--preset--spacing--superbspacing-xxlarge);padding-right:var(--wp--preset--spacing--superbspacing-medium);padding-bottom:var(--wp--preset--spacing--superbspacing-xxlarge);padding-left:var(--wp--preset--spacing--superbspacing-medium);min-height:600px;aspect-ratio:unset;\"><img loading=\"lazy\" decoding=\"async\" width=\"1200\" height=\"803\" class=\"wp-block-cover__image-background wp-image-104\" alt=\"\" src=\"https:\/\/www.wisbyhotelgroup.se\/wp-content\/uploads\/2017\/10\/slottsbacken-1.jpg\" data-object-fit=\"cover\" srcset=\"https:\/\/www.wisbyhotelgroup.se\/wp-content\/uploads\/2017\/10\/slottsbacken-1.jpg 1200w, https:\/\/www.wisbyhotelgroup.se\/wp-content\/uploads\/2017\/10\/slottsbacken-1-300x201.jpg 300w, https:\/\/www.wisbyhotelgroup.se\/wp-content\/uploads\/2017\/10\/slottsbacken-1-768x514.jpg 768w, https:\/\/www.wisbyhotelgroup.se\/wp-content\/uploads\/2017\/10\/slottsbacken-1-1030x689.jpg 1030w, https:\/\/www.wisbyhotelgroup.se\/wp-content\/uploads\/2017\/10\/slottsbacken-1-705x472.jpg 705w, https:\/\/www.wisbyhotelgroup.se\/wp-content\/uploads\/2017\/10\/slottsbacken-1-450x301.jpg 450w\" sizes=\"auto, (max-width: 1200px) 100vw, 1200px\" \/><span aria-hidden=\"true\" class=\"wp-block-cover__background has-background-dim-30 has-background-dim\" style=\"background-color:#8d8d8d\"><\/span><div class=\"wp-block-cover__inner-container is-layout-flow wp-block-cover-is-layout-flow\">\n<div class=\"wp-block-group has-global-padding is-layout-constrained wp-container-core-group-is-layout-323c2a09 wp-block-group-is-layout-constrained\">\n<div class=\"wp-block-group is-vertical is-content-justification-center is-layout-flex wp-container-core-group-is-layout-35d362e6 wp-block-group-is-layout-flex\">\n<h5 class=\"wp-block-heading has-text-align-center has-contrast-light-color has-text-color has-superbfont-xlarge-font-size\">Welcome to Hotel Slottsbacken! We're delighted to have you with us. <\/h5>\n\n\n\n<h4 class=\"wp-block-heading has-text-align-center\"><mark style=\"background-color:rgba(0, 0, 0, 0)\" class=\"has-inline-color has-contrast-light-color\">Here you will find everything you need to know during your stay!<\/mark><\/h4>\n<\/div>\n<\/div>\n<\/div><\/div>\n<\/div>\n<\/div>\n\n\n\n<div class=\"wp-block-columns is-layout-flex wp-container-core-columns-is-layout-461897f4 wp-block-columns-is-layout-flex\">\n<div class=\"wp-block-column is-layout-flow wp-block-column-is-layout-flow\">\n<h2 class=\"wp-block-heading\">Entrance code<\/h2>\n\n\n\n<p class=\"wp-block-paragraph\">1650 \u2013 the gate is locked after the reception's staffing hours.<\/p>\n<\/div>\n\n\n\n<div class=\"wp-block-column is-layout-flow wp-block-column-is-layout-flow\">\n<h2 class=\"wp-block-heading\">Wi-Fi <\/h2>\n\n\n\n<p class=\"wp-block-paragraph\">Hotell Slottsbacken \u2013 open network, no password required<\/p>\n<\/div>\n\n\n\n<div class=\"wp-block-column is-layout-flow wp-block-column-is-layout-flow\">\n<div class=\"wp-block-group has-global-padding is-layout-constrained wp-block-group-is-layout-constrained\">\n<h2 class=\"wp-block-heading\">Breakfast<\/h2>\n<\/div>\n\n\n\n<p class=\"wp-block-paragraph\">Served between 6:30 AM - 10:00 AM on weekdays and 6:30 AM - 10:30 AM on weekends.<\/p>\n<\/div>\n<\/div>\n\n\n\n<h2 class=\"wp-block-heading\">Housekeeping<\/h2>\n\n\n\n<p class=\"wp-block-paragraph\">The rooms are tidied up every day as long as you have not hung the <strong>\u201dDo not disturb\u201d<\/strong> sign on the door or are in the room when the staff has your room next on their schedule. Please put the towels on the floor if you want new ones, and do not leave any personal items on the bed if you want it made. Thank you!<\/p>\n\n\n\n<h2 class=\"wp-block-heading\">Coffee &amp; tea<\/h2>\n\n\n\n<p class=\"wp-block-paragraph\">Coffee and tea are always available at the reception.<\/p>\n\n\n\n<div class=\"wp-block-group alignfull is-layout-flow wp-block-group-is-layout-flow\">\n<div class=\"wp-block-group alignfull has-background-secondary-background-color has-background has-global-padding is-layout-constrained wp-container-core-group-is-layout-9ef42c86 wp-block-group-is-layout-constrained\" style=\"padding-top:var(--wp--preset--spacing--superbspacing-xxlarge);padding-right:var(--wp--preset--spacing--superbspacing-small);padding-bottom:var(--wp--preset--spacing--superbspacing-xxlarge);padding-left:var(--wp--preset--spacing--superbspacing-small)\">\n<div class=\"wp-block-group alignwide has-global-padding is-layout-constrained wp-container-core-group-is-layout-07f2f32c wp-block-group-is-layout-constrained\">\n<h2 class=\"wp-block-heading has-text-align-center has-primary-color has-text-color has-superbfont-xxsmall-font-size\" style=\"font-style:normal;font-weight:700;letter-spacing:5px;text-transform:uppercase\">Contact<\/h2>\n\n\n\n<p class=\"has-text-align-center has-secondary-color has-text-color has-superbfont-small-font-size wp-block-paragraph\">The reception is staffed Monday-Sunday from 8 am to 5 pm. After that, we are available on call for urgent matters for those of you who are at the hotel. <br>Don't hesitate to contact us if you have any other questions or concerns!<\/p>\n<\/div>\n\n\n\n<div class=\"wp-block-columns alignwide is-layout-flex wp-container-core-columns-is-layout-eecd9a8f wp-block-columns-is-layout-flex\" style=\"border-radius:0px;padding-top:0;padding-right:0;padding-bottom:0;padding-left:0\">\n<div class=\"wp-block-column is-vertically-aligned-center is-layout-flow wp-container-core-column-is-layout-d51cdc38 wp-block-column-is-layout-flow\" style=\"padding-top:0;padding-right:0;padding-bottom:0;padding-left:0\">\n<div class=\"wp-block-group has-border-color has-mono-3-border-color has-base-background-color has-background has-global-padding is-content-justification-left is-layout-constrained wp-container-core-group-is-layout-50ba5a9f wp-block-group-is-layout-constrained\" style=\"border-width:1px;border-radius:16px;padding-top:var(--wp--preset--spacing--superbspacing-xsmall);padding-right:var(--wp--preset--spacing--superbspacing-xsmall);padding-bottom:var(--wp--preset--spacing--superbspacing-xsmall);padding-left:var(--wp--preset--spacing--superbspacing-xsmall)\">\n<div class=\"wp-block-group has-global-padding is-content-justification-left is-layout-constrained wp-container-core-group-is-layout-76976ce4 wp-block-group-is-layout-constrained\">\n<figure class=\"wp-block-image size-large is-resized\"><img decoding=\"async\" src=\"https:\/\/www.wisbyhotelgroup.se\/wp-content\/uploads\/2024\/08\/icon-email.png\" alt=\"\" style=\"width:32px;height:32px\"\/><\/figure>\n<\/div>\n\n\n\n<h3 class=\"wp-block-heading has-text-align-left has-contrast-color has-text-color has-superbfont-xsmall-font-size\">E-mail:<br>info@hotellslottsbacken.se<\/h3>\n<\/div>\n<\/div>\n\n\n\n<div class=\"wp-block-column is-vertically-aligned-center is-layout-flow wp-container-core-column-is-layout-2aca0da8 wp-block-column-is-layout-flow\" style=\"padding-top:0px;padding-right:0px;padding-bottom:0px;padding-left:0px\">\n<div class=\"wp-block-group has-border-color has-mono-3-border-color has-base-background-color has-background has-global-padding is-content-justification-left is-layout-constrained wp-container-core-group-is-layout-42365f81 wp-block-group-is-layout-constrained\" style=\"border-width:1px;border-radius:16px;margin-top:0;margin-bottom:0;padding-top:var(--wp--preset--spacing--superbspacing-xsmall);padding-right:var(--wp--preset--spacing--superbspacing-xsmall);padding-bottom:var(--wp--preset--spacing--superbspacing-xsmall);padding-left:var(--wp--preset--spacing--superbspacing-xsmall)\">\n<div class=\"wp-block-group has-global-padding is-content-justification-left is-layout-constrained wp-container-core-group-is-layout-76976ce4 wp-block-group-is-layout-constrained\">\n<figure class=\"wp-block-image size-large is-resized\"><img decoding=\"async\" src=\"https:\/\/www.wisbyhotelgroup.se\/wp-content\/uploads\/2024\/08\/icon-phone-call.png\" alt=\"\" style=\"width:32px;height:32px\"\/><\/figure>\n<\/div>\n\n\n\n<h3 class=\"wp-block-heading has-text-align-left has-contrast-color has-text-color has-superbfont-xsmall-font-size\">Phonenumber: <br> +46 (0) 498-20 33 00<\/h3>\n<\/div>\n<\/div>\n\n\n\n<div class=\"wp-block-column is-vertically-aligned-center is-layout-flow wp-container-core-column-is-layout-2aca0da8 wp-block-column-is-layout-flow\" style=\"padding-top:0px;padding-right:0px;padding-bottom:0px;padding-left:0px\">\n<div class=\"wp-block-group has-border-color has-mono-3-border-color has-base-background-color has-background has-global-padding is-content-justification-left is-layout-constrained wp-container-core-group-is-layout-50ba5a9f wp-block-group-is-layout-constrained\" style=\"border-width:1px;border-radius:16px;padding-top:var(--wp--preset--spacing--superbspacing-xsmall);padding-right:var(--wp--preset--spacing--superbspacing-xsmall);padding-bottom:var(--wp--preset--spacing--superbspacing-xsmall);padding-left:var(--wp--preset--spacing--superbspacing-xsmall)\">\n<div class=\"wp-block-group has-global-padding is-content-justification-left is-layout-constrained wp-container-core-group-is-layout-76976ce4 wp-block-group-is-layout-constrained\">\n<figure class=\"wp-block-image size-large is-resized\"><img decoding=\"async\" src=\"https:\/\/www.wisbyhotelgroup.se\/wp-content\/uploads\/2024\/08\/icon-push-pin-simple.png\" alt=\"\" style=\"width:32px;height:32px\"\/><\/figure>\n<\/div>\n\n\n\n<h3 class=\"wp-block-heading has-text-align-left has-contrast-color has-text-color has-superbfont-xsmall-font-size\">Address: Visborgsgatan 1, 621 57 Visby<\/h3>\n<\/div>\n<\/div>\n<\/div>\n<\/div>\n<\/div>\n\n\n\n<h6 class=\"wp-block-heading has-text-align-center\">Hotel Slottsbacken is part of Wisby Hotel Group. <br>Feel free to visit some of our partners during your stay and to contact us<br> if you would like help booking a table somewhere!<\/h6>","protected":false},"excerpt":{"rendered":"<p>Portkod 1650 &#8211; porten l\u00e5ses efter receptionens bemanningstider. Wi-Fi Hotell Slottsbacken &#8211; \u00f6ppet n\u00e4tverk, inget l\u00f6senord kr\u00e4vs. Frukost Serveras mellan 06.30 \u2013 10.00 p\u00e5 vardagar och 06.30 \u2013 10.30 p\u00e5 helgen. St\u00e4dning Rummen st\u00e4das varje dag s\u00e5 l\u00e4nge ni inte har h\u00e4ngt upp skylten \u201dDo not disturb\u201d p\u00e5 d\u00f6rren eller befinner er i rummet n\u00e4r [&hellip;]<\/p>\n","protected":false},"author":5,"featured_media":0,"parent":0,"menu_order":0,"comment_status":"closed","ping_status":"closed","template":"","meta":{"_crdt_document":"","footnotes":""},"class_list":["post-1498","page","type-page","status-publish","hentry"],"yoast_head":"<!-- This site is optimized with the Yoast SEO plugin v27.3 - https:\/\/yoast.com\/product\/yoast-seo-wordpress\/ -->\n<title>G\u00e4stinformation Hotell Slottsbacken -<\/title>\n<meta name=\"robots\" content=\"index, follow, max-snippet:-1, max-image-preview:large, max-video-preview:-1\" \/>\n<link rel=\"canonical\" href=\"https:\/\/www.wisbyhotelgroup.se\/en\/0007-2\/\" \/>\n<meta property=\"og:locale\" content=\"en_US\" \/>\n<meta property=\"og:type\" content=\"article\" \/>\n<meta property=\"og:title\" content=\"G\u00e4stinformation Hotell Slottsbacken -\" \/>\n<meta property=\"og:description\" content=\"Portkod 1650 &#8211; porten l\u00e5ses efter receptionens bemanningstider. Wi-Fi Hotell Slottsbacken &#8211; \u00f6ppet n\u00e4tverk, inget l\u00f6senord kr\u00e4vs. Frukost Serveras mellan 06.30 \u2013 10.00 p\u00e5 vardagar och 06.30 \u2013 10.30 p\u00e5 helgen. St\u00e4dning Rummen st\u00e4das varje dag s\u00e5 l\u00e4nge ni inte har h\u00e4ngt upp skylten \u201dDo not disturb\u201d p\u00e5 d\u00f6rren eller befinner er i rummet n\u00e4r [&hellip;]\" \/>\n<meta property=\"og:url\" content=\"https:\/\/www.wisbyhotelgroup.se\/en\/0007-2\/\" \/>\n<meta property=\"article:modified_time\" content=\"2026-04-01T07:48:41+00:00\" \/>\n<meta property=\"og:image\" content=\"https:\/\/www.wisbyhotelgroup.se\/wp-content\/uploads\/2017\/10\/slottsbacken-1.jpg\" \/>\n\t<meta property=\"og:image:width\" content=\"1200\" \/>\n\t<meta property=\"og:image:height\" content=\"803\" \/>\n\t<meta property=\"og:image:type\" content=\"image\/jpeg\" \/>\n<meta name=\"twitter:card\" content=\"summary_large_image\" \/>\n<meta name=\"twitter:label1\" content=\"Est. reading time\" \/>\n\t<meta name=\"twitter:data1\" content=\"2 minutes\" \/>\n<script type=\"application\/ld+json\" class=\"yoast-schema-graph\">{\"@context\":\"https:\\\/\\\/schema.org\",\"@graph\":[{\"@type\":\"WebPage\",\"@id\":\"https:\\\/\\\/www.wisbyhotelgroup.se\\\/0007-2\\\/\",\"url\":\"https:\\\/\\\/www.wisbyhotelgroup.se\\\/0007-2\\\/\",\"name\":\"G\u00e4stinformation Hotell Slottsbacken -\",\"isPartOf\":{\"@id\":\"https:\\\/\\\/www.wisbyhotelgroup.se\\\/#website\"},\"primaryImageOfPage\":{\"@id\":\"https:\\\/\\\/www.wisbyhotelgroup.se\\\/0007-2\\\/#primaryimage\"},\"image\":{\"@id\":\"https:\\\/\\\/www.wisbyhotelgroup.se\\\/0007-2\\\/#primaryimage\"},\"thumbnailUrl\":\"https:\\\/\\\/www.wisbyhotelgroup.se\\\/wp-content\\\/uploads\\\/2017\\\/10\\\/slottsbacken-1.jpg\",\"datePublished\":\"2025-03-29T17:57:06+00:00\",\"dateModified\":\"2026-04-01T07:48:41+00:00\",\"breadcrumb\":{\"@id\":\"https:\\\/\\\/www.wisbyhotelgroup.se\\\/0007-2\\\/#breadcrumb\"},\"inLanguage\":\"en-US\",\"potentialAction\":[{\"@type\":\"ReadAction\",\"target\":[\"https:\\\/\\\/www.wisbyhotelgroup.se\\\/0007-2\\\/\"]}]},{\"@type\":\"ImageObject\",\"inLanguage\":\"en-US\",\"@id\":\"https:\\\/\\\/www.wisbyhotelgroup.se\\\/0007-2\\\/#primaryimage\",\"url\":\"https:\\\/\\\/www.wisbyhotelgroup.se\\\/wp-content\\\/uploads\\\/2017\\\/10\\\/slottsbacken-1.jpg\",\"contentUrl\":\"https:\\\/\\\/www.wisbyhotelgroup.se\\\/wp-content\\\/uploads\\\/2017\\\/10\\\/slottsbacken-1.jpg\"},{\"@type\":\"BreadcrumbList\",\"@id\":\"https:\\\/\\\/www.wisbyhotelgroup.se\\\/0007-2\\\/#breadcrumb\",\"itemListElement\":[{\"@type\":\"ListItem\",\"position\":1,\"name\":\"Hem\",\"item\":\"https:\\\/\\\/www.wisbyhotelgroup.se\\\/\"},{\"@type\":\"ListItem\",\"position\":2,\"name\":\"G\u00e4stinformation Hotell Slottsbacken\"}]},{\"@type\":\"WebSite\",\"@id\":\"https:\\\/\\\/www.wisbyhotelgroup.se\\\/#website\",\"url\":\"https:\\\/\\\/www.wisbyhotelgroup.se\\\/\",\"name\":\"Wisby Hotel Group\",\"description\":\"Aff\u00e4rsresor och privata upplevelser i v\u00e4rldsklass\",\"publisher\":{\"@id\":\"https:\\\/\\\/www.wisbyhotelgroup.se\\\/#organization\"},\"potentialAction\":[{\"@type\":\"SearchAction\",\"target\":{\"@type\":\"EntryPoint\",\"urlTemplate\":\"https:\\\/\\\/www.wisbyhotelgroup.se\\\/?s={search_term_string}\"},\"query-input\":{\"@type\":\"PropertyValueSpecification\",\"valueRequired\":true,\"valueName\":\"search_term_string\"}}],\"inLanguage\":\"en-US\"},{\"@type\":\"Organization\",\"@id\":\"https:\\\/\\\/www.wisbyhotelgroup.se\\\/#organization\",\"name\":\"Wisby Hotel Group\",\"url\":\"https:\\\/\\\/www.wisbyhotelgroup.se\\\/\",\"logo\":{\"@type\":\"ImageObject\",\"inLanguage\":\"en-US\",\"@id\":\"https:\\\/\\\/www.wisbyhotelgroup.se\\\/#\\\/schema\\\/logo\\\/image\\\/\",\"url\":\"https:\\\/\\\/www.wisbyhotelgroup.se\\\/wp-content\\\/uploads\\\/2025\\\/03\\\/Logotyp-Wisby-Hotel-Group.png\",\"contentUrl\":\"https:\\\/\\\/www.wisbyhotelgroup.se\\\/wp-content\\\/uploads\\\/2025\\\/03\\\/Logotyp-Wisby-Hotel-Group.png\",\"width\":276,\"height\":182,\"caption\":\"Wisby Hotel Group\"},\"image\":{\"@id\":\"https:\\\/\\\/www.wisbyhotelgroup.se\\\/#\\\/schema\\\/logo\\\/image\\\/\"},\"sameAs\":[\"https:\\\/\\\/www.tiktok.com\\\/discover\\\/wisby-hotel-group\"]}]}<\/script>\n<!-- \/ Yoast SEO plugin. -->","yoast_head_json":{"title":"G\u00e4stinformation Hotell Slottsbacken -","robots":{"index":"index","follow":"follow","max-snippet":"max-snippet:-1","max-image-preview":"max-image-preview:large","max-video-preview":"max-video-preview:-1"},"canonical":"https:\/\/www.wisbyhotelgroup.se\/en\/0007-2\/","og_locale":"en_US","og_type":"article","og_title":"G\u00e4stinformation Hotell Slottsbacken -","og_description":"Portkod 1650 &#8211; porten l\u00e5ses efter receptionens bemanningstider. Wi-Fi Hotell Slottsbacken &#8211; \u00f6ppet n\u00e4tverk, inget l\u00f6senord kr\u00e4vs. Frukost Serveras mellan 06.30 \u2013 10.00 p\u00e5 vardagar och 06.30 \u2013 10.30 p\u00e5 helgen. St\u00e4dning Rummen st\u00e4das varje dag s\u00e5 l\u00e4nge ni inte har h\u00e4ngt upp skylten \u201dDo not disturb\u201d p\u00e5 d\u00f6rren eller befinner er i rummet n\u00e4r [&hellip;]","og_url":"https:\/\/www.wisbyhotelgroup.se\/en\/0007-2\/","article_modified_time":"2026-04-01T07:48:41+00:00","og_image":[{"width":1200,"height":803,"url":"https:\/\/www.wisbyhotelgroup.se\/wp-content\/uploads\/2017\/10\/slottsbacken-1.jpg","type":"image\/jpeg"}],"twitter_card":"summary_large_image","twitter_misc":{"Est. reading time":"2 minutes"},"schema":{"@context":"https:\/\/schema.org","@graph":[{"@type":"WebPage","@id":"https:\/\/www.wisbyhotelgroup.se\/0007-2\/","url":"https:\/\/www.wisbyhotelgroup.se\/0007-2\/","name":"G\u00e4stinformation Hotell Slottsbacken -","isPartOf":{"@id":"https:\/\/www.wisbyhotelgroup.se\/#website"},"primaryImageOfPage":{"@id":"https:\/\/www.wisbyhotelgroup.se\/0007-2\/#primaryimage"},"image":{"@id":"https:\/\/www.wisbyhotelgroup.se\/0007-2\/#primaryimage"},"thumbnailUrl":"https:\/\/www.wisbyhotelgroup.se\/wp-content\/uploads\/2017\/10\/slottsbacken-1.jpg","datePublished":"2025-03-29T17:57:06+00:00","dateModified":"2026-04-01T07:48:41+00:00","breadcrumb":{"@id":"https:\/\/www.wisbyhotelgroup.se\/0007-2\/#breadcrumb"},"inLanguage":"en-US","potentialAction":[{"@type":"ReadAction","target":["https:\/\/www.wisbyhotelgroup.se\/0007-2\/"]}]},{"@type":"ImageObject","inLanguage":"en-US","@id":"https:\/\/www.wisbyhotelgroup.se\/0007-2\/#primaryimage","url":"https:\/\/www.wisbyhotelgroup.se\/wp-content\/uploads\/2017\/10\/slottsbacken-1.jpg","contentUrl":"https:\/\/www.wisbyhotelgroup.se\/wp-content\/uploads\/2017\/10\/slottsbacken-1.jpg"},{"@type":"BreadcrumbList","@id":"https:\/\/www.wisbyhotelgroup.se\/0007-2\/#breadcrumb","itemListElement":[{"@type":"ListItem","position":1,"name":"Hem","item":"https:\/\/www.wisbyhotelgroup.se\/"},{"@type":"ListItem","position":2,"name":"G\u00e4stinformation Hotell Slottsbacken"}]},{"@type":"WebSite","@id":"https:\/\/www.wisbyhotelgroup.se\/#website","url":"https:\/\/www.wisbyhotelgroup.se\/","name":"Wisby Hotel Group","description":"Aff\u00e4rsresor och privata upplevelser i v\u00e4rldsklass","publisher":{"@id":"https:\/\/www.wisbyhotelgroup.se\/#organization"},"potentialAction":[{"@type":"SearchAction","target":{"@type":"EntryPoint","urlTemplate":"https:\/\/www.wisbyhotelgroup.se\/?s={search_term_string}"},"query-input":{"@type":"PropertyValueSpecification","valueRequired":true,"valueName":"search_term_string"}}],"inLanguage":"en-US"},{"@type":"Organization","@id":"https:\/\/www.wisbyhotelgroup.se\/#organization","name":"Wisby Hotel Group","url":"https:\/\/www.wisbyhotelgroup.se\/","logo":{"@type":"ImageObject","inLanguage":"en-US","@id":"https:\/\/www.wisbyhotelgroup.se\/#\/schema\/logo\/image\/","url":"https:\/\/www.wisbyhotelgroup.se\/wp-content\/uploads\/2025\/03\/Logotyp-Wisby-Hotel-Group.png","contentUrl":"https:\/\/www.wisbyhotelgroup.se\/wp-content\/uploads\/2025\/03\/Logotyp-Wisby-Hotel-Group.png","width":276,"height":182,"caption":"Wisby Hotel Group"},"image":{"@id":"https:\/\/www.wisbyhotelgroup.se\/#\/schema\/logo\/image\/"},"sameAs":["https:\/\/www.tiktok.com\/discover\/wisby-hotel-group"]}]}},"jetpack_sharing_enabled":true,"_links":{"self":[{"href":"https:\/\/www.wisbyhotelgroup.se\/en\/wp-json\/wp\/v2\/pages\/1498","targetHints":{"allow":["GET"]}}],"collection":[{"href":"https:\/\/www.wisbyhotelgroup.se\/en\/wp-json\/wp\/v2\/pages"}],"about":[{"href":"https:\/\/www.wisbyhotelgroup.se\/en\/wp-json\/wp\/v2\/types\/page"}],"author":[{"embeddable":true,"href":"https:\/\/www.wisbyhotelgroup.se\/en\/wp-json\/wp\/v2\/users\/5"}],"replies":[{"embeddable":true,"href":"https:\/\/www.wisbyhotelgroup.se\/en\/wp-json\/wp\/v2\/comments?post=1498"}],"version-history":[{"count":26,"href":"https:\/\/www.wisbyhotelgroup.se\/en\/wp-json\/wp\/v2\/pages\/1498\/revisions"}],"predecessor-version":[{"id":4049,"href":"https:\/\/www.wisbyhotelgroup.se\/en\/wp-json\/wp\/v2\/pages\/1498\/revisions\/4049"}],"wp:attachment":[{"href":"https:\/\/www.wisbyhotelgroup.se\/en\/wp-json\/wp\/v2\/media?parent=1498"}],"curies":[{"name":"wp","href":"https:\/\/api.w.org\/{rel}","templated":true}]}}