{"id":16,"date":"2017-10-11T07:29:42","date_gmt":"2017-10-11T07:29:42","guid":{"rendered":"https:\/\/www.wisbyhotelgroup.se\/?page_id=16"},"modified":"2025-05-07T12:20:06","modified_gmt":"2025-05-07T12:20:06","slug":"avtalskunder","status":"publish","type":"page","link":"https:\/\/www.wisbyhotelgroup.se\/en\/avtalskunder\/","title":{"rendered":"Avtalskunder"},"content":{"rendered":"<nav class=\"is-responsive wp-block-navigation is-layout-flex wp-block-navigation-is-layout-flex\" aria-label=\"Navigation 2\" \n\t\t data-wp-interactive=\"core\/navigation\" data-wp-context='{\"overlayOpenedBy\":{\"click\":false,\"hover\":false,\"focus\":false},\"type\":\"overlay\",\"roleAttribute\":\"\",\"ariaLabel\":\"Menu\"}'><button aria-haspopup=\"dialog\" aria-label=\"Open menu\" class=\"wp-block-navigation__responsive-container-open\" \n\t\t\t\tdata-wp-on--click=\"actions.openMenuOnClick\"\n\t\t\t\tdata-wp-on--keydown=\"actions.handleMenuKeydown\"\n\t\t\t><svg width=\"24\" height=\"24\" xmlns=\"http:\/\/www.w3.org\/2000\/svg\" viewBox=\"0 0 24 24\" aria-hidden=\"true\" focusable=\"false\"><path d=\"M4 7.5h16v1.5H4z\"><\/path><path d=\"M4 15h16v1.5H4z\"><\/path><\/svg><\/button>\n\t\t\t\t<div class=\"wp-block-navigation__responsive-container\"  id=\"modal-1\" \n\t\t\t\tdata-wp-class--has-modal-open=\"state.isMenuOpen\"\n\t\t\t\tdata-wp-class--is-menu-open=\"state.isMenuOpen\"\n\t\t\t\tdata-wp-watch=\"callbacks.initMenu\"\n\t\t\t\tdata-wp-on--keydown=\"actions.handleMenuKeydown\"\n\t\t\t\tdata-wp-on--focusout=\"actions.handleMenuFocusout\"\n\t\t\t\ttabindex=\"-1\"\n\t\t\t>\n\t\t\t\t\t<div class=\"wp-block-navigation__responsive-close\" tabindex=\"-1\">\n\t\t\t\t\t\t<div class=\"wp-block-navigation__responsive-dialog\" \n\t\t\t\tdata-wp-bind--aria-modal=\"state.ariaModal\"\n\t\t\t\tdata-wp-bind--aria-label=\"state.ariaLabel\"\n\t\t\t\tdata-wp-bind--role=\"state.roleAttribute\"\n\t\t\t>\n\t\t\t\t\t\t\t<button aria-label=\"Close menu\" class=\"wp-block-navigation__responsive-container-close\" \n\t\t\t\tdata-wp-on--click=\"actions.closeMenuOnClick\"\n\t\t\t><svg xmlns=\"http:\/\/www.w3.org\/2000\/svg\" viewBox=\"0 0 24 24\" width=\"24\" height=\"24\" aria-hidden=\"true\" focusable=\"false\"><path d=\"m13.06 12 6.47-6.47-1.06-1.06L12 10.94 5.53 4.47 4.47 5.53 10.94 12l-6.47 6.47 1.06 1.06L12 13.06l6.47 6.47 1.06-1.06L13.06 12Z\"><\/path><\/svg><\/button>\n\t\t\t\t\t\t\t<div class=\"wp-block-navigation__responsive-container-content\" \n\t\t\t\tdata-wp-watch=\"callbacks.focusFirstElement\"\n\t\t\t id=\"modal-1-content\">\n\t\t\t\t\t\t\t\t<ul class=\"wp-block-navigation__container is-responsive wp-block-navigation\"><li data-wp-context=\"{ &quot;submenuOpenedBy&quot;: { &quot;click&quot;: false, &quot;hover&quot;: false, &quot;focus&quot;: false }, &quot;type&quot;: &quot;submenu&quot;, &quot;modal&quot;: null, &quot;previousFocus&quot;: null }\" data-wp-interactive=\"core\/navigation\" data-wp-on--focusout=\"actions.handleMenuFocusout\" data-wp-on--keydown=\"actions.handleMenuKeydown\" data-wp-on--pointerenter=\"actions.openMenuOnHover\" data-wp-on--pointerleave=\"actions.closeMenuOnHover\" data-wp-watch=\"callbacks.initMenu\" tabindex=\"-1\" class=\"wp-block-navigation-item has-child open-on-hover-click wp-block-navigation-submenu\"><a class=\"wp-block-navigation-item__content\" href=\"http:\/\/Kateogier\"><span class=\"wp-block-navigation-item__label\">Kategorier<\/span><\/a><button data-wp-bind--aria-expanded=\"state.isMenuOpen\" data-wp-on--click=\"actions.toggleMenuOnClick\" aria-label=\"Kategorier submenu\" class=\"wp-block-navigation__submenu-icon wp-block-navigation-submenu__toggle\" ><svg xmlns=\"http:\/\/www.w3.org\/2000\/svg\" width=\"12\" height=\"12\" viewBox=\"0 0 12 12\" fill=\"none\" aria-hidden=\"true\" focusable=\"false\"><path d=\"M1.50002 4L6.00002 8L10.5 4\" stroke-width=\"1.5\"><\/path><\/svg><\/button><ul data-wp-on--focus=\"actions.openMenuOnFocus\" class=\"wp-block-navigation__submenu-container wp-block-navigation-submenu\"><li class=\" wp-block-navigation-item wp-block-navigation-link\"><a class=\"wp-block-navigation-item__content\"  href=\"https:\/\/www.wisbyhotelgroup.se\/hotell\/\"><span class=\"wp-block-navigation-item__label\">V\u00e5ra hotell<\/span><\/a><\/li><li class=\" wp-block-navigation-item wp-block-navigation-link\"><a class=\"wp-block-navigation-item__content\"  href=\"https:\/\/www.wisbyhotelgroup.se\/restauranger\/\"><span class=\"wp-block-navigation-item__label\">Restaurang &amp; catering<\/span><\/a><\/li><li class=\" wp-block-navigation-item wp-block-navigation-link\"><a class=\"wp-block-navigation-item__content\"  href=\"https:\/\/www.wisbyhotelgroup.se\/event\/\"><span class=\"wp-block-navigation-item__label\">Konferens &amp; Event<\/span><\/a><\/li><li class=\" wp-block-navigation-item wp-block-navigation-link\"><a class=\"wp-block-navigation-item__content\"  href=\"https:\/\/www.wisbyhotelgroup.se\/almedalsveckan\/\"><span class=\"wp-block-navigation-item__label\">Almedalsveckan<\/span><\/a><\/li><li class=\" wp-block-navigation-item wp-block-navigation-link\"><a class=\"wp-block-navigation-item__content\"  href=\"https:\/\/www.wisbyhotelgroup.se\/evenemang\/\"><span class=\"wp-block-navigation-item__label\">Evenemang <\/span><\/a><\/li><li class=\" wp-block-navigation-item wp-block-navigation-link\"><a class=\"wp-block-navigation-item__content\"  href=\"https:\/\/www.wisbyhotelgroup.se\/brollop\/\"><span class=\"wp-block-navigation-item__label\">Br\u00f6llop <\/span><\/a><\/li><\/ul><\/li><li class=\" wp-block-navigation-item wp-block-navigation-link\"><a class=\"wp-block-navigation-item__content\"  href=\"https:\/\/www.wisbyhotelgroup.se\/kontakt\/\"><span class=\"wp-block-navigation-item__label\">Kontakt<\/span><\/a><\/li><li class=\"wp-block-navigation-item\"><div class=\"is-default-size wp-block-site-logo\"><a href=\"https:\/\/www.wisbyhotelgroup.se\/en\/\" class=\"custom-logo-link\" rel=\"home\"><img loading=\"lazy\" decoding=\"async\" width=\"1140\" height=\"754\" src=\"https:\/\/www.wisbyhotelgroup.se\/wp-content\/uploads\/2017\/10\/whg-logo.jpg\" class=\"custom-logo\" alt=\"\" srcset=\"https:\/\/www.wisbyhotelgroup.se\/wp-content\/uploads\/2017\/10\/whg-logo.jpg 1140w, https:\/\/www.wisbyhotelgroup.se\/wp-content\/uploads\/2017\/10\/whg-logo-300x198.jpg 300w, https:\/\/www.wisbyhotelgroup.se\/wp-content\/uploads\/2017\/10\/whg-logo-768x508.jpg 768w, https:\/\/www.wisbyhotelgroup.se\/wp-content\/uploads\/2017\/10\/whg-logo-1030x681.jpg 1030w, https:\/\/www.wisbyhotelgroup.se\/wp-content\/uploads\/2017\/10\/whg-logo-705x466.jpg 705w, https:\/\/www.wisbyhotelgroup.se\/wp-content\/uploads\/2017\/10\/whg-logo-450x298.jpg 450w\" sizes=\"auto, (max-width: 1140px) 100vw, 1140px\" \/><\/a><\/div><\/li><\/ul>\n\t\t\t\t\t\t\t\t\n\t\t\t\t\t\t\t<\/div>\n\t\t\t\t\t\t<\/div>\n\t\t\t\t\t<\/div>\n\t\t\t\t<\/div><\/nav>\n\n<p>[av_slideshow_full size=&#8217;featured&#8217; min_height=&#8217;0px&#8217; stretch=&#8221; animation=&#8217;slide&#8217; autoplay=&#8217;false&#8217; interval=&#8217;5&#8242; control_layout=&#8217;av-control-default&#8217; src=&#8221; attachment=&#8221; attachment_size=&#8221; position=&#8217;top left&#8217; repeat=&#8217;no-repeat&#8217; attach=&#8217;scroll&#8217; av_uid=&#8217;av-929b0&#8242;]<br \/>[av_slide_full id=&#8217;24&#8217; slide_type=&#8221; video=&#8217;http:\/\/&#8217; mobile_image=&#8221; video_format=&#8221; video_ratio=&#8217;16:9&#8242; video_controls=&#8221; video_mute=&#8221; video_loop=&#8221; video_autoplay=&#8221; title=&#8221; custom_title_size=&#8221; custom_content_size=&#8221; caption_pos=&#8217;caption_bottom&#8217; link_apply=&#8221; link=&#8221; link_target=&#8221; button_label=&#8217;Click me&#8217; button_color=&#8217;light&#8217; link1=&#8221; link_target1=&#8221; button_label2=&#8217;Click me&#8217; button_color2=&#8217;light&#8217; link2=&#8221; link_target2=&#8221; font_color=&#8221; custom_title=&#8221; custom_content=&#8221; overlay_enable=&#8221; overlay_opacity=&#8217;0.5&#8242; overlay_color=&#8221; overlay_pattern=&#8221; overlay_custom_pattern=&#8221; av-medium-font-size-title=&#8221; av-small-font-size-title=&#8221; av-mini-font-size-title=&#8221; av-medium-font-size=&#8221; av-small-font-size=&#8221; av-mini-font-size=&#8221; av_uid=&#8217;av-vh6w&#8217;][\/av_slide_full]<br \/>[\/av_slideshow_full]<\/p>\r\n<p>[av_section min_height=&#8221; min_height_px=&#8217;500px&#8217; padding=&#8217;no-padding&#8217; shadow=&#8217;no-shadow&#8217; bottom_border=&#8217;no-border-styling&#8217; bottom_border_diagonal_color=&#8217;#333333&#8242; bottom_border_diagonal_direction=&#8221; bottom_border_style=&#8221; id=&#8221; color=&#8217;main_color&#8217; custom_bg=&#8221; src=&#8221; attachment=&#8221; attachment_size=&#8221; attach=&#8217;scroll&#8217; position=&#8217;top left&#8217; repeat=&#8217;no-repeat&#8217; video=&#8221; video_ratio=&#8217;16:9&#8242; overlay_opacity=&#8217;0.5&#8242; overlay_color=&#8221; overlay_pattern=&#8221; overlay_custom_pattern=&#8221; av_element_hidden_in_editor=&#8217;0&#8242; av_uid=&#8217;av-89400&#8242;]<\/p>\r\n<p>[av_one_half first min_height=&#8221; vertical_alignment=&#8217;av-align-top&#8217; space=&#8221; margin=&#8217;0px&#8217; margin_sync=&#8217;true&#8217; padding=&#8217;0px&#8217; padding_sync=&#8217;true&#8217; border=&#8221; border_color=&#8221; radius=&#8217;0px&#8217; radius_sync=&#8217;true&#8217; background_color=&#8221; src=&#8221; attachment=&#8221; attachment_size=&#8221; background_position=&#8217;top left&#8217; background_repeat=&#8217;no-repeat&#8217; animation=&#8221; mobile_breaking=&#8221; mobile_display=&#8221; av_uid=&#8217;av-77s90&#8242;]<\/p>\r\n<p>[av_hr class=&#8217;invisible&#8217; height=&#8217;35&#8217; shadow=&#8217;no-shadow&#8217; position=&#8217;center&#8217; custom_border=&#8217;av-border-thin&#8217; custom_width=&#8217;50px&#8217; custom_border_color=&#8221; custom_margin_top=&#8217;30px&#8217; custom_margin_bottom=&#8217;30px&#8217; icon_select=&#8217;yes&#8217; custom_icon_color=&#8221; icon=&#8217;ue808&#8242; font=&#8217;entypo-fontello&#8217; admin_preview_bg=&#8221; av_uid=&#8217;av-72dko&#8217;]<\/p>\r\n<p>[av_heading tag=&#8217;h2&#8242; padding=&#8217;10&#8217; heading=&#8217;Bli avtalskund&#8217; color=&#8221; style=&#8217;blockquote modern-quote&#8217; custom_font=&#8221; size=&#8221; subheading_active=&#8221; subheading_size=&#8217;15&#8217; custom_class=&#8221; admin_preview_bg=&#8221; av-desktop-hide=&#8221; av-medium-hide=&#8221; av-small-hide=&#8221; av-mini-hide=&#8221; av-medium-font-size-title=&#8221; av-small-font-size-title=&#8221; av-mini-font-size-title=&#8221; av-medium-font-size=&#8221; av-small-font-size=&#8221; av-mini-font-size=&#8221; av_uid=&#8217;av-6hdv4&#8242;][\/av_heading]<\/p>\r\n<p>[av_hr class=&#8217;custom&#8217; height=&#8217;50&#8217; shadow=&#8217;no-shadow&#8217; position=&#8217;center&#8217; custom_border=&#8217;av-border-thin&#8217; custom_width=&#8217;600px&#8217; custom_border_color=&#8217;#d3b53d&#8217; custom_margin_top=&#8217;0px&#8217; custom_margin_bottom=&#8217;30px&#8217; icon_select=&#8217;no&#8217; custom_icon_color=&#8221; icon=&#8217;ue808&#8242; font=&#8217;entypo-fontello&#8217; admin_preview_bg=&#8221; av_uid=&#8217;av-l5ic&#8217;]<\/p>\r\n<p>[av_textblock fold_type=&#8221; fold_height=&#8221; fold_more=&#8217;L\u00e4s mer&#8217; fold_less=&#8217;Read less&#8217; fold_text_style=&#8221; fold_btn_align=&#8221; textblock_styling_align=&#8221; textblock_styling=&#8221; textblock_styling_gap=&#8221; textblock_styling_mobile=&#8221; size=&#8217;16&#8217; av-desktop-font-size=&#8221; av-medium-font-size=&#8221; av-small-font-size=&#8221; av-mini-font-size=&#8221; font_color=&#8217;custom&#8217; color=&#8217;#595959&#8242; fold_overlay_color=&#8221; fold_text_color=&#8221; fold_btn_color=&#8217;theme-color&#8217; fold_btn_bg_color=&#8221; fold_btn_font_color=&#8221; size-btn-text=&#8221; av-desktop-font-size-btn-text=&#8221; av-medium-font-size-btn-text=&#8221; av-small-font-size-btn-text=&#8221; av-mini-font-size-btn-text=&#8221; fold_timer=&#8221; z_index_fold=&#8221; id=&#8221; custom_class=&#8221; template_class=&#8221; av_uid=&#8217;av-58dc8&#8242; sc_version=&#8217;1.0&#8242; admin_preview_bg=&#8221;]<\/p>\r\n<p class=\"p1\"><span class=\"s1\">Inom Wisby Hotel Group arbetar vi med \u00f6ppenhet och tror p\u00e5 \u00f6msesidiga aff\u00e4rer. Vi utg\u00e5r fr\u00e5n v\u00e5ra kunders behov och vill skapa l\u00e5ngsiktiga aff\u00e4rsrelationer med en personlig upplevelse. Vi har fyra hotell med olika stilar s\u00e5 det finns n\u00e5got som passar alla.\u00a0<\/span><\/p>\r\n<p>Dra iv\u00e4g ett mail till v\u00e5r f\u00f6rs\u00e4ljnings- &amp; marknadschef med vad ni har f\u00f6r behov <span class=\"s1\">s\u00e5 hj\u00e4lper vi er att hitta den b\u00e4sta l\u00f6sningen utformat f\u00f6r just er.<\/span><\/p>\r\n<p><a href=\"mailto:anders@wisbyhotelgroup.se\">anders@wisbyhotelgroup.se<\/a><br \/>[\/av_textblock]<\/p>\r\n<p>[av_hr class=&#8217;custom&#8217; height=&#8217;50&#8217; shadow=&#8217;no-shadow&#8217; position=&#8217;center&#8217; custom_border=&#8217;av-border-thin&#8217; custom_width=&#8217;600px&#8217; custom_border_color=&#8217;#d3b53d&#8217; custom_margin_top=&#8217;20px&#8217; custom_margin_bottom=&#8217;30px&#8217; icon_select=&#8217;no&#8217; custom_icon_color=&#8221; icon=&#8217;ue808&#8242; font=&#8217;entypo-fontello&#8217; admin_preview_bg=&#8221; av_uid=&#8217;av-fi1c&#8217;]<\/p>\r\n<p>[\/av_one_half][\/av_section][av_one_full first min_height=&#8221; vertical_alignment=&#8217;av-align-top&#8217; space=&#8221; row_boxshadow=&#8221; row_boxshadow_color=&#8221; row_boxshadow_width=&#8217;10&#8217; custom_margin=&#8221; margin=&#8217;0px&#8217; mobile_breaking=&#8221; mobile_column_order=&#8221; min_col_height=&#8221; padding=&#8221; svg_div_top=&#8221; svg_div_top_color=&#8217;#333333&#8242; svg_div_top_width=&#8217;100&#8242; svg_div_top_height=&#8217;50&#8217; svg_div_top_max_height=&#8217;none&#8217; svg_div_top_flip=&#8221; svg_div_top_invert=&#8221; svg_div_top_front=&#8221; svg_div_top_opacity=&#8221; svg_div_top_preview=&#8221; svg_div_bottom=&#8221; svg_div_bottom_color=&#8217;#333333&#8242; svg_div_bottom_width=&#8217;100&#8242; svg_div_bottom_height=&#8217;50&#8217; svg_div_bottom_max_height=&#8217;none&#8217; svg_div_bottom_flip=&#8221; svg_div_bottom_invert=&#8221; svg_div_bottom_front=&#8221; svg_div_bottom_opacity=&#8221; svg_div_bottom_preview=&#8221; border=&#8221; border_style=&#8217;solid&#8217; border_color=&#8221; radius=&#8221; column_boxshadow=&#8221; column_boxshadow_color=&#8221; column_boxshadow_width=&#8217;10&#8217; background=&#8217;bg_color&#8217; background_color=&#8221; background_gradient_direction=&#8217;vertical&#8217; background_gradient_color1=&#8217;#000000&#8242; background_gradient_color2=&#8217;#ffffff&#8217; background_gradient_color3=&#8221; src=&#8221; background_position=&#8217;top left&#8217; background_repeat=&#8217;no-repeat&#8217; highlight=&#8221; highlight_size=&#8221; animation=&#8221; link=&#8221; linktarget=&#8221; link_hover=&#8221; title_attr=&#8221; alt_attr=&#8221; mobile_display=&#8221; mobile_col_pos=&#8217;0&#8242; id=&#8221; custom_class=&#8221; template_class=&#8221; aria_label=&#8221; av_uid=&#8217;av-scds&#8217; sc_version=&#8217;1.0&#8242;][\/av_one_full]<\/p>","protected":false},"excerpt":{"rendered":"<p>[av_slideshow_full size=&#8217;featured&#8217; min_height=&#8217;0px&#8217; stretch=&#8221; animation=&#8217;slide&#8217; autoplay=&#8217;false&#8217; interval=&#8217;5&#8242; control_layout=&#8217;av-control-default&#8217; src=&#8221; attachment=&#8221; attachment_size=&#8221; position=&#8217;top left&#8217; repeat=&#8217;no-repeat&#8217; attach=&#8217;scroll&#8217; av_uid=&#8217;av-929b0&#8242;][av_slide_full id=&#8217;24&#8217; slide_type=&#8221; video=&#8217;http:\/\/&#8217; mobile_image=&#8221; video_format=&#8221; video_ratio=&#8217;16:9&#8242; video_controls=&#8221; video_mute=&#8221; video_loop=&#8221; video_autoplay=&#8221; title=&#8221; custom_title_size=&#8221; custom_content_size=&#8221; caption_pos=&#8217;caption_bottom&#8217; link_apply=&#8221; link=&#8221; link_target=&#8221; button_label=&#8217;Click me&#8217; button_color=&#8217;light&#8217; link1=&#8221; link_target1=&#8221; button_label2=&#8217;Click me&#8217; button_color2=&#8217;light&#8217; link2=&#8221; link_target2=&#8221; font_color=&#8221; custom_title=&#8221; custom_content=&#8221; overlay_enable=&#8221; overlay_opacity=&#8217;0.5&#8242; overlay_color=&#8221; overlay_pattern=&#8221; overlay_custom_pattern=&#8221; av-medium-font-size-title=&#8221; av-small-font-size-title=&#8221; av-mini-font-size-title=&#8221; av-medium-font-size=&#8221; [&hellip;]<\/p>\n","protected":false},"author":2,"featured_media":0,"parent":0,"menu_order":0,"comment_status":"closed","ping_status":"closed","template":"","meta":{"_crdt_document":"","footnotes":""},"class_list":["post-16","page","type-page","status-publish","hentry"],"yoast_head":"<!-- This site is optimized with the Yoast SEO plugin v27.3 - https:\/\/yoast.com\/product\/yoast-seo-wordpress\/ -->\n<title>Avtalskunder -<\/title>\n<meta name=\"robots\" content=\"index, follow, max-snippet:-1, max-image-preview:large, max-video-preview:-1\" \/>\n<link rel=\"canonical\" href=\"https:\/\/www.wisbyhotelgroup.se\/en\/avtalskunder\/\" \/>\n<meta property=\"og:locale\" content=\"en_US\" \/>\n<meta property=\"og:type\" content=\"article\" \/>\n<meta property=\"og:title\" content=\"Avtalskunder -\" \/>\n<meta property=\"og:description\" content=\"[av_slideshow_full size=&#8217;featured&#8217; min_height=&#8217;0px&#8217; stretch=&#8221; animation=&#8217;slide&#8217; autoplay=&#8217;false&#8217; interval=&#8217;5&#8242; control_layout=&#8217;av-control-default&#8217; src=&#8221; attachment=&#8221; attachment_size=&#8221; position=&#8217;top left&#8217; repeat=&#8217;no-repeat&#8217; attach=&#8217;scroll&#8217; av_uid=&#8217;av-929b0&#8242;][av_slide_full id=&#8217;24&#8217; slide_type=&#8221; video=&#8217;http:\/\/&#8217; mobile_image=&#8221; video_format=&#8221; video_ratio=&#8217;16:9&#8242; video_controls=&#8221; video_mute=&#8221; video_loop=&#8221; video_autoplay=&#8221; title=&#8221; custom_title_size=&#8221; custom_content_size=&#8221; caption_pos=&#8217;caption_bottom&#8217; link_apply=&#8221; link=&#8221; link_target=&#8221; button_label=&#8217;Click me&#8217; button_color=&#8217;light&#8217; link1=&#8221; link_target1=&#8221; button_label2=&#8217;Click me&#8217; button_color2=&#8217;light&#8217; link2=&#8221; link_target2=&#8221; font_color=&#8221; custom_title=&#8221; custom_content=&#8221; overlay_enable=&#8221; overlay_opacity=&#8217;0.5&#8242; overlay_color=&#8221; overlay_pattern=&#8221; overlay_custom_pattern=&#8221; av-medium-font-size-title=&#8221; av-small-font-size-title=&#8221; av-mini-font-size-title=&#8221; av-medium-font-size=&#8221; [&hellip;]\" \/>\n<meta property=\"og:url\" content=\"https:\/\/www.wisbyhotelgroup.se\/en\/avtalskunder\/\" \/>\n<meta property=\"article:modified_time\" content=\"2025-05-07T12:20:06+00:00\" \/>\n<meta name=\"twitter:card\" content=\"summary_large_image\" \/>\n<meta name=\"twitter:label1\" content=\"Est. reading time\" \/>\n\t<meta name=\"twitter:data1\" content=\"5 minutes\" \/>\n<script type=\"application\/ld+json\" class=\"yoast-schema-graph\">{\"@context\":\"https:\\\/\\\/schema.org\",\"@graph\":[{\"@type\":\"WebPage\",\"@id\":\"https:\\\/\\\/www.wisbyhotelgroup.se\\\/avtalskunder\\\/\",\"url\":\"https:\\\/\\\/www.wisbyhotelgroup.se\\\/avtalskunder\\\/\",\"name\":\"Avtalskunder -\",\"isPartOf\":{\"@id\":\"https:\\\/\\\/www.wisbyhotelgroup.se\\\/#website\"},\"datePublished\":\"2017-10-11T07:29:42+00:00\",\"dateModified\":\"2025-05-07T12:20:06+00:00\",\"breadcrumb\":{\"@id\":\"https:\\\/\\\/www.wisbyhotelgroup.se\\\/avtalskunder\\\/#breadcrumb\"},\"inLanguage\":\"en-US\",\"potentialAction\":[{\"@type\":\"ReadAction\",\"target\":[\"https:\\\/\\\/www.wisbyhotelgroup.se\\\/avtalskunder\\\/\"]}]},{\"@type\":\"BreadcrumbList\",\"@id\":\"https:\\\/\\\/www.wisbyhotelgroup.se\\\/avtalskunder\\\/#breadcrumb\",\"itemListElement\":[{\"@type\":\"ListItem\",\"position\":1,\"name\":\"Hem\",\"item\":\"https:\\\/\\\/www.wisbyhotelgroup.se\\\/\"},{\"@type\":\"ListItem\",\"position\":2,\"name\":\"Avtalskunder\"}]},{\"@type\":\"WebSite\",\"@id\":\"https:\\\/\\\/www.wisbyhotelgroup.se\\\/#website\",\"url\":\"https:\\\/\\\/www.wisbyhotelgroup.se\\\/\",\"name\":\"Wisby Hotel Group\",\"description\":\"Aff\u00e4rsresor och privata upplevelser i v\u00e4rldsklass\",\"publisher\":{\"@id\":\"https:\\\/\\\/www.wisbyhotelgroup.se\\\/#organization\"},\"potentialAction\":[{\"@type\":\"SearchAction\",\"target\":{\"@type\":\"EntryPoint\",\"urlTemplate\":\"https:\\\/\\\/www.wisbyhotelgroup.se\\\/?s={search_term_string}\"},\"query-input\":{\"@type\":\"PropertyValueSpecification\",\"valueRequired\":true,\"valueName\":\"search_term_string\"}}],\"inLanguage\":\"en-US\"},{\"@type\":\"Organization\",\"@id\":\"https:\\\/\\\/www.wisbyhotelgroup.se\\\/#organization\",\"name\":\"Wisby Hotel Group\",\"url\":\"https:\\\/\\\/www.wisbyhotelgroup.se\\\/\",\"logo\":{\"@type\":\"ImageObject\",\"inLanguage\":\"en-US\",\"@id\":\"https:\\\/\\\/www.wisbyhotelgroup.se\\\/#\\\/schema\\\/logo\\\/image\\\/\",\"url\":\"https:\\\/\\\/www.wisbyhotelgroup.se\\\/wp-content\\\/uploads\\\/2025\\\/03\\\/Logotyp-Wisby-Hotel-Group.png\",\"contentUrl\":\"https:\\\/\\\/www.wisbyhotelgroup.se\\\/wp-content\\\/uploads\\\/2025\\\/03\\\/Logotyp-Wisby-Hotel-Group.png\",\"width\":276,\"height\":182,\"caption\":\"Wisby Hotel Group\"},\"image\":{\"@id\":\"https:\\\/\\\/www.wisbyhotelgroup.se\\\/#\\\/schema\\\/logo\\\/image\\\/\"},\"sameAs\":[\"https:\\\/\\\/www.tiktok.com\\\/discover\\\/wisby-hotel-group\"]}]}<\/script>\n<!-- \/ Yoast SEO plugin. -->","yoast_head_json":{"title":"Avtalskunder -","robots":{"index":"index","follow":"follow","max-snippet":"max-snippet:-1","max-image-preview":"max-image-preview:large","max-video-preview":"max-video-preview:-1"},"canonical":"https:\/\/www.wisbyhotelgroup.se\/en\/avtalskunder\/","og_locale":"en_US","og_type":"article","og_title":"Avtalskunder -","og_description":"[av_slideshow_full size=&#8217;featured&#8217; min_height=&#8217;0px&#8217; stretch=&#8221; animation=&#8217;slide&#8217; autoplay=&#8217;false&#8217; interval=&#8217;5&#8242; control_layout=&#8217;av-control-default&#8217; src=&#8221; attachment=&#8221; attachment_size=&#8221; position=&#8217;top left&#8217; repeat=&#8217;no-repeat&#8217; attach=&#8217;scroll&#8217; av_uid=&#8217;av-929b0&#8242;][av_slide_full id=&#8217;24&#8217; slide_type=&#8221; video=&#8217;http:\/\/&#8217; mobile_image=&#8221; video_format=&#8221; video_ratio=&#8217;16:9&#8242; video_controls=&#8221; video_mute=&#8221; video_loop=&#8221; video_autoplay=&#8221; title=&#8221; custom_title_size=&#8221; custom_content_size=&#8221; caption_pos=&#8217;caption_bottom&#8217; link_apply=&#8221; link=&#8221; link_target=&#8221; button_label=&#8217;Click me&#8217; button_color=&#8217;light&#8217; link1=&#8221; link_target1=&#8221; button_label2=&#8217;Click me&#8217; button_color2=&#8217;light&#8217; link2=&#8221; link_target2=&#8221; font_color=&#8221; custom_title=&#8221; custom_content=&#8221; overlay_enable=&#8221; overlay_opacity=&#8217;0.5&#8242; overlay_color=&#8221; overlay_pattern=&#8221; overlay_custom_pattern=&#8221; av-medium-font-size-title=&#8221; av-small-font-size-title=&#8221; av-mini-font-size-title=&#8221; av-medium-font-size=&#8221; [&hellip;]","og_url":"https:\/\/www.wisbyhotelgroup.se\/en\/avtalskunder\/","article_modified_time":"2025-05-07T12:20:06+00:00","twitter_card":"summary_large_image","twitter_misc":{"Est. reading time":"5 minutes"},"schema":{"@context":"https:\/\/schema.org","@graph":[{"@type":"WebPage","@id":"https:\/\/www.wisbyhotelgroup.se\/avtalskunder\/","url":"https:\/\/www.wisbyhotelgroup.se\/avtalskunder\/","name":"Avtalskunder -","isPartOf":{"@id":"https:\/\/www.wisbyhotelgroup.se\/#website"},"datePublished":"2017-10-11T07:29:42+00:00","dateModified":"2025-05-07T12:20:06+00:00","breadcrumb":{"@id":"https:\/\/www.wisbyhotelgroup.se\/avtalskunder\/#breadcrumb"},"inLanguage":"en-US","potentialAction":[{"@type":"ReadAction","target":["https:\/\/www.wisbyhotelgroup.se\/avtalskunder\/"]}]},{"@type":"BreadcrumbList","@id":"https:\/\/www.wisbyhotelgroup.se\/avtalskunder\/#breadcrumb","itemListElement":[{"@type":"ListItem","position":1,"name":"Hem","item":"https:\/\/www.wisbyhotelgroup.se\/"},{"@type":"ListItem","position":2,"name":"Avtalskunder"}]},{"@type":"WebSite","@id":"https:\/\/www.wisbyhotelgroup.se\/#website","url":"https:\/\/www.wisbyhotelgroup.se\/","name":"Wisby Hotel Group","description":"Aff\u00e4rsresor och privata upplevelser i v\u00e4rldsklass","publisher":{"@id":"https:\/\/www.wisbyhotelgroup.se\/#organization"},"potentialAction":[{"@type":"SearchAction","target":{"@type":"EntryPoint","urlTemplate":"https:\/\/www.wisbyhotelgroup.se\/?s={search_term_string}"},"query-input":{"@type":"PropertyValueSpecification","valueRequired":true,"valueName":"search_term_string"}}],"inLanguage":"en-US"},{"@type":"Organization","@id":"https:\/\/www.wisbyhotelgroup.se\/#organization","name":"Wisby Hotel Group","url":"https:\/\/www.wisbyhotelgroup.se\/","logo":{"@type":"ImageObject","inLanguage":"en-US","@id":"https:\/\/www.wisbyhotelgroup.se\/#\/schema\/logo\/image\/","url":"https:\/\/www.wisbyhotelgroup.se\/wp-content\/uploads\/2025\/03\/Logotyp-Wisby-Hotel-Group.png","contentUrl":"https:\/\/www.wisbyhotelgroup.se\/wp-content\/uploads\/2025\/03\/Logotyp-Wisby-Hotel-Group.png","width":276,"height":182,"caption":"Wisby Hotel Group"},"image":{"@id":"https:\/\/www.wisbyhotelgroup.se\/#\/schema\/logo\/image\/"},"sameAs":["https:\/\/www.tiktok.com\/discover\/wisby-hotel-group"]}]}},"jetpack_sharing_enabled":true,"_links":{"self":[{"href":"https:\/\/www.wisbyhotelgroup.se\/en\/wp-json\/wp\/v2\/pages\/16","targetHints":{"allow":["GET"]}}],"collection":[{"href":"https:\/\/www.wisbyhotelgroup.se\/en\/wp-json\/wp\/v2\/pages"}],"about":[{"href":"https:\/\/www.wisbyhotelgroup.se\/en\/wp-json\/wp\/v2\/types\/page"}],"author":[{"embeddable":true,"href":"https:\/\/www.wisbyhotelgroup.se\/en\/wp-json\/wp\/v2\/users\/2"}],"replies":[{"embeddable":true,"href":"https:\/\/www.wisbyhotelgroup.se\/en\/wp-json\/wp\/v2\/comments?post=16"}],"version-history":[{"count":21,"href":"https:\/\/www.wisbyhotelgroup.se\/en\/wp-json\/wp\/v2\/pages\/16\/revisions"}],"predecessor-version":[{"id":2028,"href":"https:\/\/www.wisbyhotelgroup.se\/en\/wp-json\/wp\/v2\/pages\/16\/revisions\/2028"}],"wp:attachment":[{"href":"https:\/\/www.wisbyhotelgroup.se\/en\/wp-json\/wp\/v2\/media?parent=16"}],"curies":[{"name":"wp","href":"https:\/\/api.w.org\/{rel}","templated":true}]}}