{"id":281,"date":"2018-06-13T10:25:41","date_gmt":"2018-06-13T10:25:41","guid":{"rendered":"https:\/\/www.wisbyhotelgroup.se\/?page_id=281"},"modified":"2026-03-02T11:20:26","modified_gmt":"2026-03-02T11:20:26","slug":"gdpr","status":"publish","type":"page","link":"https:\/\/www.wisbyhotelgroup.se\/en\/gdpr\/","title":{"rendered":"GDPR &amp; Privacy Policy"},"content":{"rendered":"<p>Your privacy is important to us at Wisby Hotel Group (WHG) and Wisby Hotel &amp; Event. We want you to feel safe when you provide us with personal data. Through this policy, we inform you about how we process personal data within our operations.<\/p>\n\n\n\n<p><strong>Data Controller<\/strong><br>Gotland WHG and WHE AB is the data controller for and processes the personal data you provide to us. Personal data refers to all information that can be directly or indirectly linked to a living natural person. This applies, for example, to name, social security number, address, e-mail address and telephone number. Gotland WHG AB may also process information about you that has been obtained from third parties, for example, your employer or address register.<\/p>\n\n\n\n<p><strong>Collection of personal data<\/strong><br>We collect personal data in several ways, but primarily directly from you as a customer and the company that books your stay. Contact information can also be obtained from address registers.<\/p>\n\n\n\n<p><strong>The purposes of the processing<br><\/strong>Gotland WHG and WHE AB operate hotel, restaurant and event businesses in Visby. We process personal data in order to be able to handle your booking at the respective facilities Donners Event, Hotell Slottsbacken, Donners Hotell, Hotell Visby B\u00f6rs, Villa Borgen, Hotell Repet and J\u00e4rnv\u00e4gshotellet.<\/p>\n\n\n\n<p>If you book a hotel room with us, we process your Personal Data for the purpose of providing, managing, administering, following up on and charging for your booking. This also includes our processing for the purpose of reminding or informing you about your booking in connection with your stay.<\/p>\n\n\n\n<p><strong>Hanteringen av personuppgifter<br><\/strong>Gotland WHG and WHE AB may process the personal data of customers and suppliers' contact persons and other interested parties for the purposes stated above. Such data consists of name, address, e-mail address, position, and other data that is necessary for the provision and follow-up of our services and to enable future business relationships. Your personal identification number may also be processed in the event that your company is a sole proprietorship.<\/p>\n\n\n\n<p>In some cases, sensitive personal health data may be processed, such as information about allergies and the like for ordering food or booking rooms. The data is used to enable us to fulfill the booking.<\/p>\n\n\n\n<p>Finally, processing of your personal data may also take place in order for Gotland WHG AB to be able to fulfill obligations under laws and regulations, e.g. regarding accounting and security.<\/p>\n\n\n\n<p><strong style=\"color: var(--wp--preset--color--mono-2); font-family: var(--wp--preset--font-family--fontsecondary); font-size: var(--wp--preset--font-size--superbfont-xsmall); background-color: var(--wp--preset--color--base);\">Access to personal data<br><\/strong>Gotland WHG och WHE AB lagrar personuppgifterna och uppgifterna anv\u00e4nds fr\u00e4mst inom v\u00e5r egen verksamhet.<br>We never sell or forward your personal data to any third party for direct marketing purposes. Gotland WHG and WHE AB also do not transfer personal data to third countries, i.e. countries outside the EU\/EEA area.<\/p>\n\n\n\n<p><strong style=\"color: var(--wp--preset--color--mono-2); font-family: var(--wp--preset--font-family--fontsecondary); font-size: var(--wp--preset--font-size--superbfont-xsmall); background-color: var(--wp--preset--color--base);\">Storage time<br><\/strong>Your personal data will be stored for the period necessary to fulfill the purposes and purposes specified in this privacy policy. After that, your personal data will be deleted. When determining the period during which your personal data will be stored, we take into account in particular the requirements for storage periods that follow from law, government recommendations, industry practice and any warranty obligations.<\/p>\n\n\n\n<p><strong>The data subject's rights<\/strong><br>You have the right to request information about the personal data that Gotland WHG AB processes about you. You also have the right to request that your incorrect personal data be corrected, that your personal data be deleted, to object to certain processing of your personal data and the right to transfer your data (data portability). Requests to exercise any of the rights listed above should be made to us via bokning@wisbyhotelgroup.se<br>In order to access the rights above, we must be able to verify your identity, as the rights only relate to the data subject's right to their own data. The application must therefore be in writing and signed in original, contact us via email for address details. <\/p>\n\n\n\n<p>You also have the right to file a complaint with the Swedish Data Protection Authority at any time if you believe that your personal data is being processed in violation of applicable legislation, see <a href=\"http:\/\/www.datainspektionen.se\">www.datainspektionen.se<\/a>.<\/p>\n\n\n\n<p><strong style=\"color: var(--wp--preset--color--mono-2); font-family: var(--wp--preset--font-family--fontsecondary); font-size: var(--wp--preset--font-size--superbfont-xsmall); background-color: var(--wp--preset--color--base);\">Technical and organizational measures to protect your personal data<\/strong><\/p>\n\n\n\n<p>Gotland WHG AB takes ongoing technical and organizational measures to comply with the principles of \u201cdata protection by design and by default\u201d. We encrypt our storage areas and use security measures according to industry standards. We continuously evaluate the risks associated with the personal data processing that takes place and take necessary security measures to reduce the risks. Employees of Gotland WHG AB are required to follow our internal policies and procedures for IT and information security to ensure that personal data is processed in a confidential and secure manner.<\/p>\n\n\n\n<p><strong style=\"color: var(--wp--preset--color--mono-2); font-family: var(--wp--preset--font-family--fontsecondary); font-size: var(--wp--preset--font-size--superbfont-xsmall); background-color: var(--wp--preset--color--base);\">Changes to the Privacy Policy<br><\/strong>Gotland WHG AB reserves the right to revise this Privacy Policy. The date of the most recent change is stated at the end of the Privacy Policy. If changes are made to the Privacy Policy, these will be published on our website: <a href=\"https:\/\/www.wisbyhotelgroup.se\/en\/\">www.wisbyhotelgroup.se<\/a>. You are therefore advised to visit the website regularly to be aware of any changes to the policy. If the Privacy Policy is changed in a way that is significantly different from what was stated when you provided your information, we will specifically notify you of these changes.<\/p>\n\n\n\n<p>Privacy policy updated: 2024-12-01<\/p>","protected":false},"excerpt":{"rendered":"<p>Din integritet \u00e4r viktig f\u00f6r oss p\u00e5 Wisby Hotel Group (WHG) och Wisby Hotel &amp; Event. Vi vill att du ska kunna k\u00e4nna dig trygg n\u00e4r du l\u00e4mnar personuppgifter till oss. Genom denna policy informerar vi om hur vi behandlar personuppgifter inom v\u00e5r verksamhet. PersonuppgiftsansvarigGotland WHG och WHE AB \u00e4r personuppgiftsansvarig f\u00f6r och behandlar de [&hellip;]<\/p>","protected":false},"author":2,"featured_media":0,"parent":0,"menu_order":0,"comment_status":"closed","ping_status":"closed","template":"","meta":{"footnotes":""},"class_list":["post-281","page","type-page","status-publish","hentry"],"yoast_head":"<!-- This site is optimized with the Yoast SEO plugin v26.2 - https:\/\/yoast.com\/wordpress\/plugins\/seo\/ -->\n<title>GDPR &amp; Integritetspolicy -<\/title>\n<meta name=\"robots\" content=\"index, follow, max-snippet:-1, max-image-preview:large, max-video-preview:-1\" \/>\n<link rel=\"canonical\" href=\"https:\/\/www.wisbyhotelgroup.se\/en\/gdpr\/\" \/>\n<meta property=\"og:locale\" content=\"en_US\" \/>\n<meta property=\"og:type\" content=\"article\" \/>\n<meta property=\"og:title\" content=\"GDPR &amp; Integritetspolicy -\" \/>\n<meta property=\"og:description\" content=\"Din integritet \u00e4r viktig f\u00f6r oss p\u00e5 Wisby Hotel Group (WHG) och Wisby Hotel &amp; Event. Vi vill att du ska kunna k\u00e4nna dig trygg n\u00e4r du l\u00e4mnar personuppgifter till oss. Genom denna policy informerar vi om hur vi behandlar personuppgifter inom v\u00e5r verksamhet. PersonuppgiftsansvarigGotland WHG och WHE AB \u00e4r personuppgiftsansvarig f\u00f6r och behandlar de [&hellip;]\" \/>\n<meta property=\"og:url\" content=\"https:\/\/www.wisbyhotelgroup.se\/en\/gdpr\/\" \/>\n<meta property=\"article:modified_time\" content=\"2026-03-02T11:20:26+00:00\" \/>\n<meta name=\"twitter:card\" content=\"summary_large_image\" \/>\n<meta name=\"twitter:label1\" content=\"Est. reading time\" \/>\n\t<meta name=\"twitter:data1\" content=\"4 minutes\" \/>\n<script type=\"application\/ld+json\" class=\"yoast-schema-graph\">{\"@context\":\"https:\/\/schema.org\",\"@graph\":[{\"@type\":\"WebPage\",\"@id\":\"https:\/\/www.wisbyhotelgroup.se\/gdpr\/\",\"url\":\"https:\/\/www.wisbyhotelgroup.se\/gdpr\/\",\"name\":\"GDPR &amp; Integritetspolicy -\",\"isPartOf\":{\"@id\":\"https:\/\/www.wisbyhotelgroup.se\/#website\"},\"datePublished\":\"2018-06-13T10:25:41+00:00\",\"dateModified\":\"2026-03-02T11:20:26+00:00\",\"breadcrumb\":{\"@id\":\"https:\/\/www.wisbyhotelgroup.se\/gdpr\/#breadcrumb\"},\"inLanguage\":\"en-US\",\"potentialAction\":[{\"@type\":\"ReadAction\",\"target\":[\"https:\/\/www.wisbyhotelgroup.se\/gdpr\/\"]}]},{\"@type\":\"BreadcrumbList\",\"@id\":\"https:\/\/www.wisbyhotelgroup.se\/gdpr\/#breadcrumb\",\"itemListElement\":[{\"@type\":\"ListItem\",\"position\":1,\"name\":\"Hem\",\"item\":\"https:\/\/www.wisbyhotelgroup.se\/\"},{\"@type\":\"ListItem\",\"position\":2,\"name\":\"GDPR &amp; Integritetspolicy\"}]},{\"@type\":\"WebSite\",\"@id\":\"https:\/\/www.wisbyhotelgroup.se\/#website\",\"url\":\"https:\/\/www.wisbyhotelgroup.se\/\",\"name\":\"Wisby Hotel Group\",\"description\":\"Aff\u00e4rsresor och privata upplevelser i v\u00e4rldsklass\",\"publisher\":{\"@id\":\"https:\/\/www.wisbyhotelgroup.se\/#organization\"},\"potentialAction\":[{\"@type\":\"SearchAction\",\"target\":{\"@type\":\"EntryPoint\",\"urlTemplate\":\"https:\/\/www.wisbyhotelgroup.se\/?s={search_term_string}\"},\"query-input\":{\"@type\":\"PropertyValueSpecification\",\"valueRequired\":true,\"valueName\":\"search_term_string\"}}],\"inLanguage\":\"en-US\"},{\"@type\":\"Organization\",\"@id\":\"https:\/\/www.wisbyhotelgroup.se\/#organization\",\"name\":\"Wisby Hotel Group\",\"url\":\"https:\/\/www.wisbyhotelgroup.se\/\",\"logo\":{\"@type\":\"ImageObject\",\"inLanguage\":\"en-US\",\"@id\":\"https:\/\/www.wisbyhotelgroup.se\/#\/schema\/logo\/image\/\",\"url\":\"https:\/\/www.wisbyhotelgroup.se\/wp-content\/uploads\/2025\/03\/Logotyp-Wisby-Hotel-Group.png\",\"contentUrl\":\"https:\/\/www.wisbyhotelgroup.se\/wp-content\/uploads\/2025\/03\/Logotyp-Wisby-Hotel-Group.png\",\"width\":276,\"height\":182,\"caption\":\"Wisby Hotel Group\"},\"image\":{\"@id\":\"https:\/\/www.wisbyhotelgroup.se\/#\/schema\/logo\/image\/\"},\"sameAs\":[\"https:\/\/www.tiktok.com\/discover\/wisby-hotel-group\"]}]}<\/script>\n<!-- \/ Yoast SEO plugin. -->","yoast_head_json":{"title":"GDPR &amp; Integritetspolicy -","robots":{"index":"index","follow":"follow","max-snippet":"max-snippet:-1","max-image-preview":"max-image-preview:large","max-video-preview":"max-video-preview:-1"},"canonical":"https:\/\/www.wisbyhotelgroup.se\/en\/gdpr\/","og_locale":"en_US","og_type":"article","og_title":"GDPR &amp; Integritetspolicy -","og_description":"Din integritet \u00e4r viktig f\u00f6r oss p\u00e5 Wisby Hotel Group (WHG) och Wisby Hotel &amp; Event. Vi vill att du ska kunna k\u00e4nna dig trygg n\u00e4r du l\u00e4mnar personuppgifter till oss. Genom denna policy informerar vi om hur vi behandlar personuppgifter inom v\u00e5r verksamhet. PersonuppgiftsansvarigGotland WHG och WHE AB \u00e4r personuppgiftsansvarig f\u00f6r och behandlar de [&hellip;]","og_url":"https:\/\/www.wisbyhotelgroup.se\/en\/gdpr\/","article_modified_time":"2026-03-02T11:20:26+00:00","twitter_card":"summary_large_image","twitter_misc":{"Est. reading time":"4 minutes"},"schema":{"@context":"https:\/\/schema.org","@graph":[{"@type":"WebPage","@id":"https:\/\/www.wisbyhotelgroup.se\/gdpr\/","url":"https:\/\/www.wisbyhotelgroup.se\/gdpr\/","name":"GDPR &amp; Integritetspolicy -","isPartOf":{"@id":"https:\/\/www.wisbyhotelgroup.se\/#website"},"datePublished":"2018-06-13T10:25:41+00:00","dateModified":"2026-03-02T11:20:26+00:00","breadcrumb":{"@id":"https:\/\/www.wisbyhotelgroup.se\/gdpr\/#breadcrumb"},"inLanguage":"en-US","potentialAction":[{"@type":"ReadAction","target":["https:\/\/www.wisbyhotelgroup.se\/gdpr\/"]}]},{"@type":"BreadcrumbList","@id":"https:\/\/www.wisbyhotelgroup.se\/gdpr\/#breadcrumb","itemListElement":[{"@type":"ListItem","position":1,"name":"Hem","item":"https:\/\/www.wisbyhotelgroup.se\/"},{"@type":"ListItem","position":2,"name":"GDPR &amp; Integritetspolicy"}]},{"@type":"WebSite","@id":"https:\/\/www.wisbyhotelgroup.se\/#website","url":"https:\/\/www.wisbyhotelgroup.se\/","name":"Wisby Hotel Group","description":"Aff\u00e4rsresor och privata upplevelser i v\u00e4rldsklass","publisher":{"@id":"https:\/\/www.wisbyhotelgroup.se\/#organization"},"potentialAction":[{"@type":"SearchAction","target":{"@type":"EntryPoint","urlTemplate":"https:\/\/www.wisbyhotelgroup.se\/?s={search_term_string}"},"query-input":{"@type":"PropertyValueSpecification","valueRequired":true,"valueName":"search_term_string"}}],"inLanguage":"en-US"},{"@type":"Organization","@id":"https:\/\/www.wisbyhotelgroup.se\/#organization","name":"Wisby Hotel Group","url":"https:\/\/www.wisbyhotelgroup.se\/","logo":{"@type":"ImageObject","inLanguage":"en-US","@id":"https:\/\/www.wisbyhotelgroup.se\/#\/schema\/logo\/image\/","url":"https:\/\/www.wisbyhotelgroup.se\/wp-content\/uploads\/2025\/03\/Logotyp-Wisby-Hotel-Group.png","contentUrl":"https:\/\/www.wisbyhotelgroup.se\/wp-content\/uploads\/2025\/03\/Logotyp-Wisby-Hotel-Group.png","width":276,"height":182,"caption":"Wisby Hotel Group"},"image":{"@id":"https:\/\/www.wisbyhotelgroup.se\/#\/schema\/logo\/image\/"},"sameAs":["https:\/\/www.tiktok.com\/discover\/wisby-hotel-group"]}]}},"jetpack_sharing_enabled":true,"_links":{"self":[{"href":"https:\/\/www.wisbyhotelgroup.se\/en\/wp-json\/wp\/v2\/pages\/281","targetHints":{"allow":["GET"]}}],"collection":[{"href":"https:\/\/www.wisbyhotelgroup.se\/en\/wp-json\/wp\/v2\/pages"}],"about":[{"href":"https:\/\/www.wisbyhotelgroup.se\/en\/wp-json\/wp\/v2\/types\/page"}],"author":[{"embeddable":true,"href":"https:\/\/www.wisbyhotelgroup.se\/en\/wp-json\/wp\/v2\/users\/2"}],"replies":[{"embeddable":true,"href":"https:\/\/www.wisbyhotelgroup.se\/en\/wp-json\/wp\/v2\/comments?post=281"}],"version-history":[{"count":15,"href":"https:\/\/www.wisbyhotelgroup.se\/en\/wp-json\/wp\/v2\/pages\/281\/revisions"}],"predecessor-version":[{"id":3755,"href":"https:\/\/www.wisbyhotelgroup.se\/en\/wp-json\/wp\/v2\/pages\/281\/revisions\/3755"}],"wp:attachment":[{"href":"https:\/\/www.wisbyhotelgroup.se\/en\/wp-json\/wp\/v2\/media?parent=281"}],"curies":[{"name":"wp","href":"https:\/\/api.w.org\/{rel}","templated":true}]}}