{"id":3328,"date":"2025-10-28T15:03:29","date_gmt":"2025-10-28T15:03:29","guid":{"rendered":"https:\/\/www.wisbyhotelgroup.se\/?page_id=3328"},"modified":"2025-11-27T11:08:12","modified_gmt":"2025-11-27T11:08:12","slug":"fira-jul-visby","status":"publish","type":"page","link":"https:\/\/www.wisbyhotelgroup.se\/en\/fira-jul-visby\/","title":{"rendered":"Julen p\u00e5 Wisby Hotel Group"},"content":{"rendered":"<h2 class=\"wp-block-heading has-text-align-center\" style=\"padding-top:0;padding-bottom:0\">UPPT\u00c4CK JULENS ERBJUDANDEN<\/h2>\n\n\n\n<p class=\"has-text-align-center has-featured-color has-text-color has-link-color has-superbfont-small-font-size wp-elements-80fc0a2d4f19e0024a7b80d79b25eadb wp-block-paragraph\" style=\"padding-right:var(--wp--preset--spacing--superbspacing-small);padding-left:var(--wp--preset--spacing--superbspacing-small)\">Upplev julens magi hos Wisby Hotel Group. L\u00e5t er omfamnas av v\u00e4rme, gemenskap och doften av julens alla smaker. H\u00e4r v\u00e4ntar st\u00e4mningsfulla milj\u00f6er, v\u00e4lsmakande julbord och vintermys p\u00e5 v\u00e5ra hotell i hj\u00e4rtat av Visby. Samlas f\u00f6r en glittrande julfest, ett mysigt julbord p\u00e5 Joda eller en avkopplande hotellvistelse, h\u00e4r skapar vi minnen att b\u00e4ra med sig l\u00e5ngt efter att sn\u00f6n har sm\u00e4lt.<\/p>\n\n\n\n<div class=\"wp-block-columns is-layout-flex wp-container-core-columns-is-layout-7cf80eca wp-block-columns-is-layout-flex\" style=\"padding-top:var(--wp--preset--spacing--superbspacing-xxsmall);padding-bottom:var(--wp--preset--spacing--superbspacing-xxsmall)\">\n<div class=\"wp-block-column is-vertically-aligned-center is-layout-flow wp-block-column-is-layout-flow\">\n<h2 class=\"wp-block-heading has-text-align-center\" style=\"padding-top:0;padding-right:var(--wp--preset--spacing--superbspacing-xxsmall);padding-bottom:0;padding-left:var(--wp--preset--spacing--superbspacing-xxsmall)\"><strong>Julpaket med \u00f6vernattning &amp; julmiddag<\/strong><\/h2>\n\n\n\n<p class=\"has-text-align-center has-featured-color has-text-color has-link-color has-superbfont-small-font-size wp-elements-194f95bfb7e500733f83c2a325975c27 wp-block-paragraph\" style=\"padding-right:var(--wp--preset--spacing--superbspacing-xsmall);padding-left:var(--wp--preset--spacing--superbspacing-xsmall)\">L\u00e4mna julstressen bakom er och njut av ett magiskt julpaket p\u00e5 v\u00e5ra hotell i Visby. Njut av rofyllda rum, varm atmosf\u00e4r och god mat i ett vintrigt Visby. Kv\u00e4llen bjuder p\u00e5 julmiddag p\u00e5 Joda, d\u00e4r deras klassiska jultallrik serveras i tv\u00e5 serveringar \u2013 med allt det b\u00e4sta fr\u00e5n julbordet.<br><br><strong>I paketet ing\u00e5r:<\/strong><br>\u2022 Hotellvistelse f\u00f6r tv\u00e5 personer <br>\u2022 Julmiddag p\u00e5 Joda <br>\u2022 Gener\u00f6s frukostbuff\u00e9<br><\/p>\n\n\n\n<div class=\"wp-block-buttons is-content-justification-center is-layout-flex wp-container-core-buttons-is-layout-c2557cbf wp-block-buttons-is-layout-flex\" style=\"padding-top:var(--wp--preset--spacing--superbspacing-xxsmall);padding-bottom:var(--wp--preset--spacing--superbspacing-xxsmall)\">\n<div class=\"wp-block-button\"><a class=\"wp-block-button__link has-superbfont-small-font-size has-custom-font-size wp-element-button\" href=\"https:\/\/book.wisbyhotelgroup.se\/stays\/packages\">BOKA JULPAKET<\/a><\/div>\n<\/div>\n<\/div>\n\n\n\n<div class=\"wp-block-column is-layout-flow wp-block-column-is-layout-flow\">\n<figure class=\"wp-block-image size-large has-custom-border\"><a href=\"https:\/\/www.wisbyhotelgroup.se\/wp-content\/uploads\/2025\/10\/Julpaket-Slotssbacken.jpg\"><img loading=\"lazy\" decoding=\"async\" width=\"1170\" height=\"1170\" src=\"https:\/\/www.wisbyhotelgroup.se\/wp-content\/uploads\/2025\/10\/Julpaket-Slotssbacken-edited.jpg\" alt=\"\" class=\"wp-image-3331\" style=\"border-top-left-radius:7px;border-top-right-radius:7px;border-bottom-left-radius:7px;border-bottom-right-radius:7px\" srcset=\"https:\/\/www.wisbyhotelgroup.se\/wp-content\/uploads\/2025\/10\/Julpaket-Slotssbacken-edited.jpg 1170w, https:\/\/www.wisbyhotelgroup.se\/wp-content\/uploads\/2025\/10\/Julpaket-Slotssbacken-edited-300x300.jpg 300w, https:\/\/www.wisbyhotelgroup.se\/wp-content\/uploads\/2025\/10\/Julpaket-Slotssbacken-edited-1030x1030.jpg 1030w, https:\/\/www.wisbyhotelgroup.se\/wp-content\/uploads\/2025\/10\/Julpaket-Slotssbacken-edited-80x80.jpg 80w, https:\/\/www.wisbyhotelgroup.se\/wp-content\/uploads\/2025\/10\/Julpaket-Slotssbacken-edited-768x768.jpg 768w, https:\/\/www.wisbyhotelgroup.se\/wp-content\/uploads\/2025\/10\/Julpaket-Slotssbacken-edited-12x12.jpg 12w\" sizes=\"auto, (max-width: 1170px) 100vw, 1170px\" \/><\/a><figcaption class=\"wp-element-caption\">Screenshot<\/figcaption><\/figure>\n<\/div>\n<\/div>\n\n\n\n<div class=\"wp-block-columns is-layout-flex wp-container-core-columns-is-layout-7cf80eca wp-block-columns-is-layout-flex\" id=\"l\u00e4s-mer\" style=\"padding-top:var(--wp--preset--spacing--superbspacing-xxsmall);padding-bottom:var(--wp--preset--spacing--superbspacing-xxsmall)\">\n<div class=\"wp-block-column is-layout-flow wp-block-column-is-layout-flow\">\n<figure class=\"wp-block-image size-full has-custom-border\"><a href=\"https:\/\/www.wisbyhotelgroup.se\/wp-content\/uploads\/2025\/09\/IMG_3971-edited-1.jpeg\"><img loading=\"lazy\" decoding=\"async\" width=\"1125\" height=\"1125\" src=\"https:\/\/www.wisbyhotelgroup.se\/wp-content\/uploads\/2025\/09\/IMG_3971-edited-1.jpeg\" alt=\"\" class=\"wp-image-2779\" style=\"border-top-left-radius:7px;border-top-right-radius:7px;border-bottom-left-radius:7px;border-bottom-right-radius:7px\" srcset=\"https:\/\/www.wisbyhotelgroup.se\/wp-content\/uploads\/2025\/09\/IMG_3971-edited-1.jpeg 1125w, https:\/\/www.wisbyhotelgroup.se\/wp-content\/uploads\/2025\/09\/IMG_3971-edited-1-300x300.jpeg 300w, https:\/\/www.wisbyhotelgroup.se\/wp-content\/uploads\/2025\/09\/IMG_3971-edited-1-1030x1030.jpeg 1030w, https:\/\/www.wisbyhotelgroup.se\/wp-content\/uploads\/2025\/09\/IMG_3971-edited-1-80x80.jpeg 80w, https:\/\/www.wisbyhotelgroup.se\/wp-content\/uploads\/2025\/09\/IMG_3971-edited-1-768x768.jpeg 768w, https:\/\/www.wisbyhotelgroup.se\/wp-content\/uploads\/2025\/09\/IMG_3971-edited-1-12x12.jpeg 12w\" sizes=\"auto, (max-width: 1125px) 100vw, 1125px\" \/><\/a><figcaption class=\"wp-element-caption\">Screenshot<\/figcaption><\/figure>\n<\/div>\n\n\n\n<div class=\"wp-block-column is-vertically-aligned-center is-layout-flow wp-block-column-is-layout-flow\">\n<h2 class=\"wp-block-heading has-text-align-center\" style=\"padding-right:var(--wp--preset--spacing--superbspacing-xxsmall);padding-left:var(--wp--preset--spacing--superbspacing-xxsmall)\">Upplev julens smaker p\u00e5 Joda<\/h2>\n\n\n\n<p class=\"has-text-align-center has-featured-color has-text-color has-link-color has-superbfont-small-font-size wp-elements-499cdd48a7fbb7ce18c8af0a8a5ad5b5 wp-block-paragraph\" style=\"padding-right:var(--wp--preset--spacing--superbspacing-xsmall);padding-left:var(--wp--preset--spacing--superbspacing-xsmall)\">Hos Joda v\u00e4ntar klassiska smaker, god gemenskap och glittrande milj\u00f6 mitt i Visby hamn. Vi erbjuder: <\/p>\n\n\n\n<p class=\"has-text-align-center has-featured-color has-text-color has-link-color has-superbfont-small-font-size wp-elements-b439d548545fc548da7f7a7a5a3f1bd4 wp-block-paragraph\" style=\"padding-right:var(--wp--preset--spacing--superbspacing-xsmall);padding-left:var(--wp--preset--spacing--superbspacing-xsmall)\"><strong>Julbord<\/strong><br>\u2013 Traditionellt julbord med allt som h\u00f6r julen till<br>\u2013 Serveras 6\/12, 12\/12, 13\/12<br>\u2013 495 kr per person<\/p>\n\n\n\n<p class=\"has-text-align-center has-featured-color has-text-color has-link-color has-superbfont-small-font-size wp-elements-2be4f1131667a01698b196eeb5e2a208 wp-block-paragraph\" style=\"padding-right:var(--wp--preset--spacing--superbspacing-xsmall);padding-left:var(--wp--preset--spacing--superbspacing-xsmall)\"><strong>Jultallrik<\/strong><br>\u2013 Tv\u00e5 serveringar med julens b\u00e4sta smaker<br>\u2013 Kan bokad 24 november \u2013 20 december.<br>\u2013 285 kr per person<br><\/p>\n\n\n\n<div class=\"wp-block-buttons is-content-justification-center is-layout-flex wp-container-core-buttons-is-layout-c2557cbf wp-block-buttons-is-layout-flex\" style=\"padding-top:var(--wp--preset--spacing--superbspacing-xxsmall);padding-bottom:var(--wp--preset--spacing--superbspacing-xxsmall)\">\n<div class=\"wp-block-button\"><a class=\"wp-block-button__link wp-element-button\" href=\"https:\/\/www.jodavisby.se\">L\u00c4S MER OCH BOKA H\u00c4R<\/a><\/div>\n<\/div>\n<\/div>\n<\/div>\n\n\n\n<div class=\"wp-block-columns is-layout-flex wp-container-core-columns-is-layout-7cf80eca wp-block-columns-is-layout-flex\" style=\"padding-top:var(--wp--preset--spacing--superbspacing-xxsmall);padding-bottom:var(--wp--preset--spacing--superbspacing-xxsmall)\">\n<div class=\"wp-block-column is-vertically-aligned-center is-layout-flow wp-block-column-is-layout-flow\">\n<h2 class=\"wp-block-heading has-text-align-center\" style=\"padding-top:0;padding-right:var(--wp--preset--spacing--superbspacing-xxsmall);padding-bottom:0;padding-left:var(--wp--preset--spacing--superbspacing-xxsmall)\">Julbord &amp; julfest f\u00f6r f\u00f6retag<\/h2>\n\n\n\n<p class=\"has-text-align-center has-featured-color has-text-color has-link-color has-superbfont-small-font-size wp-elements-3bb1f9644195d71fb90657463f6b079c wp-block-paragraph\" style=\"padding-right:var(--wp--preset--spacing--superbspacing-xsmall);padding-left:var(--wp--preset--spacing--superbspacing-xsmall)\">Fira in julen tillsammans med kollegorna! Hos Wisby Hotel Group skr\u00e4ddarsyr vi julfester och f\u00f6retagsjulbord \u2013 oavsett om ni \u00f6nskar en st\u00e4mningsfull middag, mingel med underh\u00e5llning eller en helkv\u00e4ll med \u00f6vernattning. Vi hj\u00e4lper er skapa en kv\u00e4ll fylld av god mat, dryck och minnen.<\/p>\n\n\n\n<p class=\"has-text-align-center has-featured-color has-text-color has-link-color has-superbfont-small-font-size wp-elements-1987db2f61d87b154e357ceb364212cf wp-block-paragraph\" style=\"padding-right:var(--wp--preset--spacing--superbspacing-xsmall);padding-left:var(--wp--preset--spacing--superbspacing-xsmall)\">F\u00f6r s\u00e4llskap fr\u00e5n <strong>25 till 250 personer<\/strong><br><strong>Pris<\/strong>: fr\u00e5n 495 kr per person<br><strong>Datum<\/strong>: 24 november \u2013 20 december<br><\/p>\n\n\n\n<div class=\"wp-block-buttons is-content-justification-center is-layout-flex wp-container-core-buttons-is-layout-c2557cbf wp-block-buttons-is-layout-flex\" style=\"padding-top:var(--wp--preset--spacing--superbspacing-xxsmall);padding-bottom:var(--wp--preset--spacing--superbspacing-xxsmall)\">\n<div class=\"wp-block-button\"><a class=\"wp-block-button__link has-superbfont-small-font-size has-custom-font-size wp-element-button\" href=\"https:\/\/www.wisbyhotelgroup.se\/en\/julbord\/\">L\u00c4S MER OCH BOKA H\u00c4R<\/a><\/div>\n<\/div>\n<\/div>\n\n\n\n<div class=\"wp-block-column is-layout-flow wp-block-column-is-layout-flow\">\n<figure class=\"wp-block-image size-large has-custom-border\"><a href=\"https:\/\/www.wisbyhotelgroup.se\/wp-content\/uploads\/2025\/09\/Donners-event-edited.jpg\"><img loading=\"lazy\" decoding=\"async\" width=\"1030\" height=\"1030\" src=\"https:\/\/www.wisbyhotelgroup.se\/wp-content\/uploads\/2025\/09\/Donners-event-edited-1030x1030.jpg\" alt=\"\" class=\"wp-image-2781\" style=\"border-top-left-radius:7px;border-top-right-radius:7px;border-bottom-left-radius:7px;border-bottom-right-radius:7px\" srcset=\"https:\/\/www.wisbyhotelgroup.se\/wp-content\/uploads\/2025\/09\/Donners-event-edited-1030x1030.jpg 1030w, https:\/\/www.wisbyhotelgroup.se\/wp-content\/uploads\/2025\/09\/Donners-event-edited-300x300.jpg 300w, https:\/\/www.wisbyhotelgroup.se\/wp-content\/uploads\/2025\/09\/Donners-event-edited-80x80.jpg 80w, https:\/\/www.wisbyhotelgroup.se\/wp-content\/uploads\/2025\/09\/Donners-event-edited-768x768.jpg 768w, https:\/\/www.wisbyhotelgroup.se\/wp-content\/uploads\/2025\/09\/Donners-event-edited-12x12.jpg 12w, https:\/\/www.wisbyhotelgroup.se\/wp-content\/uploads\/2025\/09\/Donners-event-edited.jpg 1440w\" sizes=\"auto, (max-width: 1030px) 100vw, 1030px\" \/><\/a><\/figure>\n<\/div>\n<\/div>\n\n\n\n<div class=\"wp-block-cover alignwide\" style=\"border-top-left-radius:7px;border-top-right-radius:7px;border-bottom-left-radius:7px;border-bottom-right-radius:7px;margin-top:var(--wp--preset--spacing--superbspacing-medium);margin-bottom:var(--wp--preset--spacing--superbspacing-medium);padding-top:var(--wp--preset--spacing--superbspacing-large);padding-right:var(--wp--preset--spacing--superbspacing-medium);padding-bottom:var(--wp--preset--spacing--superbspacing-large);padding-left:var(--wp--preset--spacing--superbspacing-medium)\"><img loading=\"lazy\" decoding=\"async\" width=\"824\" height=\"1030\" class=\"wp-block-cover__image-background wp-image-3365 size-large\" alt=\"\" src=\"https:\/\/www.wisbyhotelgroup.se\/wp-content\/uploads\/2025\/10\/dg-SOME-advent25-1080x1350px-partner-8-824x1030.jpg\" data-object-fit=\"cover\" srcset=\"https:\/\/www.wisbyhotelgroup.se\/wp-content\/uploads\/2025\/10\/dg-SOME-advent25-1080x1350px-partner-8-824x1030.jpg 824w, https:\/\/www.wisbyhotelgroup.se\/wp-content\/uploads\/2025\/10\/dg-SOME-advent25-1080x1350px-partner-8-240x300.jpg 240w, https:\/\/www.wisbyhotelgroup.se\/wp-content\/uploads\/2025\/10\/dg-SOME-advent25-1080x1350px-partner-8-768x960.jpg 768w, https:\/\/www.wisbyhotelgroup.se\/wp-content\/uploads\/2025\/10\/dg-SOME-advent25-1080x1350px-partner-8-10x12.jpg 10w, https:\/\/www.wisbyhotelgroup.se\/wp-content\/uploads\/2025\/10\/dg-SOME-advent25-1080x1350px-partner-8.jpg 1080w\" sizes=\"auto, (max-width: 824px) 100vw, 824px\" \/><span aria-hidden=\"true\" class=\"wp-block-cover__background has-primary-hover-background-color has-background-dim\"><\/span><div class=\"wp-block-cover__inner-container has-global-padding is-layout-constrained wp-container-core-cover-is-layout-5c2e3b3d wp-block-cover-is-layout-constrained\">\n<div class=\"wp-block-group has-global-padding is-layout-constrained wp-container-core-group-is-layout-8ae61d01 wp-block-group-is-layout-constrained\">\n<h2 class=\"wp-block-heading alignwide has-text-align-center has-contrast-light-color has-text-color has-superbfont-xlarge-font-size\">V\u00e4lkommen att fira julen med oss!<\/h2>\n\n\n\n<h3 class=\"wp-block-heading has-text-align-center has-contrast-light-color has-text-color has-link-color wp-elements-578afe804f60a97b0b23a61b68d437fb\" style=\"border-top-left-radius:0px;border-top-right-radius:0px;border-bottom-left-radius:0px;border-bottom-right-radius:0px\">Boka ditt uppl\u00e4gg direkt p\u00e5 v\u00e5r hemsida eller kontakta oss f\u00f6r fr\u00e5gor och skr\u00e4ddarsydda f\u00f6rslag.<\/h3>\n\n\n\n<div class=\"wp-block-buttons is-content-justification-center is-layout-flex wp-container-core-buttons-is-layout-d3cb7f44 wp-block-buttons-is-layout-flex\" style=\"padding-top:var(--wp--preset--spacing--superbspacing-xxsmall);padding-right:0;padding-bottom:var(--wp--preset--spacing--superbspacing-xxsmall);padding-left:0\">\n<div class=\"wp-block-button\"><a class=\"wp-block-button__link wp-element-button\" href=\"mailto:bokning@wisbyhotelgroup.se\">SKICKA F\u00d6RFR\u00c5GAN<\/a><\/div>\n<\/div>\n<\/div>\n<\/div><\/div>","protected":false},"excerpt":{"rendered":"<p>UPPT\u00c4CK JULENS ERBJUDANDEN Upplev julens magi hos Wisby Hotel Group. L\u00e5t er omfamnas av v\u00e4rme, gemenskap och doften av julens alla smaker. H\u00e4r v\u00e4ntar st\u00e4mningsfulla milj\u00f6er, v\u00e4lsmakande julbord och vintermys p\u00e5 v\u00e5ra hotell i hj\u00e4rtat av Visby. Samlas f\u00f6r en glittrande julfest, ett mysigt julbord p\u00e5 Joda eller en avkopplande hotellvistelse, h\u00e4r skapar vi minnen [&hellip;]<\/p>\n","protected":false},"author":9,"featured_media":3348,"parent":0,"menu_order":0,"comment_status":"closed","ping_status":"closed","template":"anpassad-mall","meta":{"_crdt_document":"","footnotes":""},"class_list":["post-3328","page","type-page","status-publish","has-post-thumbnail","hentry"],"yoast_head":"<!-- This site is optimized with the Yoast SEO plugin v27.3 - https:\/\/yoast.com\/product\/yoast-seo-wordpress\/ -->\n<title>Fira julen hos Wisby Hotel Group<\/title>\n<meta name=\"description\" content=\"Julen \u00e4r till f\u00f6r att njutas. Hos oss v\u00e4ntar v\u00e4rme, smak och st\u00e4mning, oavsett om du vill samla familjen, kollegorna eller bara unna dig en vinterhelg i Visby. Uppt\u00e4ck v\u00e5ra julpaket, klassiska julbord och st\u00e4mningsfulla kv\u00e4llar i hj\u00e4rtat av Visby\" \/>\n<meta name=\"robots\" content=\"index, follow, max-snippet:-1, max-image-preview:large, max-video-preview:-1\" \/>\n<link rel=\"canonical\" href=\"https:\/\/www.wisbyhotelgroup.se\/en\/fira-jul-visby\/\" \/>\n<meta property=\"og:locale\" content=\"en_US\" \/>\n<meta property=\"og:type\" content=\"article\" \/>\n<meta property=\"og:title\" content=\"Fira julen hos Wisby Hotel Group\" \/>\n<meta property=\"og:description\" content=\"Julen \u00e4r till f\u00f6r att njutas. Hos oss v\u00e4ntar v\u00e4rme, smak och st\u00e4mning, oavsett om du vill samla familjen, kollegorna eller bara unna dig en vinterhelg i Visby. Uppt\u00e4ck v\u00e5ra julpaket, klassiska julbord och st\u00e4mningsfulla kv\u00e4llar i hj\u00e4rtat av Visby\" \/>\n<meta property=\"og:url\" content=\"https:\/\/www.wisbyhotelgroup.se\/en\/fira-jul-visby\/\" \/>\n<meta property=\"article:modified_time\" content=\"2025-11-27T11:08:12+00:00\" \/>\n<meta property=\"og:image\" content=\"https:\/\/www.wisbyhotelgroup.se\/wp-content\/uploads\/2025\/10\/Visby-Bors.jpg\" \/>\n\t<meta property=\"og:image:width\" content=\"1125\" \/>\n\t<meta property=\"og:image:height\" content=\"900\" \/>\n\t<meta property=\"og:image:type\" content=\"image\/jpeg\" \/>\n<meta name=\"twitter:card\" content=\"summary_large_image\" \/>\n<meta name=\"twitter:label1\" content=\"Est. reading time\" \/>\n\t<meta name=\"twitter:data1\" content=\"3 minutes\" \/>\n<script type=\"application\/ld+json\" class=\"yoast-schema-graph\">{\"@context\":\"https:\\\/\\\/schema.org\",\"@graph\":[{\"@type\":\"WebPage\",\"@id\":\"https:\\\/\\\/www.wisbyhotelgroup.se\\\/fira-jul-visby\\\/\",\"url\":\"https:\\\/\\\/www.wisbyhotelgroup.se\\\/fira-jul-visby\\\/\",\"name\":\"Fira julen hos Wisby Hotel Group\",\"isPartOf\":{\"@id\":\"https:\\\/\\\/www.wisbyhotelgroup.se\\\/#website\"},\"primaryImageOfPage\":{\"@id\":\"https:\\\/\\\/www.wisbyhotelgroup.se\\\/fira-jul-visby\\\/#primaryimage\"},\"image\":{\"@id\":\"https:\\\/\\\/www.wisbyhotelgroup.se\\\/fira-jul-visby\\\/#primaryimage\"},\"thumbnailUrl\":\"https:\\\/\\\/www.wisbyhotelgroup.se\\\/wp-content\\\/uploads\\\/2025\\\/10\\\/Visby-Bors.jpg\",\"datePublished\":\"2025-10-28T15:03:29+00:00\",\"dateModified\":\"2025-11-27T11:08:12+00:00\",\"description\":\"Julen \u00e4r till f\u00f6r att njutas. Hos oss v\u00e4ntar v\u00e4rme, smak och st\u00e4mning, oavsett om du vill samla familjen, kollegorna eller bara unna dig en vinterhelg i Visby. Uppt\u00e4ck v\u00e5ra julpaket, klassiska julbord och st\u00e4mningsfulla kv\u00e4llar i hj\u00e4rtat av Visby\",\"breadcrumb\":{\"@id\":\"https:\\\/\\\/www.wisbyhotelgroup.se\\\/fira-jul-visby\\\/#breadcrumb\"},\"inLanguage\":\"en-US\",\"potentialAction\":[{\"@type\":\"ReadAction\",\"target\":[\"https:\\\/\\\/www.wisbyhotelgroup.se\\\/fira-jul-visby\\\/\"]}]},{\"@type\":\"ImageObject\",\"inLanguage\":\"en-US\",\"@id\":\"https:\\\/\\\/www.wisbyhotelgroup.se\\\/fira-jul-visby\\\/#primaryimage\",\"url\":\"https:\\\/\\\/www.wisbyhotelgroup.se\\\/wp-content\\\/uploads\\\/2025\\\/10\\\/Visby-Bors.jpg\",\"contentUrl\":\"https:\\\/\\\/www.wisbyhotelgroup.se\\\/wp-content\\\/uploads\\\/2025\\\/10\\\/Visby-Bors.jpg\",\"width\":1125,\"height\":900},{\"@type\":\"BreadcrumbList\",\"@id\":\"https:\\\/\\\/www.wisbyhotelgroup.se\\\/fira-jul-visby\\\/#breadcrumb\",\"itemListElement\":[{\"@type\":\"ListItem\",\"position\":1,\"name\":\"Hem\",\"item\":\"https:\\\/\\\/www.wisbyhotelgroup.se\\\/\"},{\"@type\":\"ListItem\",\"position\":2,\"name\":\"Julen p\u00e5 Wisby Hotel Group\"}]},{\"@type\":\"WebSite\",\"@id\":\"https:\\\/\\\/www.wisbyhotelgroup.se\\\/#website\",\"url\":\"https:\\\/\\\/www.wisbyhotelgroup.se\\\/\",\"name\":\"Wisby Hotel Group\",\"description\":\"Aff\u00e4rsresor och privata upplevelser i v\u00e4rldsklass\",\"publisher\":{\"@id\":\"https:\\\/\\\/www.wisbyhotelgroup.se\\\/#organization\"},\"potentialAction\":[{\"@type\":\"SearchAction\",\"target\":{\"@type\":\"EntryPoint\",\"urlTemplate\":\"https:\\\/\\\/www.wisbyhotelgroup.se\\\/?s={search_term_string}\"},\"query-input\":{\"@type\":\"PropertyValueSpecification\",\"valueRequired\":true,\"valueName\":\"search_term_string\"}}],\"inLanguage\":\"en-US\"},{\"@type\":\"Organization\",\"@id\":\"https:\\\/\\\/www.wisbyhotelgroup.se\\\/#organization\",\"name\":\"Wisby Hotel Group\",\"url\":\"https:\\\/\\\/www.wisbyhotelgroup.se\\\/\",\"logo\":{\"@type\":\"ImageObject\",\"inLanguage\":\"en-US\",\"@id\":\"https:\\\/\\\/www.wisbyhotelgroup.se\\\/#\\\/schema\\\/logo\\\/image\\\/\",\"url\":\"https:\\\/\\\/www.wisbyhotelgroup.se\\\/wp-content\\\/uploads\\\/2025\\\/03\\\/Logotyp-Wisby-Hotel-Group.png\",\"contentUrl\":\"https:\\\/\\\/www.wisbyhotelgroup.se\\\/wp-content\\\/uploads\\\/2025\\\/03\\\/Logotyp-Wisby-Hotel-Group.png\",\"width\":276,\"height\":182,\"caption\":\"Wisby Hotel Group\"},\"image\":{\"@id\":\"https:\\\/\\\/www.wisbyhotelgroup.se\\\/#\\\/schema\\\/logo\\\/image\\\/\"},\"sameAs\":[\"https:\\\/\\\/www.tiktok.com\\\/discover\\\/wisby-hotel-group\"]}]}<\/script>\n<!-- \/ Yoast SEO plugin. -->","yoast_head_json":{"title":"Fira julen hos Wisby Hotel Group","description":"Julen \u00e4r till f\u00f6r att njutas. Hos oss v\u00e4ntar v\u00e4rme, smak och st\u00e4mning, oavsett om du vill samla familjen, kollegorna eller bara unna dig en vinterhelg i Visby. Uppt\u00e4ck v\u00e5ra julpaket, klassiska julbord och st\u00e4mningsfulla kv\u00e4llar i hj\u00e4rtat av Visby","robots":{"index":"index","follow":"follow","max-snippet":"max-snippet:-1","max-image-preview":"max-image-preview:large","max-video-preview":"max-video-preview:-1"},"canonical":"https:\/\/www.wisbyhotelgroup.se\/en\/fira-jul-visby\/","og_locale":"en_US","og_type":"article","og_title":"Fira julen hos Wisby Hotel Group","og_description":"Julen \u00e4r till f\u00f6r att njutas. Hos oss v\u00e4ntar v\u00e4rme, smak och st\u00e4mning, oavsett om du vill samla familjen, kollegorna eller bara unna dig en vinterhelg i Visby. Uppt\u00e4ck v\u00e5ra julpaket, klassiska julbord och st\u00e4mningsfulla kv\u00e4llar i hj\u00e4rtat av Visby","og_url":"https:\/\/www.wisbyhotelgroup.se\/en\/fira-jul-visby\/","article_modified_time":"2025-11-27T11:08:12+00:00","og_image":[{"width":1125,"height":900,"url":"https:\/\/www.wisbyhotelgroup.se\/wp-content\/uploads\/2025\/10\/Visby-Bors.jpg","type":"image\/jpeg"}],"twitter_card":"summary_large_image","twitter_misc":{"Est. reading time":"3 minutes"},"schema":{"@context":"https:\/\/schema.org","@graph":[{"@type":"WebPage","@id":"https:\/\/www.wisbyhotelgroup.se\/fira-jul-visby\/","url":"https:\/\/www.wisbyhotelgroup.se\/fira-jul-visby\/","name":"Fira julen hos Wisby Hotel Group","isPartOf":{"@id":"https:\/\/www.wisbyhotelgroup.se\/#website"},"primaryImageOfPage":{"@id":"https:\/\/www.wisbyhotelgroup.se\/fira-jul-visby\/#primaryimage"},"image":{"@id":"https:\/\/www.wisbyhotelgroup.se\/fira-jul-visby\/#primaryimage"},"thumbnailUrl":"https:\/\/www.wisbyhotelgroup.se\/wp-content\/uploads\/2025\/10\/Visby-Bors.jpg","datePublished":"2025-10-28T15:03:29+00:00","dateModified":"2025-11-27T11:08:12+00:00","description":"Julen \u00e4r till f\u00f6r att njutas. Hos oss v\u00e4ntar v\u00e4rme, smak och st\u00e4mning, oavsett om du vill samla familjen, kollegorna eller bara unna dig en vinterhelg i Visby. Uppt\u00e4ck v\u00e5ra julpaket, klassiska julbord och st\u00e4mningsfulla kv\u00e4llar i hj\u00e4rtat av Visby","breadcrumb":{"@id":"https:\/\/www.wisbyhotelgroup.se\/fira-jul-visby\/#breadcrumb"},"inLanguage":"en-US","potentialAction":[{"@type":"ReadAction","target":["https:\/\/www.wisbyhotelgroup.se\/fira-jul-visby\/"]}]},{"@type":"ImageObject","inLanguage":"en-US","@id":"https:\/\/www.wisbyhotelgroup.se\/fira-jul-visby\/#primaryimage","url":"https:\/\/www.wisbyhotelgroup.se\/wp-content\/uploads\/2025\/10\/Visby-Bors.jpg","contentUrl":"https:\/\/www.wisbyhotelgroup.se\/wp-content\/uploads\/2025\/10\/Visby-Bors.jpg","width":1125,"height":900},{"@type":"BreadcrumbList","@id":"https:\/\/www.wisbyhotelgroup.se\/fira-jul-visby\/#breadcrumb","itemListElement":[{"@type":"ListItem","position":1,"name":"Hem","item":"https:\/\/www.wisbyhotelgroup.se\/"},{"@type":"ListItem","position":2,"name":"Julen p\u00e5 Wisby Hotel Group"}]},{"@type":"WebSite","@id":"https:\/\/www.wisbyhotelgroup.se\/#website","url":"https:\/\/www.wisbyhotelgroup.se\/","name":"Wisby Hotel Group","description":"Aff\u00e4rsresor och privata upplevelser i v\u00e4rldsklass","publisher":{"@id":"https:\/\/www.wisbyhotelgroup.se\/#organization"},"potentialAction":[{"@type":"SearchAction","target":{"@type":"EntryPoint","urlTemplate":"https:\/\/www.wisbyhotelgroup.se\/?s={search_term_string}"},"query-input":{"@type":"PropertyValueSpecification","valueRequired":true,"valueName":"search_term_string"}}],"inLanguage":"en-US"},{"@type":"Organization","@id":"https:\/\/www.wisbyhotelgroup.se\/#organization","name":"Wisby Hotel Group","url":"https:\/\/www.wisbyhotelgroup.se\/","logo":{"@type":"ImageObject","inLanguage":"en-US","@id":"https:\/\/www.wisbyhotelgroup.se\/#\/schema\/logo\/image\/","url":"https:\/\/www.wisbyhotelgroup.se\/wp-content\/uploads\/2025\/03\/Logotyp-Wisby-Hotel-Group.png","contentUrl":"https:\/\/www.wisbyhotelgroup.se\/wp-content\/uploads\/2025\/03\/Logotyp-Wisby-Hotel-Group.png","width":276,"height":182,"caption":"Wisby Hotel Group"},"image":{"@id":"https:\/\/www.wisbyhotelgroup.se\/#\/schema\/logo\/image\/"},"sameAs":["https:\/\/www.tiktok.com\/discover\/wisby-hotel-group"]}]}},"jetpack_sharing_enabled":true,"_links":{"self":[{"href":"https:\/\/www.wisbyhotelgroup.se\/en\/wp-json\/wp\/v2\/pages\/3328","targetHints":{"allow":["GET"]}}],"collection":[{"href":"https:\/\/www.wisbyhotelgroup.se\/en\/wp-json\/wp\/v2\/pages"}],"about":[{"href":"https:\/\/www.wisbyhotelgroup.se\/en\/wp-json\/wp\/v2\/types\/page"}],"author":[{"embeddable":true,"href":"https:\/\/www.wisbyhotelgroup.se\/en\/wp-json\/wp\/v2\/users\/9"}],"replies":[{"embeddable":true,"href":"https:\/\/www.wisbyhotelgroup.se\/en\/wp-json\/wp\/v2\/comments?post=3328"}],"version-history":[{"count":16,"href":"https:\/\/www.wisbyhotelgroup.se\/en\/wp-json\/wp\/v2\/pages\/3328\/revisions"}],"predecessor-version":[{"id":3496,"href":"https:\/\/www.wisbyhotelgroup.se\/en\/wp-json\/wp\/v2\/pages\/3328\/revisions\/3496"}],"wp:featuredmedia":[{"embeddable":true,"href":"https:\/\/www.wisbyhotelgroup.se\/en\/wp-json\/wp\/v2\/media\/3348"}],"wp:attachment":[{"href":"https:\/\/www.wisbyhotelgroup.se\/en\/wp-json\/wp\/v2\/media?parent=3328"}],"curies":[{"name":"wp","href":"https:\/\/api.w.org\/{rel}","templated":true}]}}