{"id":684,"date":"2024-08-09T20:51:27","date_gmt":"2024-08-09T20:51:27","guid":{"rendered":"https:\/\/www.wisbyhotelgroup.se\/?page_id=684"},"modified":"2025-05-07T18:21:34","modified_gmt":"2025-05-07T18:21:34","slug":"faq","status":"publish","type":"page","link":"https:\/\/www.wisbyhotelgroup.se\/en\/faq\/","title":{"rendered":"FAQ"},"content":{"rendered":"<p class=\"wp-block-paragraph\">Here we answer some common questions. If you have any other questions, don't hesitate to <a href=\"https:\/\/www.wisbyhotelgroup.se\/en\/kontakt\/\" data-type=\"page\" data-id=\"14\">Contact us!<\/a> <\/p>\n\n\n\n<p class=\"wp-block-paragraph\"><strong>Can I rent a venue for a private event? <\/strong><br>Yes, it is of course possible to rent premises from us for a private party. <a href=\"https:\/\/www.wisbyhotelgroup.se\/en\/konferens-event\/\" data-type=\"page\" data-id=\"519\">Click here and see what we have to offer.<\/a> <\/p>\n\n\n\n<p class=\"wp-block-paragraph\"><strong>Do you serve food and coffee on site? <\/strong><br>Yes, we have a kitchen in the event hall at Donners event where our talented chefs prepare all the food according to your wishes. <\/p>\n\n\n\n<p class=\"wp-block-paragraph\"><strong>Do you work with sustainability? <\/strong><br>We work actively with sustainability and are on the way to becoming Green Key certified. <\/p>\n\n\n\n<p class=\"wp-block-paragraph\"><strong>How do you handle waste? <\/strong><br>We are good at calculating for minimal waste, a lot can be used at our other facilities. In cases where there is a lot left over, it is given to charitable causes. <\/p>\n\n\n\n<p class=\"wp-block-paragraph\"><\/p>","protected":false},"excerpt":{"rendered":"<p>H\u00e4r svarar vi p\u00e5 n\u00e5gra vanliga fr\u00e5gor. Undrar du \u00f6ver n\u00e5got annat, tveka inte att kontakta oss! Kan jag hyra lokal f\u00f6r en privat tillst\u00e4llning? Ja, det g\u00e5r givetvis bra att hyra lokaler av oss f\u00f6r en privat fest. Klicka h\u00e4r och se vad vi har att erbjuda. G\u00f6r ni mat och fika p\u00e5 plats? [&hellip;]<\/p>\n","protected":false},"author":5,"featured_media":0,"parent":0,"menu_order":0,"comment_status":"closed","ping_status":"closed","template":"","meta":{"_crdt_document":"","footnotes":""},"class_list":["post-684","page","type-page","status-publish","hentry"],"yoast_head":"<!-- This site is optimized with the Yoast SEO plugin v27.3 - https:\/\/yoast.com\/product\/yoast-seo-wordpress\/ -->\n<title>FAQ -<\/title>\n<meta name=\"robots\" content=\"index, follow, max-snippet:-1, max-image-preview:large, max-video-preview:-1\" \/>\n<link rel=\"canonical\" href=\"https:\/\/www.wisbyhotelgroup.se\/en\/faq\/\" \/>\n<meta property=\"og:locale\" content=\"en_US\" \/>\n<meta property=\"og:type\" content=\"article\" \/>\n<meta property=\"og:title\" content=\"FAQ -\" \/>\n<meta property=\"og:description\" content=\"H\u00e4r svarar vi p\u00e5 n\u00e5gra vanliga fr\u00e5gor. Undrar du \u00f6ver n\u00e5got annat, tveka inte att kontakta oss! Kan jag hyra lokal f\u00f6r en privat tillst\u00e4llning? Ja, det g\u00e5r givetvis bra att hyra lokaler av oss f\u00f6r en privat fest. Klicka h\u00e4r och se vad vi har att erbjuda. G\u00f6r ni mat och fika p\u00e5 plats? [&hellip;]\" \/>\n<meta property=\"og:url\" content=\"https:\/\/www.wisbyhotelgroup.se\/en\/faq\/\" \/>\n<meta property=\"article:modified_time\" content=\"2025-05-07T18:21:34+00:00\" \/>\n<meta name=\"twitter:card\" content=\"summary_large_image\" \/>\n<meta name=\"twitter:label1\" content=\"Est. reading time\" \/>\n\t<meta name=\"twitter:data1\" content=\"1 minute\" \/>\n<script type=\"application\/ld+json\" class=\"yoast-schema-graph\">{\"@context\":\"https:\\\/\\\/schema.org\",\"@graph\":[{\"@type\":\"WebPage\",\"@id\":\"https:\\\/\\\/www.wisbyhotelgroup.se\\\/faq\\\/\",\"url\":\"https:\\\/\\\/www.wisbyhotelgroup.se\\\/faq\\\/\",\"name\":\"FAQ -\",\"isPartOf\":{\"@id\":\"https:\\\/\\\/www.wisbyhotelgroup.se\\\/#website\"},\"datePublished\":\"2024-08-09T20:51:27+00:00\",\"dateModified\":\"2025-05-07T18:21:34+00:00\",\"breadcrumb\":{\"@id\":\"https:\\\/\\\/www.wisbyhotelgroup.se\\\/faq\\\/#breadcrumb\"},\"inLanguage\":\"en-US\",\"potentialAction\":[{\"@type\":\"ReadAction\",\"target\":[\"https:\\\/\\\/www.wisbyhotelgroup.se\\\/faq\\\/\"]}]},{\"@type\":\"BreadcrumbList\",\"@id\":\"https:\\\/\\\/www.wisbyhotelgroup.se\\\/faq\\\/#breadcrumb\",\"itemListElement\":[{\"@type\":\"ListItem\",\"position\":1,\"name\":\"Hem\",\"item\":\"https:\\\/\\\/www.wisbyhotelgroup.se\\\/\"},{\"@type\":\"ListItem\",\"position\":2,\"name\":\"FAQ\"}]},{\"@type\":\"WebSite\",\"@id\":\"https:\\\/\\\/www.wisbyhotelgroup.se\\\/#website\",\"url\":\"https:\\\/\\\/www.wisbyhotelgroup.se\\\/\",\"name\":\"Wisby Hotel Group\",\"description\":\"Aff\u00e4rsresor och privata upplevelser i v\u00e4rldsklass\",\"publisher\":{\"@id\":\"https:\\\/\\\/www.wisbyhotelgroup.se\\\/#organization\"},\"potentialAction\":[{\"@type\":\"SearchAction\",\"target\":{\"@type\":\"EntryPoint\",\"urlTemplate\":\"https:\\\/\\\/www.wisbyhotelgroup.se\\\/?s={search_term_string}\"},\"query-input\":{\"@type\":\"PropertyValueSpecification\",\"valueRequired\":true,\"valueName\":\"search_term_string\"}}],\"inLanguage\":\"en-US\"},{\"@type\":\"Organization\",\"@id\":\"https:\\\/\\\/www.wisbyhotelgroup.se\\\/#organization\",\"name\":\"Wisby Hotel Group\",\"url\":\"https:\\\/\\\/www.wisbyhotelgroup.se\\\/\",\"logo\":{\"@type\":\"ImageObject\",\"inLanguage\":\"en-US\",\"@id\":\"https:\\\/\\\/www.wisbyhotelgroup.se\\\/#\\\/schema\\\/logo\\\/image\\\/\",\"url\":\"https:\\\/\\\/www.wisbyhotelgroup.se\\\/wp-content\\\/uploads\\\/2025\\\/03\\\/Logotyp-Wisby-Hotel-Group.png\",\"contentUrl\":\"https:\\\/\\\/www.wisbyhotelgroup.se\\\/wp-content\\\/uploads\\\/2025\\\/03\\\/Logotyp-Wisby-Hotel-Group.png\",\"width\":276,\"height\":182,\"caption\":\"Wisby Hotel Group\"},\"image\":{\"@id\":\"https:\\\/\\\/www.wisbyhotelgroup.se\\\/#\\\/schema\\\/logo\\\/image\\\/\"},\"sameAs\":[\"https:\\\/\\\/www.tiktok.com\\\/discover\\\/wisby-hotel-group\"]}]}<\/script>\n<!-- \/ Yoast SEO plugin. -->","yoast_head_json":{"title":"FAQ -","robots":{"index":"index","follow":"follow","max-snippet":"max-snippet:-1","max-image-preview":"max-image-preview:large","max-video-preview":"max-video-preview:-1"},"canonical":"https:\/\/www.wisbyhotelgroup.se\/en\/faq\/","og_locale":"en_US","og_type":"article","og_title":"FAQ -","og_description":"H\u00e4r svarar vi p\u00e5 n\u00e5gra vanliga fr\u00e5gor. Undrar du \u00f6ver n\u00e5got annat, tveka inte att kontakta oss! Kan jag hyra lokal f\u00f6r en privat tillst\u00e4llning? Ja, det g\u00e5r givetvis bra att hyra lokaler av oss f\u00f6r en privat fest. Klicka h\u00e4r och se vad vi har att erbjuda. G\u00f6r ni mat och fika p\u00e5 plats? [&hellip;]","og_url":"https:\/\/www.wisbyhotelgroup.se\/en\/faq\/","article_modified_time":"2025-05-07T18:21:34+00:00","twitter_card":"summary_large_image","twitter_misc":{"Est. reading time":"1 minute"},"schema":{"@context":"https:\/\/schema.org","@graph":[{"@type":"WebPage","@id":"https:\/\/www.wisbyhotelgroup.se\/faq\/","url":"https:\/\/www.wisbyhotelgroup.se\/faq\/","name":"FAQ -","isPartOf":{"@id":"https:\/\/www.wisbyhotelgroup.se\/#website"},"datePublished":"2024-08-09T20:51:27+00:00","dateModified":"2025-05-07T18:21:34+00:00","breadcrumb":{"@id":"https:\/\/www.wisbyhotelgroup.se\/faq\/#breadcrumb"},"inLanguage":"en-US","potentialAction":[{"@type":"ReadAction","target":["https:\/\/www.wisbyhotelgroup.se\/faq\/"]}]},{"@type":"BreadcrumbList","@id":"https:\/\/www.wisbyhotelgroup.se\/faq\/#breadcrumb","itemListElement":[{"@type":"ListItem","position":1,"name":"Hem","item":"https:\/\/www.wisbyhotelgroup.se\/"},{"@type":"ListItem","position":2,"name":"FAQ"}]},{"@type":"WebSite","@id":"https:\/\/www.wisbyhotelgroup.se\/#website","url":"https:\/\/www.wisbyhotelgroup.se\/","name":"Wisby Hotel Group","description":"Aff\u00e4rsresor och privata upplevelser i v\u00e4rldsklass","publisher":{"@id":"https:\/\/www.wisbyhotelgroup.se\/#organization"},"potentialAction":[{"@type":"SearchAction","target":{"@type":"EntryPoint","urlTemplate":"https:\/\/www.wisbyhotelgroup.se\/?s={search_term_string}"},"query-input":{"@type":"PropertyValueSpecification","valueRequired":true,"valueName":"search_term_string"}}],"inLanguage":"en-US"},{"@type":"Organization","@id":"https:\/\/www.wisbyhotelgroup.se\/#organization","name":"Wisby Hotel Group","url":"https:\/\/www.wisbyhotelgroup.se\/","logo":{"@type":"ImageObject","inLanguage":"en-US","@id":"https:\/\/www.wisbyhotelgroup.se\/#\/schema\/logo\/image\/","url":"https:\/\/www.wisbyhotelgroup.se\/wp-content\/uploads\/2025\/03\/Logotyp-Wisby-Hotel-Group.png","contentUrl":"https:\/\/www.wisbyhotelgroup.se\/wp-content\/uploads\/2025\/03\/Logotyp-Wisby-Hotel-Group.png","width":276,"height":182,"caption":"Wisby Hotel Group"},"image":{"@id":"https:\/\/www.wisbyhotelgroup.se\/#\/schema\/logo\/image\/"},"sameAs":["https:\/\/www.tiktok.com\/discover\/wisby-hotel-group"]}]}},"jetpack_sharing_enabled":true,"_links":{"self":[{"href":"https:\/\/www.wisbyhotelgroup.se\/en\/wp-json\/wp\/v2\/pages\/684","targetHints":{"allow":["GET"]}}],"collection":[{"href":"https:\/\/www.wisbyhotelgroup.se\/en\/wp-json\/wp\/v2\/pages"}],"about":[{"href":"https:\/\/www.wisbyhotelgroup.se\/en\/wp-json\/wp\/v2\/types\/page"}],"author":[{"embeddable":true,"href":"https:\/\/www.wisbyhotelgroup.se\/en\/wp-json\/wp\/v2\/users\/5"}],"replies":[{"embeddable":true,"href":"https:\/\/www.wisbyhotelgroup.se\/en\/wp-json\/wp\/v2\/comments?post=684"}],"version-history":[{"count":4,"href":"https:\/\/www.wisbyhotelgroup.se\/en\/wp-json\/wp\/v2\/pages\/684\/revisions"}],"predecessor-version":[{"id":2068,"href":"https:\/\/www.wisbyhotelgroup.se\/en\/wp-json\/wp\/v2\/pages\/684\/revisions\/2068"}],"wp:attachment":[{"href":"https:\/\/www.wisbyhotelgroup.se\/en\/wp-json\/wp\/v2\/media?parent=684"}],"curies":[{"name":"wp","href":"https:\/\/api.w.org\/{rel}","templated":true}]}}