{"id":826,"date":"2024-08-14T17:06:08","date_gmt":"2024-08-14T17:06:08","guid":{"rendered":"https:\/\/www.wisbyhotelgroup.se\/?page_id=826"},"modified":"2026-04-09T19:02:05","modified_gmt":"2026-04-09T19:02:05","slug":"catering","status":"publish","type":"page","link":"https:\/\/www.wisbyhotelgroup.se\/en\/catering\/","title":{"rendered":"Catering \u2013 breakfast to three-course meal"},"content":{"rendered":"<p class=\"wp-block-paragraph\">Mat och dryck \u00e4r en viktig del av ett lyckat event, oavsett om det g\u00e4ller m\u00f6tesdagar, br\u00f6llop eller andra firanden.<\/p>\n\n\n\n<p class=\"wp-block-paragraph\">All mat tillagas i v\u00e5rt eget k\u00f6k och vi har kapacitet att servera allt fr\u00e5n mindre s\u00e4llskap till stora m\u00e4ssor och event. P\u00e5 v\u00e5ra anl\u00e4ggningar har vi fullst\u00e4ndiga r\u00e4ttigheter och v\u00e5ra kockar har tagit fram noga utvalda dryckes- och vinpaket som passar v\u00e5ra menyer.<\/p>\n\n\n\n<p class=\"wp-block-paragraph\">Vi erbjuder b\u00e5de f\u00e4rdiga menyf\u00f6rslag och m\u00f6jligheten att skr\u00e4ddarsy uppl\u00e4gg efter era \u00f6nskem\u00e5l, fr\u00e5n br\u00f6llop och kr\u00e4ftskivor till julbord, grillkv\u00e4llar, afterwork och kickoff.<\/p>\n\n\n\n<p class=\"wp-block-paragraph\">Sj\u00e4lvklart tillgodoser vi \u00e4ven alla typer av specialkost.<\/p>\n\n\n\n<div class=\"wp-block-buttons is-layout-flex wp-block-buttons-is-layout-flex\">\n<div class=\"wp-block-button\"><a class=\"wp-block-button__link wp-element-button\" href=\"https:\/\/www.wisbyhotelgroup.se\/wp-content\/uploads\/2026\/04\/Catering-lunch-aw-middag.pdf\">Meny lunch, middag &amp; Aw<\/a><\/div>\n\n\n\n<div class=\"wp-block-button\"><a class=\"wp-block-button__link wp-element-button\" href=\"https:\/\/www.wisbyhotelgroup.se\/wp-content\/uploads\/2026\/04\/Catering-frukost-fika.pdf\">meny frukost &amp; fika<\/a><\/div>\n<\/div>\n\n\n\n<h5 class=\"wp-block-heading\">For bookings and questions contact<br>bokning@wisbyhotelgroup.se<\/h5>\n\n\n\n<figure class=\"wp-block-gallery has-nested-images columns-default is-cropped wp-block-gallery-1 is-layout-flex wp-block-gallery-is-layout-flex\">\n<figure class=\"wp-block-image size-large\"><a href=\"https:\/\/www.wisbyhotelgroup.se\/wp-content\/uploads\/2025\/05\/thumbnail_IMG_1489.jpg\"><img loading=\"lazy\" decoding=\"async\" width=\"773\" height=\"1030\" data-id=\"2123\" src=\"https:\/\/www.wisbyhotelgroup.se\/wp-content\/uploads\/2025\/05\/thumbnail_IMG_1489-773x1030.jpg\" alt=\"Catering mingel i ruin\" class=\"wp-image-2123\" srcset=\"https:\/\/www.wisbyhotelgroup.se\/wp-content\/uploads\/2025\/05\/thumbnail_IMG_1489-773x1030.jpg 773w, https:\/\/www.wisbyhotelgroup.se\/wp-content\/uploads\/2025\/05\/thumbnail_IMG_1489-225x300.jpg 225w, https:\/\/www.wisbyhotelgroup.se\/wp-content\/uploads\/2025\/05\/thumbnail_IMG_1489-768x1024.jpg 768w, https:\/\/www.wisbyhotelgroup.se\/wp-content\/uploads\/2025\/05\/thumbnail_IMG_1489-1152x1536.jpg 1152w, https:\/\/www.wisbyhotelgroup.se\/wp-content\/uploads\/2025\/05\/thumbnail_IMG_1489-1536x2048.jpg 1536w, https:\/\/www.wisbyhotelgroup.se\/wp-content\/uploads\/2025\/05\/thumbnail_IMG_1489-9x12.jpg 9w, https:\/\/www.wisbyhotelgroup.se\/wp-content\/uploads\/2025\/05\/thumbnail_IMG_1489.jpg 1920w\" sizes=\"auto, (max-width: 773px) 100vw, 773px\" \/><\/a><\/figure>\n\n\n\n<figure class=\"wp-block-image size-large\"><a href=\"https:\/\/www.wisbyhotelgroup.se\/wp-content\/uploads\/2025\/05\/thumbnail_IMG_1492.jpg\"><img loading=\"lazy\" decoding=\"async\" width=\"773\" height=\"1030\" data-id=\"2124\" src=\"https:\/\/www.wisbyhotelgroup.se\/wp-content\/uploads\/2025\/05\/thumbnail_IMG_1492-773x1030.jpg\" alt=\"Catering\/buff\u00e9 till mingel i ruin\" class=\"wp-image-2124\" srcset=\"https:\/\/www.wisbyhotelgroup.se\/wp-content\/uploads\/2025\/05\/thumbnail_IMG_1492-773x1030.jpg 773w, https:\/\/www.wisbyhotelgroup.se\/wp-content\/uploads\/2025\/05\/thumbnail_IMG_1492-225x300.jpg 225w, https:\/\/www.wisbyhotelgroup.se\/wp-content\/uploads\/2025\/05\/thumbnail_IMG_1492-768x1024.jpg 768w, https:\/\/www.wisbyhotelgroup.se\/wp-content\/uploads\/2025\/05\/thumbnail_IMG_1492-1152x1536.jpg 1152w, https:\/\/www.wisbyhotelgroup.se\/wp-content\/uploads\/2025\/05\/thumbnail_IMG_1492-9x12.jpg 9w, https:\/\/www.wisbyhotelgroup.se\/wp-content\/uploads\/2025\/05\/thumbnail_IMG_1492.jpg 1440w\" sizes=\"auto, (max-width: 773px) 100vw, 773px\" \/><\/a><\/figure>\n\n\n\n<figure class=\"wp-block-image size-large\"><a href=\"https:\/\/www.wisbyhotelgroup.se\/wp-content\/uploads\/2024\/08\/IMG_3196.jpeg\"><img loading=\"lazy\" decoding=\"async\" width=\"831\" height=\"1030\" data-id=\"836\" src=\"https:\/\/www.wisbyhotelgroup.se\/wp-content\/uploads\/2024\/08\/IMG_3196-831x1030.jpeg\" alt=\"Buff\u00e9 Donners Event i Visby\" class=\"wp-image-836\" srcset=\"https:\/\/www.wisbyhotelgroup.se\/wp-content\/uploads\/2024\/08\/IMG_3196-831x1030.jpeg 831w, https:\/\/www.wisbyhotelgroup.se\/wp-content\/uploads\/2024\/08\/IMG_3196-242x300.jpeg 242w, https:\/\/www.wisbyhotelgroup.se\/wp-content\/uploads\/2024\/08\/IMG_3196-768x952.jpeg 768w, https:\/\/www.wisbyhotelgroup.se\/wp-content\/uploads\/2024\/08\/IMG_3196.jpeg 1125w\" sizes=\"auto, (max-width: 831px) 100vw, 831px\" \/><\/a><\/figure>\n\n\n\n<figure class=\"wp-block-image size-large\"><a href=\"https:\/\/www.wisbyhotelgroup.se\/wp-content\/uploads\/2024\/08\/IMG_3197.jpeg\"><img loading=\"lazy\" decoding=\"async\" width=\"832\" height=\"1030\" data-id=\"835\" src=\"https:\/\/www.wisbyhotelgroup.se\/wp-content\/uploads\/2024\/08\/IMG_3197-832x1030.jpeg\" alt=\"Buff\u00e9 Donners Event i Visby\" class=\"wp-image-835\" srcset=\"https:\/\/www.wisbyhotelgroup.se\/wp-content\/uploads\/2024\/08\/IMG_3197-832x1030.jpeg 832w, https:\/\/www.wisbyhotelgroup.se\/wp-content\/uploads\/2024\/08\/IMG_3197-242x300.jpeg 242w, https:\/\/www.wisbyhotelgroup.se\/wp-content\/uploads\/2024\/08\/IMG_3197-768x950.jpeg 768w, https:\/\/www.wisbyhotelgroup.se\/wp-content\/uploads\/2024\/08\/IMG_3197.jpeg 1125w\" sizes=\"auto, (max-width: 832px) 100vw, 832px\" \/><\/a><\/figure>\n\n\n\n<figure class=\"wp-block-image size-large\"><a href=\"https:\/\/www.wisbyhotelgroup.se\/wp-content\/uploads\/2024\/08\/IMG_3198.jpeg\"><img loading=\"lazy\" decoding=\"async\" width=\"829\" height=\"1030\" data-id=\"834\" src=\"https:\/\/www.wisbyhotelgroup.se\/wp-content\/uploads\/2024\/08\/IMG_3198-829x1030.jpeg\" alt=\"Buff\u00e9 Donners Event i Visby\" class=\"wp-image-834\" srcset=\"https:\/\/www.wisbyhotelgroup.se\/wp-content\/uploads\/2024\/08\/IMG_3198-829x1030.jpeg 829w, https:\/\/www.wisbyhotelgroup.se\/wp-content\/uploads\/2024\/08\/IMG_3198-242x300.jpeg 242w, https:\/\/www.wisbyhotelgroup.se\/wp-content\/uploads\/2024\/08\/IMG_3198-768x954.jpeg 768w, https:\/\/www.wisbyhotelgroup.se\/wp-content\/uploads\/2024\/08\/IMG_3198.jpeg 1125w\" sizes=\"auto, (max-width: 829px) 100vw, 829px\" \/><\/a><\/figure>\n\n\n\n<figure class=\"wp-block-image size-large\"><a href=\"https:\/\/www.wisbyhotelgroup.se\/wp-content\/uploads\/2024\/08\/IMG_3199.jpeg\"><img loading=\"lazy\" decoding=\"async\" width=\"829\" height=\"1030\" data-id=\"833\" src=\"https:\/\/www.wisbyhotelgroup.se\/wp-content\/uploads\/2024\/08\/IMG_3199-829x1030.jpeg\" alt=\"Ostron och vin till evenemang i Visby\" class=\"wp-image-833\" srcset=\"https:\/\/www.wisbyhotelgroup.se\/wp-content\/uploads\/2024\/08\/IMG_3199-829x1030.jpeg 829w, https:\/\/www.wisbyhotelgroup.se\/wp-content\/uploads\/2024\/08\/IMG_3199-242x300.jpeg 242w, https:\/\/www.wisbyhotelgroup.se\/wp-content\/uploads\/2024\/08\/IMG_3199-768x954.jpeg 768w, https:\/\/www.wisbyhotelgroup.se\/wp-content\/uploads\/2024\/08\/IMG_3199.jpeg 1125w\" sizes=\"auto, (max-width: 829px) 100vw, 829px\" \/><\/a><\/figure>\n\n\n\n<figure class=\"wp-block-image size-large\"><a href=\"https:\/\/www.wisbyhotelgroup.se\/wp-content\/uploads\/2024\/08\/IMG_3204.jpeg\"><img loading=\"lazy\" decoding=\"async\" width=\"826\" height=\"1030\" data-id=\"829\" src=\"https:\/\/www.wisbyhotelgroup.se\/wp-content\/uploads\/2024\/08\/IMG_3204-826x1030.jpeg\" alt=\"Champange till alla g\u00e4ster p\u00e5 evenemang p\u00e5 Donners event i Visby innerstad.\" class=\"wp-image-829\" srcset=\"https:\/\/www.wisbyhotelgroup.se\/wp-content\/uploads\/2024\/08\/IMG_3204-826x1030.jpeg 826w, https:\/\/www.wisbyhotelgroup.se\/wp-content\/uploads\/2024\/08\/IMG_3204-241x300.jpeg 241w, https:\/\/www.wisbyhotelgroup.se\/wp-content\/uploads\/2024\/08\/IMG_3204-768x957.jpeg 768w, https:\/\/www.wisbyhotelgroup.se\/wp-content\/uploads\/2024\/08\/IMG_3204.jpeg 1125w\" sizes=\"auto, (max-width: 826px) 100vw, 826px\" \/><\/a><\/figure>\n\n\n\n<figure class=\"wp-block-image size-large\"><a href=\"https:\/\/www.wisbyhotelgroup.se\/wp-content\/uploads\/2024\/08\/IMG_3205.jpeg\"><img loading=\"lazy\" decoding=\"async\" width=\"910\" height=\"1030\" data-id=\"828\" src=\"https:\/\/www.wisbyhotelgroup.se\/wp-content\/uploads\/2024\/08\/IMG_3205-910x1030.jpeg\" alt=\"Buff\u00e9 p\u00e5 Donners event.\" class=\"wp-image-828\" srcset=\"https:\/\/www.wisbyhotelgroup.se\/wp-content\/uploads\/2024\/08\/IMG_3205-910x1030.jpeg 910w, https:\/\/www.wisbyhotelgroup.se\/wp-content\/uploads\/2024\/08\/IMG_3205-265x300.jpeg 265w, https:\/\/www.wisbyhotelgroup.se\/wp-content\/uploads\/2024\/08\/IMG_3205-768x869.jpeg 768w, https:\/\/www.wisbyhotelgroup.se\/wp-content\/uploads\/2024\/08\/IMG_3205.jpeg 1125w\" sizes=\"auto, (max-width: 910px) 100vw, 910px\" \/><\/a><\/figure>\n\n\n\n<figure class=\"wp-block-image size-large\"><a href=\"https:\/\/www.wisbyhotelgroup.se\/wp-content\/uploads\/2024\/08\/IMG_8716.png\"><img loading=\"lazy\" decoding=\"async\" width=\"1125\" height=\"1126\" data-id=\"838\" src=\"https:\/\/www.wisbyhotelgroup.se\/wp-content\/uploads\/2024\/08\/IMG_8716-edited.png\" alt=\"Snittar p\u00e5 Donners event. \" class=\"wp-image-838\" srcset=\"https:\/\/www.wisbyhotelgroup.se\/wp-content\/uploads\/2024\/08\/IMG_8716-edited.png 1125w, https:\/\/www.wisbyhotelgroup.se\/wp-content\/uploads\/2024\/08\/IMG_8716-edited-300x300.png 300w, https:\/\/www.wisbyhotelgroup.se\/wp-content\/uploads\/2024\/08\/IMG_8716-edited-1030x1030.png 1030w, https:\/\/www.wisbyhotelgroup.se\/wp-content\/uploads\/2024\/08\/IMG_8716-edited-80x80.png 80w, https:\/\/www.wisbyhotelgroup.se\/wp-content\/uploads\/2024\/08\/IMG_8716-edited-768x769.png 768w\" sizes=\"auto, (max-width: 1125px) 100vw, 1125px\" \/><\/a><\/figure>\n\n\n\n<figure class=\"wp-block-image size-large\"><a href=\"https:\/\/www.wisbyhotelgroup.se\/wp-content\/uploads\/2024\/08\/IMG_6723-scaled.jpeg\"><img loading=\"lazy\" decoding=\"async\" width=\"773\" height=\"1030\" data-id=\"769\" src=\"https:\/\/www.wisbyhotelgroup.se\/wp-content\/uploads\/2024\/08\/IMG_6723-773x1030.jpeg\" alt=\"Tilltugg till mingel och f\u00f6rdrink p\u00e5 Joda bar och k\u00f6k.\" class=\"wp-image-769\" srcset=\"https:\/\/www.wisbyhotelgroup.se\/wp-content\/uploads\/2024\/08\/IMG_6723-773x1030.jpeg 773w, https:\/\/www.wisbyhotelgroup.se\/wp-content\/uploads\/2024\/08\/IMG_6723-225x300.jpeg 225w, https:\/\/www.wisbyhotelgroup.se\/wp-content\/uploads\/2024\/08\/IMG_6723-768x1024.jpeg 768w, https:\/\/www.wisbyhotelgroup.se\/wp-content\/uploads\/2024\/08\/IMG_6723-1152x1536.jpeg 1152w, https:\/\/www.wisbyhotelgroup.se\/wp-content\/uploads\/2024\/08\/IMG_6723-1536x2048.jpeg 1536w, https:\/\/www.wisbyhotelgroup.se\/wp-content\/uploads\/2024\/08\/IMG_6723-scaled.jpeg 1920w\" sizes=\"auto, (max-width: 773px) 100vw, 773px\" \/><\/a><\/figure>\n\n\n\n<figure class=\"wp-block-image size-large\"><a href=\"https:\/\/www.wisbyhotelgroup.se\/wp-content\/uploads\/2024\/08\/IMG_3176.jpeg\"><img loading=\"lazy\" decoding=\"async\" width=\"826\" height=\"1030\" data-id=\"705\" src=\"https:\/\/www.wisbyhotelgroup.se\/wp-content\/uploads\/2024\/08\/IMG_3176-826x1030.jpeg\" alt=\"Snittar och mingelmat p\u00e5 Joda bar och k\u00f6ks innerg\u00e5rd.\" class=\"wp-image-705\" srcset=\"https:\/\/www.wisbyhotelgroup.se\/wp-content\/uploads\/2024\/08\/IMG_3176-826x1030.jpeg 826w, https:\/\/www.wisbyhotelgroup.se\/wp-content\/uploads\/2024\/08\/IMG_3176-241x300.jpeg 241w, https:\/\/www.wisbyhotelgroup.se\/wp-content\/uploads\/2024\/08\/IMG_3176-768x958.jpeg 768w, https:\/\/www.wisbyhotelgroup.se\/wp-content\/uploads\/2024\/08\/IMG_3176.jpeg 1125w\" sizes=\"auto, (max-width: 826px) 100vw, 826px\" \/><\/a><\/figure>\n\n\n\n<figure class=\"wp-block-image size-large\"><a href=\"https:\/\/www.wisbyhotelgroup.se\/wp-content\/uploads\/2024\/08\/IMG_2907.jpeg\"><img loading=\"lazy\" decoding=\"async\" width=\"831\" height=\"1030\" data-id=\"592\" src=\"https:\/\/www.wisbyhotelgroup.se\/wp-content\/uploads\/2024\/08\/IMG_2907-831x1030.jpeg\" alt=\"F\u00f6rr\u00e4tt p\u00e5 en av v\u00e5ra restauranger. \" class=\"wp-image-592\" srcset=\"https:\/\/www.wisbyhotelgroup.se\/wp-content\/uploads\/2024\/08\/IMG_2907-831x1030.jpeg 831w, https:\/\/www.wisbyhotelgroup.se\/wp-content\/uploads\/2024\/08\/IMG_2907-242x300.jpeg 242w, https:\/\/www.wisbyhotelgroup.se\/wp-content\/uploads\/2024\/08\/IMG_2907-768x952.jpeg 768w, https:\/\/www.wisbyhotelgroup.se\/wp-content\/uploads\/2024\/08\/IMG_2907.jpeg 1125w\" sizes=\"auto, (max-width: 831px) 100vw, 831px\" \/><\/a><\/figure>\n\n\n\n<figure class=\"wp-block-image size-large\"><a href=\"https:\/\/www.wisbyhotelgroup.se\/wp-content\/uploads\/2024\/08\/IMG_2915.jpeg\"><img loading=\"lazy\" decoding=\"async\" width=\"828\" height=\"1030\" data-id=\"588\" src=\"https:\/\/www.wisbyhotelgroup.se\/wp-content\/uploads\/2024\/08\/IMG_2915-828x1030.jpeg\" alt=\"Konferenslunch p\u00e5 en av Wisby Hotel Groups respauranger. \" class=\"wp-image-588\" srcset=\"https:\/\/www.wisbyhotelgroup.se\/wp-content\/uploads\/2024\/08\/IMG_2915-828x1030.jpeg 828w, https:\/\/www.wisbyhotelgroup.se\/wp-content\/uploads\/2024\/08\/IMG_2915-241x300.jpeg 241w, https:\/\/www.wisbyhotelgroup.se\/wp-content\/uploads\/2024\/08\/IMG_2915-768x956.jpeg 768w, https:\/\/www.wisbyhotelgroup.se\/wp-content\/uploads\/2024\/08\/IMG_2915.jpeg 1125w\" sizes=\"auto, (max-width: 828px) 100vw, 828px\" \/><\/a><\/figure>\n\n\n\n<figure class=\"wp-block-image size-large\"><a href=\"https:\/\/www.wisbyhotelgroup.se\/wp-content\/uploads\/2024\/08\/IMG_2840.jpeg\"><img loading=\"lazy\" decoding=\"async\" width=\"834\" height=\"1030\" data-id=\"554\" src=\"https:\/\/www.wisbyhotelgroup.se\/wp-content\/uploads\/2024\/08\/IMG_2840-834x1030.jpeg\" alt=\"Konferenslunch serverad som take away i Rosa Huset\" class=\"wp-image-554\" srcset=\"https:\/\/www.wisbyhotelgroup.se\/wp-content\/uploads\/2024\/08\/IMG_2840-834x1030.jpeg 834w, https:\/\/www.wisbyhotelgroup.se\/wp-content\/uploads\/2024\/08\/IMG_2840-243x300.jpeg 243w, https:\/\/www.wisbyhotelgroup.se\/wp-content\/uploads\/2024\/08\/IMG_2840-768x949.jpeg 768w, https:\/\/www.wisbyhotelgroup.se\/wp-content\/uploads\/2024\/08\/IMG_2840.jpeg 1125w\" sizes=\"auto, (max-width: 834px) 100vw, 834px\" \/><\/a><\/figure>\n\n\n\n<figure class=\"wp-block-image size-large\"><a href=\"https:\/\/www.wisbyhotelgroup.se\/wp-content\/uploads\/2024\/08\/IMG_3222.jpeg\"><img loading=\"lazy\" decoding=\"async\" width=\"717\" height=\"1030\" data-id=\"871\" src=\"https:\/\/www.wisbyhotelgroup.se\/wp-content\/uploads\/2024\/08\/IMG_3222-717x1030.jpeg\" alt=\"Mingeltallrik serverad under Almedalsveckan\" class=\"wp-image-871\" srcset=\"https:\/\/www.wisbyhotelgroup.se\/wp-content\/uploads\/2024\/08\/IMG_3222-717x1030.jpeg 717w, https:\/\/www.wisbyhotelgroup.se\/wp-content\/uploads\/2024\/08\/IMG_3222-209x300.jpeg 209w, https:\/\/www.wisbyhotelgroup.se\/wp-content\/uploads\/2024\/08\/IMG_3222-768x1103.jpeg 768w, https:\/\/www.wisbyhotelgroup.se\/wp-content\/uploads\/2024\/08\/IMG_3222-1069x1536.jpeg 1069w, https:\/\/www.wisbyhotelgroup.se\/wp-content\/uploads\/2024\/08\/IMG_3222.jpeg 1125w\" sizes=\"auto, (max-width: 717px) 100vw, 717px\" \/><\/a><\/figure>\n<\/figure>","protected":false},"excerpt":{"rendered":"<p>Mat och dryck \u00e4r en viktig del av ett lyckat event, oavsett om det g\u00e4ller m\u00f6tesdagar, br\u00f6llop eller andra firanden. All mat tillagas i v\u00e5rt eget k\u00f6k och vi har kapacitet att servera allt fr\u00e5n mindre s\u00e4llskap till stora m\u00e4ssor och event. P\u00e5 v\u00e5ra anl\u00e4ggningar har vi fullst\u00e4ndiga r\u00e4ttigheter och v\u00e5ra kockar har tagit fram [&hellip;]<\/p>\n","protected":false},"author":5,"featured_media":0,"parent":0,"menu_order":0,"comment_status":"closed","ping_status":"closed","template":"","meta":{"_crdt_document":"","footnotes":""},"class_list":["post-826","page","type-page","status-publish","hentry"],"yoast_head":"<!-- This site is optimized with the Yoast SEO plugin v27.3 - https:\/\/yoast.com\/product\/yoast-seo-wordpress\/ -->\n<title>Catering - frukost till trer\u00e4tters -<\/title>\n<meta name=\"description\" content=\"Vi har catering f\u00f6r alla tillf\u00e4llen \u2013 br\u00f6llop, f\u00f6retagsevent och privata fester. All mat tillagas av v\u00e5ra kockar i Visby.\" \/>\n<meta name=\"robots\" content=\"index, follow, max-snippet:-1, max-image-preview:large, max-video-preview:-1\" \/>\n<link rel=\"canonical\" href=\"https:\/\/www.wisbyhotelgroup.se\/en\/catering\/\" \/>\n<meta property=\"og:locale\" content=\"en_US\" \/>\n<meta property=\"og:type\" content=\"article\" \/>\n<meta property=\"og:title\" content=\"Catering - frukost till trer\u00e4tters -\" \/>\n<meta property=\"og:description\" content=\"Vi har catering f\u00f6r alla tillf\u00e4llen \u2013 br\u00f6llop, f\u00f6retagsevent och privata fester. All mat tillagas av v\u00e5ra kockar i Visby.\" \/>\n<meta property=\"og:url\" content=\"https:\/\/www.wisbyhotelgroup.se\/en\/catering\/\" \/>\n<meta property=\"article:modified_time\" content=\"2026-04-09T19:02:05+00:00\" \/>\n<meta property=\"og:image\" content=\"https:\/\/www.wisbyhotelgroup.se\/wp-content\/uploads\/2025\/05\/thumbnail_IMG_1489.jpg\" \/>\n\t<meta property=\"og:image:width\" content=\"1920\" \/>\n\t<meta property=\"og:image:height\" content=\"2560\" \/>\n\t<meta property=\"og:image:type\" content=\"image\/jpeg\" \/>\n<meta name=\"twitter:card\" content=\"summary_large_image\" \/>\n<meta name=\"twitter:label1\" content=\"Est. reading time\" \/>\n\t<meta name=\"twitter:data1\" content=\"4 minutes\" \/>\n<script type=\"application\/ld+json\" class=\"yoast-schema-graph\">{\"@context\":\"https:\\\/\\\/schema.org\",\"@graph\":[{\"@type\":\"WebPage\",\"@id\":\"https:\\\/\\\/www.wisbyhotelgroup.se\\\/catering\\\/\",\"url\":\"https:\\\/\\\/www.wisbyhotelgroup.se\\\/catering\\\/\",\"name\":\"Catering - frukost till trer\u00e4tters -\",\"isPartOf\":{\"@id\":\"https:\\\/\\\/www.wisbyhotelgroup.se\\\/#website\"},\"primaryImageOfPage\":{\"@id\":\"https:\\\/\\\/www.wisbyhotelgroup.se\\\/catering\\\/#primaryimage\"},\"image\":{\"@id\":\"https:\\\/\\\/www.wisbyhotelgroup.se\\\/catering\\\/#primaryimage\"},\"thumbnailUrl\":\"https:\\\/\\\/www.wisbyhotelgroup.se\\\/wp-content\\\/uploads\\\/2025\\\/05\\\/thumbnail_IMG_1489-773x1030.jpg\",\"datePublished\":\"2024-08-14T17:06:08+00:00\",\"dateModified\":\"2026-04-09T19:02:05+00:00\",\"description\":\"Vi har catering f\u00f6r alla tillf\u00e4llen \u2013 br\u00f6llop, f\u00f6retagsevent och privata fester. All mat tillagas av v\u00e5ra kockar i Visby.\",\"breadcrumb\":{\"@id\":\"https:\\\/\\\/www.wisbyhotelgroup.se\\\/catering\\\/#breadcrumb\"},\"inLanguage\":\"en-US\",\"potentialAction\":[{\"@type\":\"ReadAction\",\"target\":[\"https:\\\/\\\/www.wisbyhotelgroup.se\\\/catering\\\/\"]}]},{\"@type\":\"ImageObject\",\"inLanguage\":\"en-US\",\"@id\":\"https:\\\/\\\/www.wisbyhotelgroup.se\\\/catering\\\/#primaryimage\",\"url\":\"https:\\\/\\\/www.wisbyhotelgroup.se\\\/wp-content\\\/uploads\\\/2025\\\/05\\\/thumbnail_IMG_1489-773x1030.jpg\",\"contentUrl\":\"https:\\\/\\\/www.wisbyhotelgroup.se\\\/wp-content\\\/uploads\\\/2025\\\/05\\\/thumbnail_IMG_1489-773x1030.jpg\"},{\"@type\":\"BreadcrumbList\",\"@id\":\"https:\\\/\\\/www.wisbyhotelgroup.se\\\/catering\\\/#breadcrumb\",\"itemListElement\":[{\"@type\":\"ListItem\",\"position\":1,\"name\":\"Hem\",\"item\":\"https:\\\/\\\/www.wisbyhotelgroup.se\\\/\"},{\"@type\":\"ListItem\",\"position\":2,\"name\":\"Catering &#8211; frukost till trer\u00e4tters\"}]},{\"@type\":\"WebSite\",\"@id\":\"https:\\\/\\\/www.wisbyhotelgroup.se\\\/#website\",\"url\":\"https:\\\/\\\/www.wisbyhotelgroup.se\\\/\",\"name\":\"Wisby Hotel Group\",\"description\":\"Aff\u00e4rsresor och privata upplevelser i v\u00e4rldsklass\",\"publisher\":{\"@id\":\"https:\\\/\\\/www.wisbyhotelgroup.se\\\/#organization\"},\"potentialAction\":[{\"@type\":\"SearchAction\",\"target\":{\"@type\":\"EntryPoint\",\"urlTemplate\":\"https:\\\/\\\/www.wisbyhotelgroup.se\\\/?s={search_term_string}\"},\"query-input\":{\"@type\":\"PropertyValueSpecification\",\"valueRequired\":true,\"valueName\":\"search_term_string\"}}],\"inLanguage\":\"en-US\"},{\"@type\":\"Organization\",\"@id\":\"https:\\\/\\\/www.wisbyhotelgroup.se\\\/#organization\",\"name\":\"Wisby Hotel Group\",\"url\":\"https:\\\/\\\/www.wisbyhotelgroup.se\\\/\",\"logo\":{\"@type\":\"ImageObject\",\"inLanguage\":\"en-US\",\"@id\":\"https:\\\/\\\/www.wisbyhotelgroup.se\\\/#\\\/schema\\\/logo\\\/image\\\/\",\"url\":\"https:\\\/\\\/www.wisbyhotelgroup.se\\\/wp-content\\\/uploads\\\/2025\\\/03\\\/Logotyp-Wisby-Hotel-Group.png\",\"contentUrl\":\"https:\\\/\\\/www.wisbyhotelgroup.se\\\/wp-content\\\/uploads\\\/2025\\\/03\\\/Logotyp-Wisby-Hotel-Group.png\",\"width\":276,\"height\":182,\"caption\":\"Wisby Hotel Group\"},\"image\":{\"@id\":\"https:\\\/\\\/www.wisbyhotelgroup.se\\\/#\\\/schema\\\/logo\\\/image\\\/\"},\"sameAs\":[\"https:\\\/\\\/www.tiktok.com\\\/discover\\\/wisby-hotel-group\"]}]}<\/script>\n<!-- \/ Yoast SEO plugin. -->","yoast_head_json":{"title":"Catering - frukost till trer\u00e4tters -","description":"Vi har catering f\u00f6r alla tillf\u00e4llen \u2013 br\u00f6llop, f\u00f6retagsevent och privata fester. All mat tillagas av v\u00e5ra kockar i Visby.","robots":{"index":"index","follow":"follow","max-snippet":"max-snippet:-1","max-image-preview":"max-image-preview:large","max-video-preview":"max-video-preview:-1"},"canonical":"https:\/\/www.wisbyhotelgroup.se\/en\/catering\/","og_locale":"en_US","og_type":"article","og_title":"Catering - frukost till trer\u00e4tters -","og_description":"Vi har catering f\u00f6r alla tillf\u00e4llen \u2013 br\u00f6llop, f\u00f6retagsevent och privata fester. All mat tillagas av v\u00e5ra kockar i Visby.","og_url":"https:\/\/www.wisbyhotelgroup.se\/en\/catering\/","article_modified_time":"2026-04-09T19:02:05+00:00","og_image":[{"width":1920,"height":2560,"url":"https:\/\/www.wisbyhotelgroup.se\/wp-content\/uploads\/2025\/05\/thumbnail_IMG_1489.jpg","type":"image\/jpeg"}],"twitter_card":"summary_large_image","twitter_misc":{"Est. reading time":"4 minutes"},"schema":{"@context":"https:\/\/schema.org","@graph":[{"@type":"WebPage","@id":"https:\/\/www.wisbyhotelgroup.se\/catering\/","url":"https:\/\/www.wisbyhotelgroup.se\/catering\/","name":"Catering - frukost till trer\u00e4tters -","isPartOf":{"@id":"https:\/\/www.wisbyhotelgroup.se\/#website"},"primaryImageOfPage":{"@id":"https:\/\/www.wisbyhotelgroup.se\/catering\/#primaryimage"},"image":{"@id":"https:\/\/www.wisbyhotelgroup.se\/catering\/#primaryimage"},"thumbnailUrl":"https:\/\/www.wisbyhotelgroup.se\/wp-content\/uploads\/2025\/05\/thumbnail_IMG_1489-773x1030.jpg","datePublished":"2024-08-14T17:06:08+00:00","dateModified":"2026-04-09T19:02:05+00:00","description":"Vi har catering f\u00f6r alla tillf\u00e4llen \u2013 br\u00f6llop, f\u00f6retagsevent och privata fester. All mat tillagas av v\u00e5ra kockar i Visby.","breadcrumb":{"@id":"https:\/\/www.wisbyhotelgroup.se\/catering\/#breadcrumb"},"inLanguage":"en-US","potentialAction":[{"@type":"ReadAction","target":["https:\/\/www.wisbyhotelgroup.se\/catering\/"]}]},{"@type":"ImageObject","inLanguage":"en-US","@id":"https:\/\/www.wisbyhotelgroup.se\/catering\/#primaryimage","url":"https:\/\/www.wisbyhotelgroup.se\/wp-content\/uploads\/2025\/05\/thumbnail_IMG_1489-773x1030.jpg","contentUrl":"https:\/\/www.wisbyhotelgroup.se\/wp-content\/uploads\/2025\/05\/thumbnail_IMG_1489-773x1030.jpg"},{"@type":"BreadcrumbList","@id":"https:\/\/www.wisbyhotelgroup.se\/catering\/#breadcrumb","itemListElement":[{"@type":"ListItem","position":1,"name":"Hem","item":"https:\/\/www.wisbyhotelgroup.se\/"},{"@type":"ListItem","position":2,"name":"Catering &#8211; frukost till trer\u00e4tters"}]},{"@type":"WebSite","@id":"https:\/\/www.wisbyhotelgroup.se\/#website","url":"https:\/\/www.wisbyhotelgroup.se\/","name":"Wisby Hotel Group","description":"Aff\u00e4rsresor och privata upplevelser i v\u00e4rldsklass","publisher":{"@id":"https:\/\/www.wisbyhotelgroup.se\/#organization"},"potentialAction":[{"@type":"SearchAction","target":{"@type":"EntryPoint","urlTemplate":"https:\/\/www.wisbyhotelgroup.se\/?s={search_term_string}"},"query-input":{"@type":"PropertyValueSpecification","valueRequired":true,"valueName":"search_term_string"}}],"inLanguage":"en-US"},{"@type":"Organization","@id":"https:\/\/www.wisbyhotelgroup.se\/#organization","name":"Wisby Hotel Group","url":"https:\/\/www.wisbyhotelgroup.se\/","logo":{"@type":"ImageObject","inLanguage":"en-US","@id":"https:\/\/www.wisbyhotelgroup.se\/#\/schema\/logo\/image\/","url":"https:\/\/www.wisbyhotelgroup.se\/wp-content\/uploads\/2025\/03\/Logotyp-Wisby-Hotel-Group.png","contentUrl":"https:\/\/www.wisbyhotelgroup.se\/wp-content\/uploads\/2025\/03\/Logotyp-Wisby-Hotel-Group.png","width":276,"height":182,"caption":"Wisby Hotel Group"},"image":{"@id":"https:\/\/www.wisbyhotelgroup.se\/#\/schema\/logo\/image\/"},"sameAs":["https:\/\/www.tiktok.com\/discover\/wisby-hotel-group"]}]}},"jetpack_sharing_enabled":true,"_links":{"self":[{"href":"https:\/\/www.wisbyhotelgroup.se\/en\/wp-json\/wp\/v2\/pages\/826","targetHints":{"allow":["GET"]}}],"collection":[{"href":"https:\/\/www.wisbyhotelgroup.se\/en\/wp-json\/wp\/v2\/pages"}],"about":[{"href":"https:\/\/www.wisbyhotelgroup.se\/en\/wp-json\/wp\/v2\/types\/page"}],"author":[{"embeddable":true,"href":"https:\/\/www.wisbyhotelgroup.se\/en\/wp-json\/wp\/v2\/users\/5"}],"replies":[{"embeddable":true,"href":"https:\/\/www.wisbyhotelgroup.se\/en\/wp-json\/wp\/v2\/comments?post=826"}],"version-history":[{"count":11,"href":"https:\/\/www.wisbyhotelgroup.se\/en\/wp-json\/wp\/v2\/pages\/826\/revisions"}],"predecessor-version":[{"id":4056,"href":"https:\/\/www.wisbyhotelgroup.se\/en\/wp-json\/wp\/v2\/pages\/826\/revisions\/4056"}],"wp:attachment":[{"href":"https:\/\/www.wisbyhotelgroup.se\/en\/wp-json\/wp\/v2\/media?parent=826"}],"curies":[{"name":"wp","href":"https:\/\/api.w.org\/{rel}","templated":true}]}}