{"id":927,"date":"2024-08-30T10:07:30","date_gmt":"2024-08-30T10:07:30","guid":{"rendered":"https:\/\/www.wisbyhotelgroup.se\/?page_id=927"},"modified":"2025-11-27T21:03:51","modified_gmt":"2025-11-27T21:03:51","slug":"evenemang","status":"publish","type":"page","link":"https:\/\/www.wisbyhotelgroup.se\/en\/evenemang\/","title":{"rendered":"Events"},"content":{"rendered":"<p class=\"wp-block-paragraph\"><\/p>\n\n\n\n<div class=\"wp-block-media-text is-stacked-on-mobile\" style=\"grid-template-columns:45% auto\"><figure class=\"wp-block-media-text__media\"><img loading=\"lazy\" decoding=\"async\" width=\"824\" height=\"1030\" src=\"https:\/\/www.wisbyhotelgroup.se\/wp-content\/uploads\/2025\/11\/JULKONFETTI-4.5-Instagram-824x1030.png\" alt=\"\" class=\"wp-image-3398 size-full\" srcset=\"https:\/\/www.wisbyhotelgroup.se\/wp-content\/uploads\/2025\/11\/JULKONFETTI-4.5-Instagram-824x1030.png 824w, https:\/\/www.wisbyhotelgroup.se\/wp-content\/uploads\/2025\/11\/JULKONFETTI-4.5-Instagram-240x300.png 240w, https:\/\/www.wisbyhotelgroup.se\/wp-content\/uploads\/2025\/11\/JULKONFETTI-4.5-Instagram-768x960.png 768w, https:\/\/www.wisbyhotelgroup.se\/wp-content\/uploads\/2025\/11\/JULKONFETTI-4.5-Instagram-10x12.png 10w, https:\/\/www.wisbyhotelgroup.se\/wp-content\/uploads\/2025\/11\/JULKONFETTI-4.5-Instagram.png 1080w\" sizes=\"auto, (max-width: 824px) 100vw, 824px\" \/><\/figure><div class=\"wp-block-media-text__content\">\n<h2 class=\"wp-block-heading\">Julkonfetti p\u00e5 Visby B\u00f6rs<\/h2>\n\n\n\n<p class=\"wp-block-paragraph\"><br><strong>Inst\u00e4llt!<\/strong> <strong>Du som bokat biljett kommer bli kontaktad och f\u00e5 pengarna tillbaka<\/strong>. <br><br><\/p>\n\n\n\n<div class=\"wp-block-buttons is-layout-flex wp-block-buttons-is-layout-flex\">\n<div class=\"wp-block-button\"><a class=\"wp-block-button__link wp-element-button\" href=\"https:\/\/nortic.se\/ticket\/event\/75338\">boka biljett \u2192<\/a><\/div>\n<\/div>\n<\/div><\/div>\n\n\n\n<div class=\"wp-block-media-text is-stacked-on-mobile\" style=\"grid-template-columns:44% auto\"><figure class=\"wp-block-media-text__media\"><img loading=\"lazy\" decoding=\"async\" width=\"842\" height=\"595\" src=\"https:\/\/www.wisbyhotelgroup.se\/wp-content\/uploads\/2024\/08\/Roxy_logga.png\" alt=\"\" class=\"wp-image-807 size-full\" srcset=\"https:\/\/www.wisbyhotelgroup.se\/wp-content\/uploads\/2024\/08\/Roxy_logga.png 842w, https:\/\/www.wisbyhotelgroup.se\/wp-content\/uploads\/2024\/08\/Roxy_logga-300x212.png 300w, https:\/\/www.wisbyhotelgroup.se\/wp-content\/uploads\/2024\/08\/Roxy_logga-768x543.png 768w\" sizes=\"auto, (max-width: 842px) 100vw, 842px\" \/><\/figure><div class=\"wp-block-media-text__content\">\n<h2 class=\"wp-block-heading\">The cultural association Roxy<\/h2>\n\n\n\n<p class=\"wp-block-paragraph\"><strong>Don't miss any event! <\/strong><\/p>\n\n\n\n<p class=\"wp-block-paragraph\">The Roxy cultural association organizes lots of exciting events at our premises at Visby Bors, Donners event and Luna. <\/p>\n\n\n\n<div class=\"wp-block-buttons is-layout-flex wp-block-buttons-is-layout-flex\">\n<div class=\"wp-block-button\"><a class=\"wp-block-button__link wp-element-button\" href=\"http:\/\/www.kfroxy.se\/pagang.html\">Upcoming \u2192<\/a><\/div>\n<\/div>\n<\/div><\/div>\n\n\n\n<div class=\"wp-block-media-text is-stacked-on-mobile\" style=\"grid-template-columns:41% auto\"><figure class=\"wp-block-media-text__media\"><img loading=\"lazy\" decoding=\"async\" width=\"1023\" height=\"1030\" src=\"https:\/\/www.wisbyhotelgroup.se\/wp-content\/uploads\/2024\/09\/IMG_3957-1023x1030.jpeg\" alt=\"\" class=\"wp-image-991 size-full\" srcset=\"https:\/\/www.wisbyhotelgroup.se\/wp-content\/uploads\/2024\/09\/IMG_3957-1023x1030.jpeg 1023w, https:\/\/www.wisbyhotelgroup.se\/wp-content\/uploads\/2024\/09\/IMG_3957-298x300.jpeg 298w, https:\/\/www.wisbyhotelgroup.se\/wp-content\/uploads\/2024\/09\/IMG_3957-80x80.jpeg 80w, https:\/\/www.wisbyhotelgroup.se\/wp-content\/uploads\/2024\/09\/IMG_3957-768x773.jpeg 768w, https:\/\/www.wisbyhotelgroup.se\/wp-content\/uploads\/2024\/09\/IMG_3957.jpeg 1125w\" sizes=\"auto, (max-width: 1023px) 100vw, 1023px\" \/><\/figure><div class=\"wp-block-media-text__content\">\n<h2 class=\"wp-block-heading\">Dinner safari with Wisby Hotel Group<\/h2>\n\n\n\n<p class=\"wp-block-paragraph\">Bring your colleagues or friends and experience a food journey through the streets of Visby. Take part in 3 different restaurants during one evening and enjoy a seasonally composed menu where the food and drinks are well selected to lift each other and create something beyond the usual dinner reservation. Price: 695:-\/person, minimum 10 people. Book by sending an email to bokning@wisbyhotelgroup.se<\/p>\n\n\n\n<div class=\"wp-block-buttons is-layout-flex wp-block-buttons-is-layout-flex\">\n<div class=\"wp-block-button\"><a class=\"wp-block-button__link wp-element-button\" href=\"https:\/\/www.wisbyhotelgroup.se\/wp-content\/uploads\/2024\/08\/Dinnersafari-2024.pdf\">Read more \u2192<\/a><\/div>\n<\/div>\n<\/div><\/div>\n\n\n\n<div class=\"wp-block-media-text is-stacked-on-mobile\" style=\"grid-template-columns:41% auto\"><figure class=\"wp-block-media-text__media\"><img loading=\"lazy\" decoding=\"async\" width=\"1125\" height=\"1686\" src=\"https:\/\/www.wisbyhotelgroup.se\/wp-content\/uploads\/2024\/08\/IMG_2836.jpeg\" alt=\"\" class=\"wp-image-558 size-full\" srcset=\"https:\/\/www.wisbyhotelgroup.se\/wp-content\/uploads\/2024\/08\/IMG_2836.jpeg 1125w, https:\/\/www.wisbyhotelgroup.se\/wp-content\/uploads\/2024\/08\/IMG_2836-200x300.jpeg 200w, https:\/\/www.wisbyhotelgroup.se\/wp-content\/uploads\/2024\/08\/IMG_2836-687x1030.jpeg 687w, https:\/\/www.wisbyhotelgroup.se\/wp-content\/uploads\/2024\/08\/IMG_2836-768x1151.jpeg 768w, https:\/\/www.wisbyhotelgroup.se\/wp-content\/uploads\/2024\/08\/IMG_2836-1025x1536.jpeg 1025w\" sizes=\"auto, (max-width: 1125px) 100vw, 1125px\" \/><\/figure><div class=\"wp-block-media-text__content\">\n<h2 class=\"wp-block-heading\">End the evening at a hotel? <\/h2>\n\n\n\n<p class=\"wp-block-paragraph\">Stay overnight at one of our cozy hotels in the city center for a perfect evening. Wake up refreshed and start the day with a hotel breakfast. Doesn't that sound wonderful? <\/p>\n\n\n\n<p class=\"wp-block-paragraph\">The price is for 2 people and includes buffet breakfast.<br>Erbjudandet g\u00e4ller i m\u00e5n av plats p\u00e5 n\u00e5got av&nbsp;v\u00e5ra hotell under perioden 31 augusti \u2013 15 juni.<\/p>\n\n\n\n<p class=\"wp-block-paragraph\">Booking request:&nbsp;<a href=\"mailto:bokning@wisbyhotelgroup.se\">info@donnershotell.se<\/a><br>Please state: EVENT in the subject line.<\/p>\n\n\n\n<div class=\"wp-block-buttons is-layout-flex wp-block-buttons-is-layout-flex\">\n<div class=\"wp-block-button\"><a class=\"wp-block-button__link wp-element-button\" href=\"https:\/\/www.wisbyhotelgroup.se\/en\/hotell\/\">See our hotels  \u2192<\/a><\/div>\n<\/div>\n<\/div><\/div>","protected":false},"excerpt":{"rendered":"","protected":false},"author":5,"featured_media":0,"parent":0,"menu_order":0,"comment_status":"closed","ping_status":"closed","template":"","meta":{"_crdt_document":"","footnotes":""},"class_list":["post-927","page","type-page","status-publish","hentry"],"yoast_head":"<!-- This site is optimized with the Yoast SEO plugin v27.3 - https:\/\/yoast.com\/product\/yoast-seo-wordpress\/ -->\n<title>Evenemang hos oss -<\/title>\n<meta name=\"description\" content=\"Det kryllar av konserter och evenemang p\u00e5 Visby B\u00f6rs, Donners Event och Joda! S\u00e4kra dina biljetter s\u00e5 ses vi i Visby innerstad!\" \/>\n<meta name=\"robots\" content=\"index, follow, max-snippet:-1, max-image-preview:large, max-video-preview:-1\" \/>\n<link rel=\"canonical\" href=\"https:\/\/www.wisbyhotelgroup.se\/en\/evenemang\/\" \/>\n<meta property=\"og:locale\" content=\"en_US\" \/>\n<meta property=\"og:type\" content=\"article\" \/>\n<meta property=\"og:title\" content=\"Evenemang hos oss -\" \/>\n<meta property=\"og:description\" content=\"Det kryllar av konserter och evenemang p\u00e5 Visby B\u00f6rs, Donners Event och Joda! S\u00e4kra dina biljetter s\u00e5 ses vi i Visby innerstad!\" \/>\n<meta property=\"og:url\" content=\"https:\/\/www.wisbyhotelgroup.se\/en\/evenemang\/\" \/>\n<meta property=\"article:modified_time\" content=\"2025-11-27T21:03:51+00:00\" \/>\n<meta property=\"og:image\" content=\"https:\/\/www.wisbyhotelgroup.se\/wp-content\/uploads\/2025\/11\/JULKONFETTI-4.5-Instagram.png\" \/>\n\t<meta property=\"og:image:width\" content=\"1080\" \/>\n\t<meta property=\"og:image:height\" content=\"1350\" \/>\n\t<meta property=\"og:image:type\" content=\"image\/png\" \/>\n<meta name=\"twitter:card\" content=\"summary_large_image\" \/>\n<meta name=\"twitter:label1\" content=\"Est. reading time\" \/>\n\t<meta name=\"twitter:data1\" content=\"2 minutes\" \/>\n<script type=\"application\/ld+json\" class=\"yoast-schema-graph\">{\"@context\":\"https:\\\/\\\/schema.org\",\"@graph\":[{\"@type\":\"WebPage\",\"@id\":\"https:\\\/\\\/www.wisbyhotelgroup.se\\\/evenemang\\\/\",\"url\":\"https:\\\/\\\/www.wisbyhotelgroup.se\\\/evenemang\\\/\",\"name\":\"Evenemang hos oss -\",\"isPartOf\":{\"@id\":\"https:\\\/\\\/www.wisbyhotelgroup.se\\\/#website\"},\"primaryImageOfPage\":{\"@id\":\"https:\\\/\\\/www.wisbyhotelgroup.se\\\/evenemang\\\/#primaryimage\"},\"image\":{\"@id\":\"https:\\\/\\\/www.wisbyhotelgroup.se\\\/evenemang\\\/#primaryimage\"},\"thumbnailUrl\":\"https:\\\/\\\/www.wisbyhotelgroup.se\\\/wp-content\\\/uploads\\\/2025\\\/11\\\/JULKONFETTI-4.5-Instagram-824x1030.png\",\"datePublished\":\"2024-08-30T10:07:30+00:00\",\"dateModified\":\"2025-11-27T21:03:51+00:00\",\"description\":\"Det kryllar av konserter och evenemang p\u00e5 Visby B\u00f6rs, Donners Event och Joda! S\u00e4kra dina biljetter s\u00e5 ses vi i Visby innerstad!\",\"breadcrumb\":{\"@id\":\"https:\\\/\\\/www.wisbyhotelgroup.se\\\/evenemang\\\/#breadcrumb\"},\"inLanguage\":\"en-US\",\"potentialAction\":[{\"@type\":\"ReadAction\",\"target\":[\"https:\\\/\\\/www.wisbyhotelgroup.se\\\/evenemang\\\/\"]}]},{\"@type\":\"ImageObject\",\"inLanguage\":\"en-US\",\"@id\":\"https:\\\/\\\/www.wisbyhotelgroup.se\\\/evenemang\\\/#primaryimage\",\"url\":\"https:\\\/\\\/www.wisbyhotelgroup.se\\\/wp-content\\\/uploads\\\/2025\\\/11\\\/JULKONFETTI-4.5-Instagram-824x1030.png\",\"contentUrl\":\"https:\\\/\\\/www.wisbyhotelgroup.se\\\/wp-content\\\/uploads\\\/2025\\\/11\\\/JULKONFETTI-4.5-Instagram-824x1030.png\"},{\"@type\":\"BreadcrumbList\",\"@id\":\"https:\\\/\\\/www.wisbyhotelgroup.se\\\/evenemang\\\/#breadcrumb\",\"itemListElement\":[{\"@type\":\"ListItem\",\"position\":1,\"name\":\"Hem\",\"item\":\"https:\\\/\\\/www.wisbyhotelgroup.se\\\/\"},{\"@type\":\"ListItem\",\"position\":2,\"name\":\"Evenemang hos oss\"}]},{\"@type\":\"WebSite\",\"@id\":\"https:\\\/\\\/www.wisbyhotelgroup.se\\\/#website\",\"url\":\"https:\\\/\\\/www.wisbyhotelgroup.se\\\/\",\"name\":\"Wisby Hotel Group\",\"description\":\"Aff\u00e4rsresor och privata upplevelser i v\u00e4rldsklass\",\"publisher\":{\"@id\":\"https:\\\/\\\/www.wisbyhotelgroup.se\\\/#organization\"},\"potentialAction\":[{\"@type\":\"SearchAction\",\"target\":{\"@type\":\"EntryPoint\",\"urlTemplate\":\"https:\\\/\\\/www.wisbyhotelgroup.se\\\/?s={search_term_string}\"},\"query-input\":{\"@type\":\"PropertyValueSpecification\",\"valueRequired\":true,\"valueName\":\"search_term_string\"}}],\"inLanguage\":\"en-US\"},{\"@type\":\"Organization\",\"@id\":\"https:\\\/\\\/www.wisbyhotelgroup.se\\\/#organization\",\"name\":\"Wisby Hotel Group\",\"url\":\"https:\\\/\\\/www.wisbyhotelgroup.se\\\/\",\"logo\":{\"@type\":\"ImageObject\",\"inLanguage\":\"en-US\",\"@id\":\"https:\\\/\\\/www.wisbyhotelgroup.se\\\/#\\\/schema\\\/logo\\\/image\\\/\",\"url\":\"https:\\\/\\\/www.wisbyhotelgroup.se\\\/wp-content\\\/uploads\\\/2025\\\/03\\\/Logotyp-Wisby-Hotel-Group.png\",\"contentUrl\":\"https:\\\/\\\/www.wisbyhotelgroup.se\\\/wp-content\\\/uploads\\\/2025\\\/03\\\/Logotyp-Wisby-Hotel-Group.png\",\"width\":276,\"height\":182,\"caption\":\"Wisby Hotel Group\"},\"image\":{\"@id\":\"https:\\\/\\\/www.wisbyhotelgroup.se\\\/#\\\/schema\\\/logo\\\/image\\\/\"},\"sameAs\":[\"https:\\\/\\\/www.tiktok.com\\\/discover\\\/wisby-hotel-group\"]}]}<\/script>\n<!-- \/ Yoast SEO plugin. -->","yoast_head_json":{"title":"Evenemang hos oss -","description":"Det kryllar av konserter och evenemang p\u00e5 Visby B\u00f6rs, Donners Event och Joda! S\u00e4kra dina biljetter s\u00e5 ses vi i Visby innerstad!","robots":{"index":"index","follow":"follow","max-snippet":"max-snippet:-1","max-image-preview":"max-image-preview:large","max-video-preview":"max-video-preview:-1"},"canonical":"https:\/\/www.wisbyhotelgroup.se\/en\/evenemang\/","og_locale":"en_US","og_type":"article","og_title":"Evenemang hos oss -","og_description":"Det kryllar av konserter och evenemang p\u00e5 Visby B\u00f6rs, Donners Event och Joda! S\u00e4kra dina biljetter s\u00e5 ses vi i Visby innerstad!","og_url":"https:\/\/www.wisbyhotelgroup.se\/en\/evenemang\/","article_modified_time":"2025-11-27T21:03:51+00:00","og_image":[{"width":1080,"height":1350,"url":"https:\/\/www.wisbyhotelgroup.se\/wp-content\/uploads\/2025\/11\/JULKONFETTI-4.5-Instagram.png","type":"image\/png"}],"twitter_card":"summary_large_image","twitter_misc":{"Est. reading time":"2 minutes"},"schema":{"@context":"https:\/\/schema.org","@graph":[{"@type":"WebPage","@id":"https:\/\/www.wisbyhotelgroup.se\/evenemang\/","url":"https:\/\/www.wisbyhotelgroup.se\/evenemang\/","name":"Evenemang hos oss -","isPartOf":{"@id":"https:\/\/www.wisbyhotelgroup.se\/#website"},"primaryImageOfPage":{"@id":"https:\/\/www.wisbyhotelgroup.se\/evenemang\/#primaryimage"},"image":{"@id":"https:\/\/www.wisbyhotelgroup.se\/evenemang\/#primaryimage"},"thumbnailUrl":"https:\/\/www.wisbyhotelgroup.se\/wp-content\/uploads\/2025\/11\/JULKONFETTI-4.5-Instagram-824x1030.png","datePublished":"2024-08-30T10:07:30+00:00","dateModified":"2025-11-27T21:03:51+00:00","description":"Det kryllar av konserter och evenemang p\u00e5 Visby B\u00f6rs, Donners Event och Joda! S\u00e4kra dina biljetter s\u00e5 ses vi i Visby innerstad!","breadcrumb":{"@id":"https:\/\/www.wisbyhotelgroup.se\/evenemang\/#breadcrumb"},"inLanguage":"en-US","potentialAction":[{"@type":"ReadAction","target":["https:\/\/www.wisbyhotelgroup.se\/evenemang\/"]}]},{"@type":"ImageObject","inLanguage":"en-US","@id":"https:\/\/www.wisbyhotelgroup.se\/evenemang\/#primaryimage","url":"https:\/\/www.wisbyhotelgroup.se\/wp-content\/uploads\/2025\/11\/JULKONFETTI-4.5-Instagram-824x1030.png","contentUrl":"https:\/\/www.wisbyhotelgroup.se\/wp-content\/uploads\/2025\/11\/JULKONFETTI-4.5-Instagram-824x1030.png"},{"@type":"BreadcrumbList","@id":"https:\/\/www.wisbyhotelgroup.se\/evenemang\/#breadcrumb","itemListElement":[{"@type":"ListItem","position":1,"name":"Hem","item":"https:\/\/www.wisbyhotelgroup.se\/"},{"@type":"ListItem","position":2,"name":"Evenemang hos oss"}]},{"@type":"WebSite","@id":"https:\/\/www.wisbyhotelgroup.se\/#website","url":"https:\/\/www.wisbyhotelgroup.se\/","name":"Wisby Hotel Group","description":"Aff\u00e4rsresor och privata upplevelser i v\u00e4rldsklass","publisher":{"@id":"https:\/\/www.wisbyhotelgroup.se\/#organization"},"potentialAction":[{"@type":"SearchAction","target":{"@type":"EntryPoint","urlTemplate":"https:\/\/www.wisbyhotelgroup.se\/?s={search_term_string}"},"query-input":{"@type":"PropertyValueSpecification","valueRequired":true,"valueName":"search_term_string"}}],"inLanguage":"en-US"},{"@type":"Organization","@id":"https:\/\/www.wisbyhotelgroup.se\/#organization","name":"Wisby Hotel Group","url":"https:\/\/www.wisbyhotelgroup.se\/","logo":{"@type":"ImageObject","inLanguage":"en-US","@id":"https:\/\/www.wisbyhotelgroup.se\/#\/schema\/logo\/image\/","url":"https:\/\/www.wisbyhotelgroup.se\/wp-content\/uploads\/2025\/03\/Logotyp-Wisby-Hotel-Group.png","contentUrl":"https:\/\/www.wisbyhotelgroup.se\/wp-content\/uploads\/2025\/03\/Logotyp-Wisby-Hotel-Group.png","width":276,"height":182,"caption":"Wisby Hotel Group"},"image":{"@id":"https:\/\/www.wisbyhotelgroup.se\/#\/schema\/logo\/image\/"},"sameAs":["https:\/\/www.tiktok.com\/discover\/wisby-hotel-group"]}]}},"jetpack_sharing_enabled":true,"_links":{"self":[{"href":"https:\/\/www.wisbyhotelgroup.se\/en\/wp-json\/wp\/v2\/pages\/927","targetHints":{"allow":["GET"]}}],"collection":[{"href":"https:\/\/www.wisbyhotelgroup.se\/en\/wp-json\/wp\/v2\/pages"}],"about":[{"href":"https:\/\/www.wisbyhotelgroup.se\/en\/wp-json\/wp\/v2\/types\/page"}],"author":[{"embeddable":true,"href":"https:\/\/www.wisbyhotelgroup.se\/en\/wp-json\/wp\/v2\/users\/5"}],"replies":[{"embeddable":true,"href":"https:\/\/www.wisbyhotelgroup.se\/en\/wp-json\/wp\/v2\/comments?post=927"}],"version-history":[{"count":126,"href":"https:\/\/www.wisbyhotelgroup.se\/en\/wp-json\/wp\/v2\/pages\/927\/revisions"}],"predecessor-version":[{"id":3448,"href":"https:\/\/www.wisbyhotelgroup.se\/en\/wp-json\/wp\/v2\/pages\/927\/revisions\/3448"}],"wp:attachment":[{"href":"https:\/\/www.wisbyhotelgroup.se\/en\/wp-json\/wp\/v2\/media?parent=927"}],"curies":[{"name":"wp","href":"https:\/\/api.w.org\/{rel}","templated":true}]}}